{"id":754,"date":"2021-08-09T03:32:33","date_gmt":"2021-08-09T03:32:33","guid":{"rendered":"https:\/\/rodrigosiqueirabatista.com\/?page_id=754"},"modified":"2023-08-15T04:04:58","modified_gmt":"2023-08-15T04:04:58","slug":"solidao-poesia","status":"publish","type":"page","link":"https:\/\/rodrigosiqueirabatista.com\/en\/solidao-poesia\/","title":{"rendered":"Solid\u00e3o (poesia)"},"content":{"rendered":"<div data-elementor-type=\"wp-page\" data-elementor-id=\"754\" class=\"elementor elementor-754\" data-elementor-post-type=\"page\">\n\t\t\t\t\t\t<section class=\"elementor-section elementor-top-section elementor-element elementor-element-1a81623 elementor-section-boxed elementor-section-height-default elementor-section-height-default\" data-id=\"1a81623\" data-element_type=\"section\">\n\t\t\t\t\t\t<div class=\"elementor-container elementor-column-gap-default\">\n\t\t\t\t\t<div class=\"elementor-column elementor-col-50 elementor-top-column elementor-element elementor-element-ab022c9\" data-id=\"ab022c9\" data-element_type=\"column\">\n\t\t\t<div class=\"elementor-widget-wrap elementor-element-populated\">\n\t\t\t\t\t\t<div class=\"elementor-element elementor-element-d40cd2c elementor-widget elementor-widget-image\" data-id=\"d40cd2c\" data-element_type=\"widget\" data-widget_type=\"image.default\">\n\t\t\t\t<div class=\"elementor-widget-container\">\n\t\t\t\t\t\t\t\t\t\t\t\t\t\t\t<img decoding=\"async\" src=\"https:\/\/rodrigosiqueirabatista.com\/wp-content\/uploads\/2021\/08\/Solidao.jpg\" title=\"Solidao\" alt=\"Solidao\" loading=\"lazy\" \/>\t\t\t\t\t\t\t\t\t\t\t\t\t\t\t<\/div>\n\t\t\t\t<\/div>\n\t\t\t\t\t<\/div>\n\t\t<\/div>\n\t\t\t\t<div class=\"elementor-column elementor-col-50 elementor-top-column elementor-element elementor-element-6657fa8\" data-id=\"6657fa8\" data-element_type=\"column\">\n\t\t\t<div class=\"elementor-widget-wrap elementor-element-populated\">\n\t\t\t\t\t\t<div class=\"elementor-element elementor-element-e193591 elementor-widget elementor-widget-heading\" data-id=\"e193591\" data-element_type=\"widget\" data-widget_type=\"heading.default\">\n\t\t\t\t<div class=\"elementor-widget-container\">\n\t\t\t\t\t<h2 class=\"elementor-heading-title elementor-size-default\">Solid\u00e3o (poesia)<\/h2>\t\t\t\t<\/div>\n\t\t\t\t<\/div>\n\t\t\t\t<div class=\"elementor-element elementor-element-9a66023 elementor-widget-divider--view-line elementor-widget elementor-widget-divider\" data-id=\"9a66023\" data-element_type=\"widget\" data-widget_type=\"divider.default\">\n\t\t\t\t<div class=\"elementor-widget-container\">\n\t\t\t\t\t\t\t<div class=\"elementor-divider\">\n\t\t\t<span class=\"elementor-divider-separator\">\n\t\t\t\t\t\t<\/span>\n\t\t<\/div>\n\t\t\t\t\t\t<\/div>\n\t\t\t\t<\/div>\n\t\t\t\t<div class=\"elementor-element elementor-element-b817e98 elementor-widget elementor-widget-text-editor\" data-id=\"b817e98\" data-element_type=\"widget\" data-widget_type=\"text-editor.default\">\n\t\t\t\t<div class=\"elementor-widget-container\">\n\t\t\t\t\t\t\t\t\t<p>SIQUEIRA-BATISTA, R. Solid\u00e3o (poesia) &#8211; 2.\u00aa edi\u00e7\u00e3o (1999 &#8211; Editora Casa do Novo Autor); 1.\u00aa edi\u00e7\u00e3o (1994 &#8211; Produ\u00e7\u00e3o Independente). 2.\u00aa ed. S\u00e3o Paulo: Casa do Novo Autor, 1999.<\/p>\t\t\t\t\t\t\t\t<\/div>\n\t\t\t\t<\/div>\n\t\t\t\t<div class=\"elementor-element elementor-element-224f400 elementor-widget elementor-widget-button\" data-id=\"224f400\" data-element_type=\"widget\" data-widget_type=\"button.default\">\n\t\t\t\t<div class=\"elementor-widget-container\">\n\t\t\t\t\t\t\t\t\t<div class=\"elementor-button-wrapper\">\n\t\t\t\t\t<a class=\"elementor-button elementor-button-link elementor-size-xs elementor-animation-shrink\" href=\"https:\/\/portal.fiocruz.br\/livro\/bioetica-para-profissionais-da-saude\">\n\t\t\t\t\t\t<span class=\"elementor-button-content-wrapper\">\n\t\t\t\t\t\t\t\t\t<span class=\"elementor-button-text\">Encontre aqui<\/span>\n\t\t\t\t\t<\/span>\n\t\t\t\t\t<\/a>\n\t\t\t\t<\/div>\n\t\t\t\t\t\t\t\t<\/div>\n\t\t\t\t<\/div>\n\t\t\t\t<div class=\"elementor-element elementor-element-4fca11a elementor-widget elementor-widget-text-editor\" data-id=\"4fca11a\" data-element_type=\"widget\" data-widget_type=\"text-editor.default\">\n\t\t\t\t<div class=\"elementor-widget-container\">\n\t\t\t\t\t\t\t\t\t<p>\u201cSolid\u00e3o assemelha-se \u00e0 tentativa de buscar, nos escombros da mem\u00f3ria, peda\u00e7o a peda\u00e7o, os fragmentos que restam de um pacto h\u00e1 muito feito com os deuses. O poder de criar. A inoc\u00eancia. Os olhos que come\u00e7am a enxergar o mundo como uma experi\u00eancia espetacular\u201d.<\/p>\t\t\t\t\t\t\t\t<\/div>\n\t\t\t\t<\/div>\n\t\t\t\t<div class=\"elementor-element elementor-element-5833b46 elementor-widget elementor-widget-text-editor\" data-id=\"5833b46\" data-element_type=\"widget\" data-widget_type=\"text-editor.default\">\n\t\t\t\t<div class=\"elementor-widget-container\">\n\t\t\t\t\t\t\t\t\t<p>(Extra\u00eddo da Quarta capa do livro)<\/p>\t\t\t\t\t\t\t\t<\/div>\n\t\t\t\t<\/div>\n\t\t\t\t\t<\/div>\n\t\t<\/div>\n\t\t\t\t\t<\/div>\n\t\t<\/section>\n\t\t\t\t<\/div>","protected":false},"excerpt":{"rendered":"<p>Solid\u00e3o (poesia) SIQUEIRA-BATISTA, R. Solid\u00e3o (poesia) &#8211; 2.\u00aa edi\u00e7\u00e3o (1999 &#8211; Editora Casa do Novo Autor); 1.\u00aa edi\u00e7\u00e3o (1994 &#8211; Produ\u00e7\u00e3o Independente). 2.\u00aa ed. S\u00e3o Paulo: Casa do Novo Autor, 1999. Encontre aqui \u201cSolid\u00e3o assemelha-se \u00e0 tentativa de buscar, nos escombros da mem\u00f3ria, peda\u00e7o a peda\u00e7o, os fragmentos que restam de um pacto h\u00e1 muito&hellip; <a class=\"more-link\" href=\"https:\/\/rodrigosiqueirabatista.com\/en\/solidao-poesia\/\">Continue reading <span class=\"screen-reader-text\">Solid\u00e3o (poesia)<\/span><\/a><\/p>","protected":false},"author":1,"featured_media":0,"parent":0,"menu_order":0,"comment_status":"closed","ping_status":"closed","template":"elementor_canvas","meta":{"footnotes":""},"class_list":["post-754","page","type-page","status-publish","hentry","entry"],"_links":{"self":[{"href":"https:\/\/rodrigosiqueirabatista.com\/en\/wp-json\/wp\/v2\/pages\/754","targetHints":{"allow":["GET"]}}],"collection":[{"href":"https:\/\/rodrigosiqueirabatista.com\/en\/wp-json\/wp\/v2\/pages"}],"about":[{"href":"https:\/\/rodrigosiqueirabatista.com\/en\/wp-json\/wp\/v2\/types\/page"}],"author":[{"embeddable":true,"href":"https:\/\/rodrigosiqueirabatista.com\/en\/wp-json\/wp\/v2\/users\/1"}],"replies":[{"embeddable":true,"href":"https:\/\/rodrigosiqueirabatista.com\/en\/wp-json\/wp\/v2\/comments?post=754"}],"version-history":[{"count":10,"href":"https:\/\/rodrigosiqueirabatista.com\/en\/wp-json\/wp\/v2\/pages\/754\/revisions"}],"predecessor-version":[{"id":2265,"href":"https:\/\/rodrigosiqueirabatista.com\/en\/wp-json\/wp\/v2\/pages\/754\/revisions\/2265"}],"wp:attachment":[{"href":"https:\/\/rodrigosiqueirabatista.com\/en\/wp-json\/wp\/v2\/media?parent=754"}],"curies":[{"name":"wp","href":"https:\/\/api.w.org\/{rel}","templated":true}]}}