{"id":731,"date":"2021-08-09T03:08:44","date_gmt":"2021-08-09T03:08:44","guid":{"rendered":"https:\/\/rodrigosiqueirabatista.com\/?page_id=731"},"modified":"2022-02-19T19:29:28","modified_gmt":"2022-02-19T19:29:28","slug":"noite-sonetos-rebeldes-poesia","status":"publish","type":"page","link":"https:\/\/rodrigosiqueirabatista.com\/en\/noite-sonetos-rebeldes-poesia\/","title":{"rendered":"Noite \/ Sonetos rebeldes (poesia)"},"content":{"rendered":"<div data-elementor-type=\"wp-page\" data-elementor-id=\"731\" class=\"elementor elementor-731\" data-elementor-post-type=\"page\">\n\t\t\t\t\t\t<section class=\"elementor-section elementor-top-section elementor-element elementor-element-11c699a elementor-section-boxed elementor-section-height-default elementor-section-height-default\" data-id=\"11c699a\" data-element_type=\"section\">\n\t\t\t\t\t\t<div class=\"elementor-container elementor-column-gap-default\">\n\t\t\t\t\t<div class=\"elementor-column elementor-col-33 elementor-top-column elementor-element elementor-element-578e11e\" data-id=\"578e11e\" data-element_type=\"column\">\n\t\t\t<div class=\"elementor-widget-wrap elementor-element-populated\">\n\t\t\t\t\t\t<div class=\"elementor-element elementor-element-85abba4 elementor-widget elementor-widget-image\" data-id=\"85abba4\" data-element_type=\"widget\" data-widget_type=\"image.default\">\n\t\t\t\t<div class=\"elementor-widget-container\">\n\t\t\t\t\t\t\t\t\t\t\t\t\t\t\t<img decoding=\"async\" src=\"https:\/\/rodrigosiqueirabatista.com\/wp-content\/uploads\/2021\/08\/IMG_5280.jpeg\" title=\"IMG_5280\" alt=\"IMG_5280\" loading=\"lazy\" \/>\t\t\t\t\t\t\t\t\t\t\t\t\t\t\t<\/div>\n\t\t\t\t<\/div>\n\t\t\t\t\t<\/div>\n\t\t<\/div>\n\t\t\t\t<div class=\"elementor-column elementor-col-33 elementor-top-column elementor-element elementor-element-e4f1397\" data-id=\"e4f1397\" data-element_type=\"column\">\n\t\t\t<div class=\"elementor-widget-wrap elementor-element-populated\">\n\t\t\t\t\t\t<div class=\"elementor-element elementor-element-0516ec8 elementor-widget elementor-widget-image\" data-id=\"0516ec8\" data-element_type=\"widget\" data-widget_type=\"image.default\">\n\t\t\t\t<div class=\"elementor-widget-container\">\n\t\t\t\t\t\t\t\t\t\t\t\t\t\t\t<img decoding=\"async\" src=\"https:\/\/rodrigosiqueirabatista.com\/wp-content\/uploads\/2021\/08\/Noite.jpg\" title=\"Noite\" alt=\"Noite\" loading=\"lazy\" \/>\t\t\t\t\t\t\t\t\t\t\t\t\t\t\t<\/div>\n\t\t\t\t<\/div>\n\t\t\t\t\t<\/div>\n\t\t<\/div>\n\t\t\t\t<div class=\"elementor-column elementor-col-33 elementor-top-column elementor-element elementor-element-59e3b7b\" data-id=\"59e3b7b\" data-element_type=\"column\">\n\t\t\t<div class=\"elementor-widget-wrap elementor-element-populated\">\n\t\t\t\t\t\t<div class=\"elementor-element elementor-element-cd4baba elementor-widget elementor-widget-heading\" data-id=\"cd4baba\" data-element_type=\"widget\" data-widget_type=\"heading.default\">\n\t\t\t\t<div class=\"elementor-widget-container\">\n\t\t\t\t\t<h2 class=\"elementor-heading-title elementor-size-default\">Noite \/ Sonetos rebeldes (poesia)<\/h2>\t\t\t\t<\/div>\n\t\t\t\t<\/div>\n\t\t\t\t<div class=\"elementor-element elementor-element-0f09493 elementor-widget-divider--view-line elementor-widget elementor-widget-divider\" data-id=\"0f09493\" data-element_type=\"widget\" data-widget_type=\"divider.default\">\n\t\t\t\t<div class=\"elementor-widget-container\">\n\t\t\t\t\t\t\t<div class=\"elementor-divider\">\n\t\t\t<span class=\"elementor-divider-separator\">\n\t\t\t\t\t\t<\/span>\n\t\t<\/div>\n\t\t\t\t\t\t<\/div>\n\t\t\t\t<\/div>\n\t\t\t\t<div class=\"elementor-element elementor-element-f22c626 elementor-widget elementor-widget-text-editor\" data-id=\"f22c626\" data-element_type=\"widget\" data-widget_type=\"text-editor.default\">\n\t\t\t\t<div class=\"elementor-widget-container\">\n\t\t\t\t\t\t\t\t\t<p>SIQUEIRA-BATISTA, R. Noite \/ Sonetos rebeldes (poesia). 1\u00aa edi\u00e7\u00e3o. Rio de Janeiro: Kro Art Editores, 1997.<\/p>\t\t\t\t\t\t\t\t<\/div>\n\t\t\t\t<\/div>\n\t\t\t\t<div class=\"elementor-element elementor-element-5acd994 elementor-widget elementor-widget-button\" data-id=\"5acd994\" data-element_type=\"widget\" data-widget_type=\"button.default\">\n\t\t\t\t<div class=\"elementor-widget-container\">\n\t\t\t\t\t\t\t\t\t<div class=\"elementor-button-wrapper\">\n\t\t\t\t\t<a class=\"elementor-button elementor-button-link elementor-size-xs elementor-animation-shrink\" href=\"https:\/\/portal.fiocruz.br\/livro\/bioetica-para-profissionais-da-saude\">\n\t\t\t\t\t\t<span class=\"elementor-button-content-wrapper\">\n\t\t\t\t\t\t\t\t\t<span class=\"elementor-button-text\">Encontre aqui<\/span>\n\t\t\t\t\t<\/span>\n\t\t\t\t\t<\/a>\n\t\t\t\t<\/div>\n\t\t\t\t\t\t\t\t<\/div>\n\t\t\t\t<\/div>\n\t\t\t\t<div class=\"elementor-element elementor-element-024e635 elementor-widget elementor-widget-text-editor\" data-id=\"024e635\" data-element_type=\"widget\" data-widget_type=\"text-editor.default\">\n\t\t\t\t<div class=\"elementor-widget-container\">\n\t\t\t\t\t\t\t\t\t<p>\u201cEm Noite, s\u00e3o apresentadas diferentes viv\u00eancias po\u00e9ticas, estando sempre a noite \u2013 ou correlato \u2013 como \u2018pano de fundo\u2019. O tom pessoal e o apelo emotivo dos textos tornam o livro um canal para os mais profundos sentimentos do autor\u201d.<br \/>&#8220;Sonetos rebeldes possui tem\u00e1tica essencialmente distinta. As poesias s\u00e3o cr\u00edticas vibrantes a diferentes aspectos da nossa sociedade (&#8230;) O apelo a uma linguagem r\u00edspida e combativa traz em si a revolta e a repulsa por um estado de coisas esp\u00fario, em franca degrada\u00e7\u00e3o\u201d.<\/p>\t\t\t\t\t\t\t\t<\/div>\n\t\t\t\t<\/div>\n\t\t\t\t<div class=\"elementor-element elementor-element-6bd78c6 elementor-widget elementor-widget-text-editor\" data-id=\"6bd78c6\" data-element_type=\"widget\" data-widget_type=\"text-editor.default\">\n\t\t\t\t<div class=\"elementor-widget-container\">\n\t\t\t\t\t\t\t\t\t<p>(Adaptado da Orelha do livro)<\/p>\t\t\t\t\t\t\t\t<\/div>\n\t\t\t\t<\/div>\n\t\t\t\t\t<\/div>\n\t\t<\/div>\n\t\t\t\t\t<\/div>\n\t\t<\/section>\n\t\t\t\t<\/div>","protected":false},"excerpt":{"rendered":"<p>Noite \/ Sonetos rebeldes (poesia) SIQUEIRA-BATISTA, R. Noite \/ Sonetos rebeldes (poesia). 1\u00aa edi\u00e7\u00e3o. Rio de Janeiro: Kro Art Editores, 1997. Encontre aqui \u201cEm Noite, s\u00e3o apresentadas diferentes viv\u00eancias po\u00e9ticas, estando sempre a noite \u2013 ou correlato \u2013 como \u2018pano de fundo\u2019. O tom pessoal e o apelo emotivo dos textos tornam o livro um&hellip; <a class=\"more-link\" href=\"https:\/\/rodrigosiqueirabatista.com\/en\/noite-sonetos-rebeldes-poesia\/\">Continue reading <span class=\"screen-reader-text\">Noite \/ Sonetos rebeldes (poesia)<\/span><\/a><\/p>","protected":false},"author":1,"featured_media":0,"parent":0,"menu_order":0,"comment_status":"closed","ping_status":"closed","template":"elementor_canvas","meta":{"footnotes":""},"class_list":["post-731","page","type-page","status-publish","hentry","entry"],"_links":{"self":[{"href":"https:\/\/rodrigosiqueirabatista.com\/en\/wp-json\/wp\/v2\/pages\/731","targetHints":{"allow":["GET"]}}],"collection":[{"href":"https:\/\/rodrigosiqueirabatista.com\/en\/wp-json\/wp\/v2\/pages"}],"about":[{"href":"https:\/\/rodrigosiqueirabatista.com\/en\/wp-json\/wp\/v2\/types\/page"}],"author":[{"embeddable":true,"href":"https:\/\/rodrigosiqueirabatista.com\/en\/wp-json\/wp\/v2\/users\/1"}],"replies":[{"embeddable":true,"href":"https:\/\/rodrigosiqueirabatista.com\/en\/wp-json\/wp\/v2\/comments?post=731"}],"version-history":[{"count":16,"href":"https:\/\/rodrigosiqueirabatista.com\/en\/wp-json\/wp\/v2\/pages\/731\/revisions"}],"predecessor-version":[{"id":1853,"href":"https:\/\/rodrigosiqueirabatista.com\/en\/wp-json\/wp\/v2\/pages\/731\/revisions\/1853"}],"wp:attachment":[{"href":"https:\/\/rodrigosiqueirabatista.com\/en\/wp-json\/wp\/v2\/media?parent=731"}],"curies":[{"name":"wp","href":"https:\/\/api.w.org\/{rel}","templated":true}]}}