{"id":431,"date":"2021-06-02T18:31:07","date_gmt":"2021-06-02T18:31:07","guid":{"rendered":"https:\/\/rodrigosiqueirabatista.com\/?page_id=431"},"modified":"2021-08-19T21:16:24","modified_gmt":"2021-08-19T21:16:24","slug":"molestia-de-chagas","status":"publish","type":"page","link":"https:\/\/rodrigosiqueirabatista.com\/en\/molestia-de-chagas\/","title":{"rendered":"Mol\u00e9stia de Chagas"},"content":{"rendered":"<div data-elementor-type=\"wp-page\" data-elementor-id=\"431\" class=\"elementor elementor-431\" data-elementor-post-type=\"page\">\n\t\t\t\t\t\t<section class=\"elementor-section elementor-top-section elementor-element elementor-element-f5d1262 elementor-section-boxed elementor-section-height-default elementor-section-height-default\" data-id=\"f5d1262\" data-element_type=\"section\">\n\t\t\t\t\t\t<div class=\"elementor-container elementor-column-gap-default\">\n\t\t\t\t\t<div class=\"elementor-column elementor-col-50 elementor-top-column elementor-element elementor-element-d1407a6\" data-id=\"d1407a6\" data-element_type=\"column\">\n\t\t\t<div class=\"elementor-widget-wrap elementor-element-populated\">\n\t\t\t\t\t\t<div class=\"elementor-element elementor-element-6fc8b89 elementor-widget elementor-widget-image\" data-id=\"6fc8b89\" data-element_type=\"widget\" data-widget_type=\"image.default\">\n\t\t\t\t<div class=\"elementor-widget-container\">\n\t\t\t\t\t\t\t\t\t\t\t\t\t\t\t<img decoding=\"async\" src=\"https:\/\/rodrigosiqueirabatista.com\/wp-content\/uploads\/2021\/08\/Chagas.jpg\" title=\"Chagas\" alt=\"Chagas\" loading=\"lazy\" \/>\t\t\t\t\t\t\t\t\t\t\t\t\t\t\t<\/div>\n\t\t\t\t<\/div>\n\t\t\t\t\t<\/div>\n\t\t<\/div>\n\t\t\t\t<div class=\"elementor-column elementor-col-50 elementor-top-column elementor-element elementor-element-bda863d\" data-id=\"bda863d\" data-element_type=\"column\">\n\t\t\t<div class=\"elementor-widget-wrap elementor-element-populated\">\n\t\t\t\t\t\t<div class=\"elementor-element elementor-element-1f60284 elementor-widget elementor-widget-heading\" data-id=\"1f60284\" data-element_type=\"widget\" data-widget_type=\"heading.default\">\n\t\t\t\t<div class=\"elementor-widget-container\">\n\t\t\t\t\t<h2 class=\"elementor-heading-title elementor-size-default\">Mol\u00e9stia de Chagas<\/h2>\t\t\t\t<\/div>\n\t\t\t\t<\/div>\n\t\t\t\t<div class=\"elementor-element elementor-element-5e7aa5f elementor-widget-divider--view-line elementor-widget elementor-widget-divider\" data-id=\"5e7aa5f\" data-element_type=\"widget\" data-widget_type=\"divider.default\">\n\t\t\t\t<div class=\"elementor-widget-container\">\n\t\t\t\t\t\t\t<div class=\"elementor-divider\">\n\t\t\t<span class=\"elementor-divider-separator\">\n\t\t\t\t\t\t<\/span>\n\t\t<\/div>\n\t\t\t\t\t\t<\/div>\n\t\t\t\t<\/div>\n\t\t\t\t<div class=\"elementor-element elementor-element-7b4dce7 elementor-widget elementor-widget-text-editor\" data-id=\"7b4dce7\" data-element_type=\"widget\" data-widget_type=\"text-editor.default\">\n\t\t\t\t<div class=\"elementor-widget-container\">\n\t\t\t\t\t\t\t\t\t<p>SIQUEIRA-BATISTA, R.; CORR\u00caA, A. D.; HUGGINS, D. W. Mol\u00e9stia de Chagas \u2013 2.\u00aa edi\u00e7\u00e3o (2007 \u2013 Editora Rubio; editores: SIQUEIRA-BATISTA, R.; GOMES, A. P.; CORR\u00caA, A. D.; GELLER, M.); 1.\u00aa edi\u00e7\u00e3o (1996 \u2013 Editora Cultura M\u00e9dica). Rio de Janeiro: Cultura M\u00e9dica, 1996.<\/p>\t\t\t\t\t\t\t\t<\/div>\n\t\t\t\t<\/div>\n\t\t\t\t<div class=\"elementor-element elementor-element-7e9cdeb elementor-widget elementor-widget-button\" data-id=\"7e9cdeb\" data-element_type=\"widget\" data-widget_type=\"button.default\">\n\t\t\t\t<div class=\"elementor-widget-container\">\n\t\t\t\t\t\t\t\t\t<div class=\"elementor-button-wrapper\">\n\t\t\t\t\t<a class=\"elementor-button elementor-button-link elementor-size-xs elementor-animation-shrink\" href=\"https:\/\/www.amazon.com.br\/Molestia-Rodrigo-Siqueira-batista-Anderson-Huggins\/dp\/8570061951\/ref=sr_1_10?__mk_pt_BR=%C3%85M%C3%85%C5%BD%C3%95%C3%91&#038;dchild=1&#038;keywords=%22Rodrigo+Siqueira+Batista%22&#038;qid=1619790834&#038;s=books&#038;sr=1-10\">\n\t\t\t\t\t\t<span class=\"elementor-button-content-wrapper\">\n\t\t\t\t\t\t\t\t\t<span class=\"elementor-button-text\">Encontre aqui<\/span>\n\t\t\t\t\t<\/span>\n\t\t\t\t\t<\/a>\n\t\t\t\t<\/div>\n\t\t\t\t\t\t\t\t<\/div>\n\t\t\t\t<\/div>\n\t\t\t\t<div class=\"elementor-element elementor-element-1bb9403 elementor-widget elementor-widget-text-editor\" data-id=\"1bb9403\" data-element_type=\"widget\" data-widget_type=\"text-editor.default\">\n\t\t\t\t<div class=\"elementor-widget-container\">\n\t\t\t\t\t\t\t\t\t<p>\u201cAcreditamos que o livro ser\u00e1 \u00fatil aos que se iniciam no estudo da doen\u00e7a de Chagas, como estudantes de medicina e de biologia, m\u00e9dicos generalistas, sobretudo os que trabalham em \u00e1reas rurais onde a doen\u00e7a de Chagas \u00e9 end\u00eamica, al\u00e9m de outras pessoas que se interessam pelos problemas da medicina brasileira. O livro cont\u00e9m amplas refer\u00eancias bibliogr\u00e1ficas para aqueles que desejarem se aprofundar um pouco mais nos conhecimentos\u201d.<\/p>\t\t\t\t\t\t\t\t<\/div>\n\t\t\t\t<\/div>\n\t\t\t\t<div class=\"elementor-element elementor-element-453bf64 elementor-widget elementor-widget-text-editor\" data-id=\"453bf64\" data-element_type=\"widget\" data-widget_type=\"text-editor.default\">\n\t\t\t\t<div class=\"elementor-widget-container\">\n\t\t\t\t\t\t\t\t\t<p>(Extra\u00eddo do Pref\u00e1cio do livro)<\/p>\t\t\t\t\t\t\t\t<\/div>\n\t\t\t\t<\/div>\n\t\t\t\t\t<\/div>\n\t\t<\/div>\n\t\t\t\t\t<\/div>\n\t\t<\/section>\n\t\t\t\t<\/div>","protected":false},"excerpt":{"rendered":"<p>Mol\u00e9stia de Chagas SIQUEIRA-BATISTA, R.; CORR\u00caA, A. D.; HUGGINS, D. W. Mol\u00e9stia de Chagas \u2013 2.\u00aa edi\u00e7\u00e3o (2007 \u2013 Editora Rubio; editores: SIQUEIRA-BATISTA, R.; GOMES, A. P.; CORR\u00caA, A. D.; GELLER, M.); 1.\u00aa edi\u00e7\u00e3o (1996 \u2013 Editora Cultura M\u00e9dica). Rio de Janeiro: Cultura M\u00e9dica, 1996. Encontre aqui \u201cAcreditamos que o livro ser\u00e1 \u00fatil aos que&hellip; <a class=\"more-link\" href=\"https:\/\/rodrigosiqueirabatista.com\/en\/molestia-de-chagas\/\">Continue reading <span class=\"screen-reader-text\">Mol\u00e9stia de Chagas<\/span><\/a><\/p>","protected":false},"author":1,"featured_media":0,"parent":0,"menu_order":0,"comment_status":"closed","ping_status":"closed","template":"elementor_canvas","meta":{"footnotes":""},"class_list":["post-431","page","type-page","status-publish","hentry","entry"],"_links":{"self":[{"href":"https:\/\/rodrigosiqueirabatista.com\/en\/wp-json\/wp\/v2\/pages\/431","targetHints":{"allow":["GET"]}}],"collection":[{"href":"https:\/\/rodrigosiqueirabatista.com\/en\/wp-json\/wp\/v2\/pages"}],"about":[{"href":"https:\/\/rodrigosiqueirabatista.com\/en\/wp-json\/wp\/v2\/types\/page"}],"author":[{"embeddable":true,"href":"https:\/\/rodrigosiqueirabatista.com\/en\/wp-json\/wp\/v2\/users\/1"}],"replies":[{"embeddable":true,"href":"https:\/\/rodrigosiqueirabatista.com\/en\/wp-json\/wp\/v2\/comments?post=431"}],"version-history":[{"count":13,"href":"https:\/\/rodrigosiqueirabatista.com\/en\/wp-json\/wp\/v2\/pages\/431\/revisions"}],"predecessor-version":[{"id":948,"href":"https:\/\/rodrigosiqueirabatista.com\/en\/wp-json\/wp\/v2\/pages\/431\/revisions\/948"}],"wp:attachment":[{"href":"https:\/\/rodrigosiqueirabatista.com\/en\/wp-json\/wp\/v2\/media?parent=431"}],"curies":[{"name":"wp","href":"https:\/\/api.w.org\/{rel}","templated":true}]}}