{"id":428,"date":"2021-06-02T18:30:13","date_gmt":"2021-06-02T18:30:13","guid":{"rendered":"https:\/\/rodrigosiqueirabatista.com\/?page_id=428"},"modified":"2021-08-19T21:15:54","modified_gmt":"2021-08-19T21:15:54","slug":"antimicrobianos-em-gastroenterologia-guia-pratico-2","status":"publish","type":"page","link":"https:\/\/rodrigosiqueirabatista.com\/en\/antimicrobianos-em-gastroenterologia-guia-pratico-2\/","title":{"rendered":"Antimicrobianos em gastroenterologia: guia pr\u00e1tico"},"content":{"rendered":"<div data-elementor-type=\"wp-page\" data-elementor-id=\"428\" class=\"elementor elementor-428\" data-elementor-post-type=\"page\">\n\t\t\t\t\t\t<section class=\"elementor-section elementor-top-section elementor-element elementor-element-1aa5a7c elementor-section-boxed elementor-section-height-default elementor-section-height-default\" data-id=\"1aa5a7c\" data-element_type=\"section\">\n\t\t\t\t\t\t<div class=\"elementor-container elementor-column-gap-default\">\n\t\t\t\t\t<div class=\"elementor-column elementor-col-50 elementor-top-column elementor-element elementor-element-1ff655b\" data-id=\"1ff655b\" data-element_type=\"column\">\n\t\t\t<div class=\"elementor-widget-wrap elementor-element-populated\">\n\t\t\t\t\t\t<div class=\"elementor-element elementor-element-aadadd5 elementor-widget elementor-widget-image\" data-id=\"aadadd5\" data-element_type=\"widget\" data-widget_type=\"image.default\">\n\t\t\t\t<div class=\"elementor-widget-container\">\n\t\t\t\t\t\t\t\t\t\t\t\t\t\t\t<img decoding=\"async\" src=\"https:\/\/rodrigosiqueirabatista.com\/wp-content\/uploads\/2021\/08\/4.jpg\" title=\"4\" alt=\"4\" loading=\"lazy\" \/>\t\t\t\t\t\t\t\t\t\t\t\t\t\t\t<\/div>\n\t\t\t\t<\/div>\n\t\t\t\t\t<\/div>\n\t\t<\/div>\n\t\t\t\t<div class=\"elementor-column elementor-col-50 elementor-top-column elementor-element elementor-element-549bdd0\" data-id=\"549bdd0\" data-element_type=\"column\">\n\t\t\t<div class=\"elementor-widget-wrap elementor-element-populated\">\n\t\t\t\t\t\t<div class=\"elementor-element elementor-element-33cbb7c elementor-widget elementor-widget-heading\" data-id=\"33cbb7c\" data-element_type=\"widget\" data-widget_type=\"heading.default\">\n\t\t\t\t<div class=\"elementor-widget-container\">\n\t\t\t\t\t<h2 class=\"elementor-heading-title elementor-size-default\">Antimicrobianos em gastroenterologia: guia pr\u00e1tico<\/h2>\t\t\t\t<\/div>\n\t\t\t\t<\/div>\n\t\t\t\t<div class=\"elementor-element elementor-element-b098f53 elementor-widget-divider--view-line elementor-widget elementor-widget-divider\" data-id=\"b098f53\" data-element_type=\"widget\" data-widget_type=\"divider.default\">\n\t\t\t\t<div class=\"elementor-widget-container\">\n\t\t\t\t\t\t\t<div class=\"elementor-divider\">\n\t\t\t<span class=\"elementor-divider-separator\">\n\t\t\t\t\t\t<\/span>\n\t\t<\/div>\n\t\t\t\t\t\t<\/div>\n\t\t\t\t<\/div>\n\t\t\t\t<div class=\"elementor-element elementor-element-8554789 elementor-widget elementor-widget-text-editor\" data-id=\"8554789\" data-element_type=\"widget\" data-widget_type=\"text-editor.default\">\n\t\t\t\t<div class=\"elementor-widget-container\">\n\t\t\t\t\t\t\t\t\t<p>GOMES, A. P.; SIQUEIRA-BATISTA, R.; GALV\u00c3O-ALVES, J.; SILVA, A. L. Antimicrobianos em gastrenterologia: guia pr\u00e1tico. Rio de Janeiro: Rubio, 2012.<\/p>\t\t\t\t\t\t\t\t<\/div>\n\t\t\t\t<\/div>\n\t\t\t\t<div class=\"elementor-element elementor-element-4925d6f elementor-widget elementor-widget-button\" data-id=\"4925d6f\" data-element_type=\"widget\" data-widget_type=\"button.default\">\n\t\t\t\t<div class=\"elementor-widget-container\">\n\t\t\t\t\t\t\t\t\t<div class=\"elementor-button-wrapper\">\n\t\t\t\t\t<a class=\"elementor-button elementor-button-link elementor-size-xs elementor-animation-shrink\" href=\"https:\/\/www.rubio.com.br\/livro-antimicrobianos-guia-pratico-9788584111367-s30338.html\">\n\t\t\t\t\t\t<span class=\"elementor-button-content-wrapper\">\n\t\t\t\t\t\t\t\t\t<span class=\"elementor-button-text\">Encontre aqui<\/span>\n\t\t\t\t\t<\/span>\n\t\t\t\t\t<\/a>\n\t\t\t\t<\/div>\n\t\t\t\t\t\t\t\t<\/div>\n\t\t\t\t<\/div>\n\t\t\t\t<div class=\"elementor-element elementor-element-7c19396 elementor-widget elementor-widget-text-editor\" data-id=\"7c19396\" data-element_type=\"widget\" data-widget_type=\"text-editor.default\">\n\t\t\t\t<div class=\"elementor-widget-container\">\n\t\t\t\t\t\t\t\t\t<p>\u201cAntimicrobianos em gastrenterologia \u2013 guia pr\u00e1tico apresenta os aspectos de maior relev\u00e2ncia no tratamento e na preven\u00e7\u00e3o das doen\u00e7as infecciosas e parasit\u00e1rias em Gastrenterologia, com \u00eanfase no uso cl\u00ednico de antimicrobianos, abrangendo seus principais elementos, dos mecanismos de a\u00e7\u00e3o \u00e0s intera\u00e7\u00f5es medicamentosas, passando pelas indica\u00e7\u00f5es profil\u00e1ticas e terap\u00eauticas, posologia, tempo de uso e principais efeitos adversos\u201d.<\/p>\t\t\t\t\t\t\t\t<\/div>\n\t\t\t\t<\/div>\n\t\t\t\t<div class=\"elementor-element elementor-element-7d92a49 elementor-widget elementor-widget-text-editor\" data-id=\"7d92a49\" data-element_type=\"widget\" data-widget_type=\"text-editor.default\">\n\t\t\t\t<div class=\"elementor-widget-container\">\n\t\t\t\t\t\t\t\t\t<p>(Extra\u00eddo da Quarta Capa do livro)<\/p>\t\t\t\t\t\t\t\t<\/div>\n\t\t\t\t<\/div>\n\t\t\t\t\t<\/div>\n\t\t<\/div>\n\t\t\t\t\t<\/div>\n\t\t<\/section>\n\t\t\t\t<\/div>","protected":false},"excerpt":{"rendered":"<p>Antimicrobianos em gastroenterologia: guia pr\u00e1tico GOMES, A. P.; SIQUEIRA-BATISTA, R.; GALV\u00c3O-ALVES, J.; SILVA, A. L. Antimicrobianos em gastrenterologia: guia pr\u00e1tico. Rio de Janeiro: Rubio, 2012. Encontre aqui \u201cAntimicrobianos em gastrenterologia \u2013 guia pr\u00e1tico apresenta os aspectos de maior relev\u00e2ncia no tratamento e na preven\u00e7\u00e3o das doen\u00e7as infecciosas e parasit\u00e1rias em Gastrenterologia, com \u00eanfase no uso&hellip; <a class=\"more-link\" href=\"https:\/\/rodrigosiqueirabatista.com\/en\/antimicrobianos-em-gastroenterologia-guia-pratico-2\/\">Continue reading <span class=\"screen-reader-text\">Antimicrobianos em gastroenterologia: guia pr\u00e1tico<\/span><\/a><\/p>","protected":false},"author":1,"featured_media":0,"parent":0,"menu_order":0,"comment_status":"closed","ping_status":"closed","template":"elementor_canvas","meta":{"footnotes":""},"class_list":["post-428","page","type-page","status-publish","hentry","entry"],"_links":{"self":[{"href":"https:\/\/rodrigosiqueirabatista.com\/en\/wp-json\/wp\/v2\/pages\/428","targetHints":{"allow":["GET"]}}],"collection":[{"href":"https:\/\/rodrigosiqueirabatista.com\/en\/wp-json\/wp\/v2\/pages"}],"about":[{"href":"https:\/\/rodrigosiqueirabatista.com\/en\/wp-json\/wp\/v2\/types\/page"}],"author":[{"embeddable":true,"href":"https:\/\/rodrigosiqueirabatista.com\/en\/wp-json\/wp\/v2\/users\/1"}],"replies":[{"embeddable":true,"href":"https:\/\/rodrigosiqueirabatista.com\/en\/wp-json\/wp\/v2\/comments?post=428"}],"version-history":[{"count":16,"href":"https:\/\/rodrigosiqueirabatista.com\/en\/wp-json\/wp\/v2\/pages\/428\/revisions"}],"predecessor-version":[{"id":927,"href":"https:\/\/rodrigosiqueirabatista.com\/en\/wp-json\/wp\/v2\/pages\/428\/revisions\/927"}],"wp:attachment":[{"href":"https:\/\/rodrigosiqueirabatista.com\/en\/wp-json\/wp\/v2\/media?parent=428"}],"curies":[{"name":"wp","href":"https:\/\/api.w.org\/{rel}","templated":true}]}}