{"id":426,"date":"2021-06-02T18:28:50","date_gmt":"2021-06-02T18:28:50","guid":{"rendered":"https:\/\/rodrigosiqueirabatista.com\/?page_id=426"},"modified":"2021-08-19T21:16:41","modified_gmt":"2021-08-19T21:16:41","slug":"plantas-medicinais-do-cultivo-a-terapeutica","status":"publish","type":"page","link":"https:\/\/rodrigosiqueirabatista.com\/en\/plantas-medicinais-do-cultivo-a-terapeutica\/","title":{"rendered":"Plantas medicinais. Do cultivo \u00e0 terap\u00eautica"},"content":{"rendered":"<div data-elementor-type=\"wp-page\" data-elementor-id=\"426\" class=\"elementor elementor-426\" data-elementor-post-type=\"page\">\n\t\t\t\t\t\t<section class=\"elementor-section elementor-top-section elementor-element elementor-element-b145ef6 elementor-section-boxed elementor-section-height-default elementor-section-height-default\" data-id=\"b145ef6\" data-element_type=\"section\">\n\t\t\t\t\t\t<div class=\"elementor-container elementor-column-gap-default\">\n\t\t\t\t\t<div class=\"elementor-column elementor-col-50 elementor-top-column elementor-element elementor-element-d9e22a7\" data-id=\"d9e22a7\" data-element_type=\"column\">\n\t\t\t<div class=\"elementor-widget-wrap elementor-element-populated\">\n\t\t\t\t\t\t<div class=\"elementor-element elementor-element-7276043 elementor-widget elementor-widget-image\" data-id=\"7276043\" data-element_type=\"widget\" data-widget_type=\"image.default\">\n\t\t\t\t<div class=\"elementor-widget-container\">\n\t\t\t\t\t\t\t\t\t\t\t\t\t\t\t<img decoding=\"async\" src=\"https:\/\/rodrigosiqueirabatista.com\/wp-content\/uploads\/2021\/08\/Plantas-Medicinais.png\" title=\"Plantas Medicinais\" alt=\"Plantas Medicinais\" loading=\"lazy\" \/>\t\t\t\t\t\t\t\t\t\t\t\t\t\t\t<\/div>\n\t\t\t\t<\/div>\n\t\t\t\t\t<\/div>\n\t\t<\/div>\n\t\t\t\t<div class=\"elementor-column elementor-col-50 elementor-top-column elementor-element elementor-element-3420eb4\" data-id=\"3420eb4\" data-element_type=\"column\">\n\t\t\t<div class=\"elementor-widget-wrap elementor-element-populated\">\n\t\t\t\t\t\t<div class=\"elementor-element elementor-element-7aa7fbf elementor-widget elementor-widget-heading\" data-id=\"7aa7fbf\" data-element_type=\"widget\" data-widget_type=\"heading.default\">\n\t\t\t\t<div class=\"elementor-widget-container\">\n\t\t\t\t\t<h2 class=\"elementor-heading-title elementor-size-default\">Plantas medicinais. Do cultivo \u00e0 terap\u00eautica<\/h2>\t\t\t\t<\/div>\n\t\t\t\t<\/div>\n\t\t\t\t<div class=\"elementor-element elementor-element-c6a5131 elementor-widget-divider--view-line elementor-widget elementor-widget-divider\" data-id=\"c6a5131\" data-element_type=\"widget\" data-widget_type=\"divider.default\">\n\t\t\t\t<div class=\"elementor-widget-container\">\n\t\t\t\t\t\t\t<div class=\"elementor-divider\">\n\t\t\t<span class=\"elementor-divider-separator\">\n\t\t\t\t\t\t<\/span>\n\t\t<\/div>\n\t\t\t\t\t\t<\/div>\n\t\t\t\t<\/div>\n\t\t\t\t<div class=\"elementor-element elementor-element-6df357a elementor-widget elementor-widget-text-editor\" data-id=\"6df357a\" data-element_type=\"widget\" data-widget_type=\"text-editor.default\">\n\t\t\t\t<div class=\"elementor-widget-container\">\n\t\t\t\t\t\t\t\t\t<p>CORR\u00caA, A. D.; SIQUEIRA-BATISTA, R.; QUINTAS, L. E. M. Plantas medicinais. Do cultivo \u00e0 terap\u00eautica \u2013 8\u00aa edi\u00e7\u00e3o (2011); 7\u00aa edi\u00e7\u00e3o (2008); 6\u00aa edi\u00e7\u00e3o (2003); 5\u00aa edi\u00e7\u00e3o (2002); 4\u00aa edi\u00e7\u00e3o (2001); 3\u00aa edi\u00e7\u00e3o (2000); 2\u00aa edi\u00e7\u00e3o (1999); 1\u00aa edi\u00e7\u00e3o (1998). 1\u00aa ed. Petr\u00f3polis: Vozes, 1998.<\/p>\t\t\t\t\t\t\t\t<\/div>\n\t\t\t\t<\/div>\n\t\t\t\t<div class=\"elementor-element elementor-element-ed5bfe8 elementor-widget elementor-widget-button\" data-id=\"ed5bfe8\" data-element_type=\"widget\" data-widget_type=\"button.default\">\n\t\t\t\t<div class=\"elementor-widget-container\">\n\t\t\t\t\t\t\t\t\t<div class=\"elementor-button-wrapper\">\n\t\t\t\t\t<a class=\"elementor-button elementor-button-link elementor-size-xs elementor-animation-shrink\" href=\"https:\/\/www.amazon.com.br\/Plantas-Medicinais-Rodrigo-Siqueira-Batista\/dp\/8532619959\">\n\t\t\t\t\t\t<span class=\"elementor-button-content-wrapper\">\n\t\t\t\t\t\t\t\t\t<span class=\"elementor-button-text\">Encontre aqui<\/span>\n\t\t\t\t\t<\/span>\n\t\t\t\t\t<\/a>\n\t\t\t\t<\/div>\n\t\t\t\t\t\t\t\t<\/div>\n\t\t\t\t<\/div>\n\t\t\t\t<div class=\"elementor-element elementor-element-ae95885 elementor-widget elementor-widget-text-editor\" data-id=\"ae95885\" data-element_type=\"widget\" data-widget_type=\"text-editor.default\">\n\t\t\t\t<div class=\"elementor-widget-container\">\n\t\t\t\t\t\t\t\t\t<p>\u201cEste comp\u00eandio foi elaborado por um grupo de profissionais de \u00e1reas complementares com o objetivo de abranger os principais conhecimentos sobre as plantas medicinais. Duas metas foram seguidas por eles para que os leitores tivessem em m\u00e3os uma obra de valor: 1) linguagem simples e acess\u00edvel a todas s pessoas interessadas no assunto; 2) embasamento cient\u00edfico atualizado\u201d.<\/p>\t\t\t\t\t\t\t\t<\/div>\n\t\t\t\t<\/div>\n\t\t\t\t<div class=\"elementor-element elementor-element-9c346fb elementor-widget elementor-widget-text-editor\" data-id=\"9c346fb\" data-element_type=\"widget\" data-widget_type=\"text-editor.default\">\n\t\t\t\t<div class=\"elementor-widget-container\">\n\t\t\t\t\t\t\t\t\t<p>(Extra\u00eddo da Orelha do livro)<\/p>\t\t\t\t\t\t\t\t<\/div>\n\t\t\t\t<\/div>\n\t\t\t\t\t<\/div>\n\t\t<\/div>\n\t\t\t\t\t<\/div>\n\t\t<\/section>\n\t\t\t\t<\/div>","protected":false},"excerpt":{"rendered":"<p>Plantas medicinais. Do cultivo \u00e0 terap\u00eautica CORR\u00caA, A. D.; SIQUEIRA-BATISTA, R.; QUINTAS, L. E. M. Plantas medicinais. Do cultivo \u00e0 terap\u00eautica \u2013 8\u00aa edi\u00e7\u00e3o (2011); 7\u00aa edi\u00e7\u00e3o (2008); 6\u00aa edi\u00e7\u00e3o (2003); 5\u00aa edi\u00e7\u00e3o (2002); 4\u00aa edi\u00e7\u00e3o (2001); 3\u00aa edi\u00e7\u00e3o (2000); 2\u00aa edi\u00e7\u00e3o (1999); 1\u00aa edi\u00e7\u00e3o (1998). 1\u00aa ed. Petr\u00f3polis: Vozes, 1998. Encontre aqui \u201cEste comp\u00eandio&hellip; <a class=\"more-link\" href=\"https:\/\/rodrigosiqueirabatista.com\/en\/plantas-medicinais-do-cultivo-a-terapeutica\/\">Continue reading <span class=\"screen-reader-text\">Plantas medicinais. Do cultivo \u00e0 terap\u00eautica<\/span><\/a><\/p>","protected":false},"author":1,"featured_media":0,"parent":0,"menu_order":0,"comment_status":"closed","ping_status":"closed","template":"elementor_canvas","meta":{"footnotes":""},"class_list":["post-426","page","type-page","status-publish","hentry","entry"],"_links":{"self":[{"href":"https:\/\/rodrigosiqueirabatista.com\/en\/wp-json\/wp\/v2\/pages\/426","targetHints":{"allow":["GET"]}}],"collection":[{"href":"https:\/\/rodrigosiqueirabatista.com\/en\/wp-json\/wp\/v2\/pages"}],"about":[{"href":"https:\/\/rodrigosiqueirabatista.com\/en\/wp-json\/wp\/v2\/types\/page"}],"author":[{"embeddable":true,"href":"https:\/\/rodrigosiqueirabatista.com\/en\/wp-json\/wp\/v2\/users\/1"}],"replies":[{"embeddable":true,"href":"https:\/\/rodrigosiqueirabatista.com\/en\/wp-json\/wp\/v2\/comments?post=426"}],"version-history":[{"count":13,"href":"https:\/\/rodrigosiqueirabatista.com\/en\/wp-json\/wp\/v2\/pages\/426\/revisions"}],"predecessor-version":[{"id":960,"href":"https:\/\/rodrigosiqueirabatista.com\/en\/wp-json\/wp\/v2\/pages\/426\/revisions\/960"}],"wp:attachment":[{"href":"https:\/\/rodrigosiqueirabatista.com\/en\/wp-json\/wp\/v2\/media?parent=426"}],"curies":[{"name":"wp","href":"https:\/\/api.w.org\/{rel}","templated":true}]}}