{"id":419,"date":"2021-06-02T18:27:14","date_gmt":"2021-06-02T18:27:14","guid":{"rendered":"https:\/\/rodrigosiqueirabatista.com\/?page_id=419"},"modified":"2023-08-15T04:01:25","modified_gmt":"2023-08-15T04:01:25","slug":"miseria-romance","status":"publish","type":"page","link":"https:\/\/rodrigosiqueirabatista.com\/en\/miseria-romance\/","title":{"rendered":"Mis\u00e9ria (romance)"},"content":{"rendered":"<div data-elementor-type=\"wp-page\" data-elementor-id=\"419\" class=\"elementor elementor-419\" data-elementor-post-type=\"page\">\n\t\t\t\t\t\t<section class=\"elementor-section elementor-top-section elementor-element elementor-element-1a81623 elementor-section-boxed elementor-section-height-default elementor-section-height-default\" data-id=\"1a81623\" data-element_type=\"section\">\n\t\t\t\t\t\t<div class=\"elementor-container elementor-column-gap-default\">\n\t\t\t\t\t<div class=\"elementor-column elementor-col-50 elementor-top-column elementor-element elementor-element-ab022c9\" data-id=\"ab022c9\" data-element_type=\"column\">\n\t\t\t<div class=\"elementor-widget-wrap elementor-element-populated\">\n\t\t\t\t\t\t<div class=\"elementor-element elementor-element-d40cd2c elementor-widget elementor-widget-image\" data-id=\"d40cd2c\" data-element_type=\"widget\" data-widget_type=\"image.default\">\n\t\t\t\t<div class=\"elementor-widget-container\">\n\t\t\t\t\t\t\t\t\t\t\t\t\t\t\t<img decoding=\"async\" src=\"https:\/\/rodrigosiqueirabatista.com\/wp-content\/uploads\/2021\/08\/Miseria.jpg\" title=\"Mis\u00e9ria\" alt=\"Mis\u00e9ria\" loading=\"lazy\" \/>\t\t\t\t\t\t\t\t\t\t\t\t\t\t\t<\/div>\n\t\t\t\t<\/div>\n\t\t\t\t\t<\/div>\n\t\t<\/div>\n\t\t\t\t<div class=\"elementor-column elementor-col-50 elementor-top-column elementor-element elementor-element-a184e37\" data-id=\"a184e37\" data-element_type=\"column\">\n\t\t\t<div class=\"elementor-widget-wrap elementor-element-populated\">\n\t\t\t\t\t\t<div class=\"elementor-element elementor-element-0ee0035 elementor-widget elementor-widget-heading\" data-id=\"0ee0035\" data-element_type=\"widget\" data-widget_type=\"heading.default\">\n\t\t\t\t<div class=\"elementor-widget-container\">\n\t\t\t\t\t<h2 class=\"elementor-heading-title elementor-size-default\">Mis\u00e9ria (romance)<\/h2>\t\t\t\t<\/div>\n\t\t\t\t<\/div>\n\t\t\t\t<div class=\"elementor-element elementor-element-3c1cf23 elementor-widget-divider--view-line elementor-widget elementor-widget-divider\" data-id=\"3c1cf23\" data-element_type=\"widget\" data-widget_type=\"divider.default\">\n\t\t\t\t<div class=\"elementor-widget-container\">\n\t\t\t\t\t\t\t<div class=\"elementor-divider\">\n\t\t\t<span class=\"elementor-divider-separator\">\n\t\t\t\t\t\t<\/span>\n\t\t<\/div>\n\t\t\t\t\t\t<\/div>\n\t\t\t\t<\/div>\n\t\t\t\t<div class=\"elementor-element elementor-element-53dbe9d elementor-widget elementor-widget-text-editor\" data-id=\"53dbe9d\" data-element_type=\"widget\" data-widget_type=\"text-editor.default\">\n\t\t\t\t<div class=\"elementor-widget-container\">\n\t\t\t\t\t\t\t\t\t<p>SIQUEIRA-BATISTA, R. Mis\u00e9ria (romance) \u2013 3.\u00aa edi\u00e7\u00e3o (2007); 2.\u00aa edi\u00e7\u00e3o (2005); 1.\u00aa edi\u00e7\u00e3o (2000). 3.\u00aa ed. Rio de Janeiro: KroArt, 2007.<\/p>\t\t\t\t\t\t\t\t<\/div>\n\t\t\t\t<\/div>\n\t\t\t\t<div class=\"elementor-element elementor-element-a666119 elementor-widget elementor-widget-button\" data-id=\"a666119\" data-element_type=\"widget\" data-widget_type=\"button.default\">\n\t\t\t\t<div class=\"elementor-widget-container\">\n\t\t\t\t\t\t\t\t\t<div class=\"elementor-button-wrapper\">\n\t\t\t\t\t<a class=\"elementor-button elementor-button-link elementor-size-xs elementor-animation-shrink\" href=\"https:\/\/portal.fiocruz.br\/livro\/bioetica-para-profissionais-da-saude\">\n\t\t\t\t\t\t<span class=\"elementor-button-content-wrapper\">\n\t\t\t\t\t\t\t\t\t<span class=\"elementor-button-text\">Encontre aqui<\/span>\n\t\t\t\t\t<\/span>\n\t\t\t\t\t<\/a>\n\t\t\t\t<\/div>\n\t\t\t\t\t\t\t\t<\/div>\n\t\t\t\t<\/div>\n\t\t\t\t<div class=\"elementor-element elementor-element-96d086c elementor-widget elementor-widget-text-editor\" data-id=\"96d086c\" data-element_type=\"widget\" data-widget_type=\"text-editor.default\">\n\t\t\t\t<div class=\"elementor-widget-container\">\n\t\t\t\t\t\t\t\t\t<p>\u201cMis\u00e9ria, esse pequeno grande romance, tem a capacidade de colocar, nua e cruamente, esta quest\u00e3o. Seu jovem autor, que nas pegadas de Ernesto \u201cChe\u201d Guevara e Paulo Freire, combina o discurso com a pr\u00e1tica, ambos com s\u00f3lido embasamento filos\u00f3fico, alinha-se com aqueles que fazem do of\u00edcio de escrever, um instrumento de den\u00fancia, para a partir da\u00ed despertar o inconformismo que existe dentro de n\u00f3s\u201d.<\/p>\t\t\t\t\t\t\t\t<\/div>\n\t\t\t\t<\/div>\n\t\t\t\t<div class=\"elementor-element elementor-element-5b152cd elementor-widget elementor-widget-text-editor\" data-id=\"5b152cd\" data-element_type=\"widget\" data-widget_type=\"text-editor.default\">\n\t\t\t\t<div class=\"elementor-widget-container\">\n\t\t\t\t\t\t\t\t\t<p>(Extra\u00eddo da Apresenta\u00e7\u00e3o do livro)<\/p>\t\t\t\t\t\t\t\t<\/div>\n\t\t\t\t<\/div>\n\t\t\t\t\t<\/div>\n\t\t<\/div>\n\t\t\t\t\t<\/div>\n\t\t<\/section>\n\t\t\t\t<\/div>","protected":false},"excerpt":{"rendered":"<p>Mis\u00e9ria (romance) SIQUEIRA-BATISTA, R. Mis\u00e9ria (romance) \u2013 3.\u00aa edi\u00e7\u00e3o (2007); 2.\u00aa edi\u00e7\u00e3o (2005); 1.\u00aa edi\u00e7\u00e3o (2000). 3.\u00aa ed. Rio de Janeiro: KroArt, 2007. Encontre aqui \u201cMis\u00e9ria, esse pequeno grande romance, tem a capacidade de colocar, nua e cruamente, esta quest\u00e3o. Seu jovem autor, que nas pegadas de Ernesto \u201cChe\u201d Guevara e Paulo Freire, combina o&hellip; <a class=\"more-link\" href=\"https:\/\/rodrigosiqueirabatista.com\/en\/miseria-romance\/\">Continue reading <span class=\"screen-reader-text\">Mis\u00e9ria (romance)<\/span><\/a><\/p>","protected":false},"author":1,"featured_media":0,"parent":0,"menu_order":0,"comment_status":"closed","ping_status":"closed","template":"elementor_canvas","meta":{"footnotes":""},"class_list":["post-419","page","type-page","status-publish","hentry","entry"],"_links":{"self":[{"href":"https:\/\/rodrigosiqueirabatista.com\/en\/wp-json\/wp\/v2\/pages\/419","targetHints":{"allow":["GET"]}}],"collection":[{"href":"https:\/\/rodrigosiqueirabatista.com\/en\/wp-json\/wp\/v2\/pages"}],"about":[{"href":"https:\/\/rodrigosiqueirabatista.com\/en\/wp-json\/wp\/v2\/types\/page"}],"author":[{"embeddable":true,"href":"https:\/\/rodrigosiqueirabatista.com\/en\/wp-json\/wp\/v2\/users\/1"}],"replies":[{"embeddable":true,"href":"https:\/\/rodrigosiqueirabatista.com\/en\/wp-json\/wp\/v2\/comments?post=419"}],"version-history":[{"count":13,"href":"https:\/\/rodrigosiqueirabatista.com\/en\/wp-json\/wp\/v2\/pages\/419\/revisions"}],"predecessor-version":[{"id":2262,"href":"https:\/\/rodrigosiqueirabatista.com\/en\/wp-json\/wp\/v2\/pages\/419\/revisions\/2262"}],"wp:attachment":[{"href":"https:\/\/rodrigosiqueirabatista.com\/en\/wp-json\/wp\/v2\/media?parent=419"}],"curies":[{"name":"wp","href":"https:\/\/api.w.org\/{rel}","templated":true}]}}