{"id":417,"date":"2021-06-02T18:26:51","date_gmt":"2021-06-02T18:26:51","guid":{"rendered":"https:\/\/rodrigosiqueirabatista.com\/?page_id=417"},"modified":"2024-06-06T21:29:26","modified_gmt":"2024-06-07T00:29:26","slug":"amor-um-ensaio-poetico-prosaico-romance","status":"publish","type":"page","link":"https:\/\/rodrigosiqueirabatista.com\/en\/amor-um-ensaio-poetico-prosaico-romance\/","title":{"rendered":"Amor. Um ensaio po\u00e9tico-prosaico (romance)"},"content":{"rendered":"<div data-elementor-type=\"wp-page\" data-elementor-id=\"417\" class=\"elementor elementor-417\" data-elementor-post-type=\"page\">\n\t\t\t\t\t\t<section class=\"elementor-section elementor-top-section elementor-element elementor-element-8231db8 elementor-section-boxed elementor-section-height-default elementor-section-height-default\" data-id=\"8231db8\" data-element_type=\"section\">\n\t\t\t\t\t\t<div class=\"elementor-container elementor-column-gap-default\">\n\t\t\t\t\t<div class=\"elementor-column elementor-col-50 elementor-top-column elementor-element elementor-element-612db42\" data-id=\"612db42\" data-element_type=\"column\">\n\t\t\t<div class=\"elementor-widget-wrap elementor-element-populated\">\n\t\t\t\t\t\t<div class=\"elementor-element elementor-element-6ff9531 elementor-widget elementor-widget-image\" data-id=\"6ff9531\" data-element_type=\"widget\" data-widget_type=\"image.default\">\n\t\t\t\t<div class=\"elementor-widget-container\">\n\t\t\t\t\t\t\t\t\t\t\t\t\t\t\t<img decoding=\"async\" src=\"https:\/\/rodrigosiqueirabatista.com\/wp-content\/uploads\/2024\/06\/61qpPArQ7QL._SL1500_.jpg\" title=\"61qpPArQ7QL._SL1500_\" alt=\"61qpPArQ7QL._SL1500_\" loading=\"lazy\" \/>\t\t\t\t\t\t\t\t\t\t\t\t\t\t\t<\/div>\n\t\t\t\t<\/div>\n\t\t\t\t\t<\/div>\n\t\t<\/div>\n\t\t\t\t<div class=\"elementor-column elementor-col-50 elementor-top-column elementor-element elementor-element-ec5636d\" data-id=\"ec5636d\" data-element_type=\"column\">\n\t\t\t<div class=\"elementor-widget-wrap elementor-element-populated\">\n\t\t\t\t\t\t<div class=\"elementor-element elementor-element-43bbf85 elementor-widget elementor-widget-heading\" data-id=\"43bbf85\" data-element_type=\"widget\" data-widget_type=\"heading.default\">\n\t\t\t\t<div class=\"elementor-widget-container\">\n\t\t\t\t\t<h2 class=\"elementor-heading-title elementor-size-default\">Amor. Um ensaio po\u00e9tico-prosaico (romance)<\/h2>\t\t\t\t<\/div>\n\t\t\t\t<\/div>\n\t\t\t\t<div class=\"elementor-element elementor-element-ebc7f25 elementor-widget-divider--view-line elementor-widget elementor-widget-divider\" data-id=\"ebc7f25\" data-element_type=\"widget\" data-widget_type=\"divider.default\">\n\t\t\t\t<div class=\"elementor-widget-container\">\n\t\t\t\t\t\t\t<div class=\"elementor-divider\">\n\t\t\t<span class=\"elementor-divider-separator\">\n\t\t\t\t\t\t<\/span>\n\t\t<\/div>\n\t\t\t\t\t\t<\/div>\n\t\t\t\t<\/div>\n\t\t\t\t<div class=\"elementor-element elementor-element-545071f elementor-widget elementor-widget-text-editor\" data-id=\"545071f\" data-element_type=\"widget\" data-widget_type=\"text-editor.default\">\n\t\t\t\t<div class=\"elementor-widget-container\">\n\t\t\t\t\t\t\t\t\t<p>SIQUEIRA-BATISTA, R. Amor. Um ensaio po\u00e9tico-prosaico (romance). 2\u00aa edi\u00e7\u00e3o. Rio de Janeiro: Litteris, 2024.<\/p>\t\t\t\t\t\t\t\t<\/div>\n\t\t\t\t<\/div>\n\t\t\t\t<div class=\"elementor-element elementor-element-babbad6 elementor-widget elementor-widget-button\" data-id=\"babbad6\" data-element_type=\"widget\" data-widget_type=\"button.default\">\n\t\t\t\t<div class=\"elementor-widget-container\">\n\t\t\t\t\t\t\t\t\t<div class=\"elementor-button-wrapper\">\n\t\t\t\t\t<a class=\"elementor-button elementor-button-link elementor-size-xs elementor-animation-shrink\" href=\"https:\/\/www.amazon.com.br\/ensaio-po%C3%A9tico-prosaico-Rodrigo-Siqueira-Batista-ebook\/dp\/B0CZM1V1RV\/ref=sr_1_1?__mk_pt_BR=%C3%85M%C3%85%C5%BD%C3%95%C3%91&#038;crid=19XQLZPXB9B1Q&#038;dib=eyJ2IjoiMSJ9.JctRI4KI93Y-sFTKBaFLihaxBSriKCTkW0HCK1wfRsvD6crw-RVnDjkvSkcNhZVYG1S8-SftAfoxqExO7HCe8alxEsWma4VOjS94fRWLD2znUuKFcGckV98aUobL4q0tiH-0TpnZCigZJigxq3-51l76RUvXZTBUTGDcXjaLDiVycWAIpAT11-pmtneWbtEhbST1o4Oqij0N_z3HM80wYb_fqteDja2j9JBQldokxYWaG9Sq7G_CXABi9JKDPlO2EA9uKNK539nUJ8RGo5on67Oabn7Z1Q5P3LNuvg2NR4I.fd4SJZ2IpCk0DT75_njEqzMOpMLvhL7_T4Wl53_ue-0&#038;dib_tag=se&#038;keywords=amor+um+ensaio+po%C3%A9tico&#038;qid=1717258614&#038;sprefix=amor+um+ensaio+po%C3%A9tico%2Caps%2C249&#038;sr=8-1\">\n\t\t\t\t\t\t<span class=\"elementor-button-content-wrapper\">\n\t\t\t\t\t\t\t\t\t<span class=\"elementor-button-text\">Encontre aqui<\/span>\n\t\t\t\t\t<\/span>\n\t\t\t\t\t<\/a>\n\t\t\t\t<\/div>\n\t\t\t\t\t\t\t\t<\/div>\n\t\t\t\t<\/div>\n\t\t\t\t<div class=\"elementor-element elementor-element-d99e9eb elementor-widget elementor-widget-text-editor\" data-id=\"d99e9eb\" data-element_type=\"widget\" data-widget_type=\"text-editor.default\">\n\t\t\t\t<div class=\"elementor-widget-container\">\n\t\t\t\t\t\t\t\t\t<p>\u201cEste \u00e9 um livro original. N\u00e3o me atrevo a chama-lo de romance. Ele verdadeiramente n\u00e3o o \u00e9. Trata-se, outrossim, de um \u2018ensaio po\u00e9tico-prosaico\u2019, trazendo em si um estilo com contornos pouco n\u00edtidos, sem limites definitivos\u201d.<\/p>\t\t\t\t\t\t\t\t<\/div>\n\t\t\t\t<\/div>\n\t\t\t\t<div class=\"elementor-element elementor-element-a262823 elementor-widget elementor-widget-text-editor\" data-id=\"a262823\" data-element_type=\"widget\" data-widget_type=\"text-editor.default\">\n\t\t\t\t<div class=\"elementor-widget-container\">\n\t\t\t\t\t\t\t\t\t<p>(Extra\u00eddo do Pref\u00e1cio do livro)<\/p>\t\t\t\t\t\t\t\t<\/div>\n\t\t\t\t<\/div>\n\t\t\t\t\t<\/div>\n\t\t<\/div>\n\t\t\t\t\t<\/div>\n\t\t<\/section>\n\t\t\t\t<\/div>","protected":false},"excerpt":{"rendered":"<p>Amor. Um ensaio po\u00e9tico-prosaico (romance) SIQUEIRA-BATISTA, R. Amor. Um ensaio po\u00e9tico-prosaico (romance). 2\u00aa edi\u00e7\u00e3o. Rio de Janeiro: Litteris, 2024. Encontre aqui \u201cEste \u00e9 um livro original. N\u00e3o me atrevo a chama-lo de romance. Ele verdadeiramente n\u00e3o o \u00e9. Trata-se, outrossim, de um \u2018ensaio po\u00e9tico-prosaico\u2019, trazendo em si um estilo com contornos pouco n\u00edtidos, sem limites&hellip; <a class=\"more-link\" href=\"https:\/\/rodrigosiqueirabatista.com\/en\/amor-um-ensaio-poetico-prosaico-romance\/\">Continue reading <span class=\"screen-reader-text\">Amor. Um ensaio po\u00e9tico-prosaico (romance)<\/span><\/a><\/p>","protected":false},"author":1,"featured_media":0,"parent":0,"menu_order":0,"comment_status":"closed","ping_status":"closed","template":"elementor_canvas","meta":{"footnotes":""},"class_list":["post-417","page","type-page","status-publish","hentry","entry"],"_links":{"self":[{"href":"https:\/\/rodrigosiqueirabatista.com\/en\/wp-json\/wp\/v2\/pages\/417","targetHints":{"allow":["GET"]}}],"collection":[{"href":"https:\/\/rodrigosiqueirabatista.com\/en\/wp-json\/wp\/v2\/pages"}],"about":[{"href":"https:\/\/rodrigosiqueirabatista.com\/en\/wp-json\/wp\/v2\/types\/page"}],"author":[{"embeddable":true,"href":"https:\/\/rodrigosiqueirabatista.com\/en\/wp-json\/wp\/v2\/users\/1"}],"replies":[{"embeddable":true,"href":"https:\/\/rodrigosiqueirabatista.com\/en\/wp-json\/wp\/v2\/comments?post=417"}],"version-history":[{"count":28,"href":"https:\/\/rodrigosiqueirabatista.com\/en\/wp-json\/wp\/v2\/pages\/417\/revisions"}],"predecessor-version":[{"id":2731,"href":"https:\/\/rodrigosiqueirabatista.com\/en\/wp-json\/wp\/v2\/pages\/417\/revisions\/2731"}],"wp:attachment":[{"href":"https:\/\/rodrigosiqueirabatista.com\/en\/wp-json\/wp\/v2\/media?parent=417"}],"curies":[{"name":"wp","href":"https:\/\/api.w.org\/{rel}","templated":true}]}}