{"id":413,"date":"2021-06-02T18:26:11","date_gmt":"2021-06-02T18:26:11","guid":{"rendered":"https:\/\/rodrigosiqueirabatista.com\/?page_id=413"},"modified":"2021-08-19T21:15:59","modified_gmt":"2021-08-19T21:15:59","slug":"ensaios-sobre-o-atomo-do-atomismo-pre-socratico-a-teoria-atomica-contemporanea","status":"publish","type":"page","link":"https:\/\/rodrigosiqueirabatista.com\/en\/ensaios-sobre-o-atomo-do-atomismo-pre-socratico-a-teoria-atomica-contemporanea\/","title":{"rendered":"Ensaios Sobre o \u00c1tomo: Do atomismo pr\u00e9-socr\u00e1tico \u00e0 teoria at\u00f4mica contempor\u00e2nea?"},"content":{"rendered":"<div data-elementor-type=\"wp-page\" data-elementor-id=\"413\" class=\"elementor elementor-413\" data-elementor-post-type=\"page\">\n\t\t\t\t\t\t<section class=\"elementor-section elementor-top-section elementor-element elementor-element-a05041a elementor-section-boxed elementor-section-height-default elementor-section-height-default\" data-id=\"a05041a\" data-element_type=\"section\">\n\t\t\t\t\t\t<div class=\"elementor-container elementor-column-gap-default\">\n\t\t\t\t\t<div class=\"elementor-column elementor-col-50 elementor-top-column elementor-element elementor-element-13354d5\" data-id=\"13354d5\" data-element_type=\"column\">\n\t\t\t<div class=\"elementor-widget-wrap elementor-element-populated\">\n\t\t\t\t\t\t<div class=\"elementor-element elementor-element-d5f8c6c elementor-widget elementor-widget-image\" data-id=\"d5f8c6c\" data-element_type=\"widget\" data-widget_type=\"image.default\">\n\t\t\t\t<div class=\"elementor-widget-container\">\n\t\t\t\t\t\t\t\t\t\t\t\t\t\t\t<img decoding=\"async\" src=\"https:\/\/rodrigosiqueirabatista.com\/wp-content\/uploads\/2021\/08\/Ensaios.jpg\" title=\"Ensaios\" alt=\"Ensaios\" loading=\"lazy\" \/>\t\t\t\t\t\t\t\t\t\t\t\t\t\t\t<\/div>\n\t\t\t\t<\/div>\n\t\t\t\t\t<\/div>\n\t\t<\/div>\n\t\t\t\t<div class=\"elementor-column elementor-col-50 elementor-top-column elementor-element elementor-element-c49fd62\" data-id=\"c49fd62\" data-element_type=\"column\">\n\t\t\t<div class=\"elementor-widget-wrap elementor-element-populated\">\n\t\t\t\t\t\t<div class=\"elementor-element elementor-element-e3afab8 elementor-widget elementor-widget-heading\" data-id=\"e3afab8\" data-element_type=\"widget\" data-widget_type=\"heading.default\">\n\t\t\t\t<div class=\"elementor-widget-container\">\n\t\t\t\t\t<h2 class=\"elementor-heading-title elementor-size-default\">Ensaios sobre o \u00e1tomo: do atomismo pr\u00e9-socr\u00e1tico \u00e0 teoria at\u00f4mica contempor\u00e2nea?<\/h2>\t\t\t\t<\/div>\n\t\t\t\t<\/div>\n\t\t\t\t<div class=\"elementor-element elementor-element-47169cc elementor-widget-divider--view-line elementor-widget elementor-widget-divider\" data-id=\"47169cc\" data-element_type=\"widget\" data-widget_type=\"divider.default\">\n\t\t\t\t<div class=\"elementor-widget-container\">\n\t\t\t\t\t\t\t<div class=\"elementor-divider\">\n\t\t\t<span class=\"elementor-divider-separator\">\n\t\t\t\t\t\t<\/span>\n\t\t<\/div>\n\t\t\t\t\t\t<\/div>\n\t\t\t\t<\/div>\n\t\t\t\t<div class=\"elementor-element elementor-element-8560844 elementor-widget elementor-widget-text-editor\" data-id=\"8560844\" data-element_type=\"widget\" data-widget_type=\"text-editor.default\">\n\t\t\t\t<div class=\"elementor-widget-container\">\n\t\t\t\t\t\t\t\t\t<p>SIQUEIRA-BATISTA, R.; BATISTA, R. S.; SFORZA-DE-ALMEIDA, M. P.; CORR\u00caA, A. D. Ensaios Sobre o \u00c1tomo: Do atomismo pr\u00e9-socr\u00e1tico \u00e0 teoria at\u00f4mica contempor\u00e2nea? 1\u00aa ed. Rio de Janeiro: Litteris Editora, 2000.<\/p>\t\t\t\t\t\t\t\t<\/div>\n\t\t\t\t<\/div>\n\t\t\t\t<div class=\"elementor-element elementor-element-bf775cf elementor-widget elementor-widget-button\" data-id=\"bf775cf\" data-element_type=\"widget\" data-widget_type=\"button.default\">\n\t\t\t\t<div class=\"elementor-widget-container\">\n\t\t\t\t\t\t\t\t\t<div class=\"elementor-button-wrapper\">\n\t\t\t\t\t<a class=\"elementor-button elementor-button-link elementor-size-xs elementor-animation-shrink\" href=\"https:\/\/www.rubio.com.br\/livro-antimicrobianos-guia-pratico-9788584111367-s30338.html\">\n\t\t\t\t\t\t<span class=\"elementor-button-content-wrapper\">\n\t\t\t\t\t\t\t\t\t<span class=\"elementor-button-text\">Encontre aqui<\/span>\n\t\t\t\t\t<\/span>\n\t\t\t\t\t<\/a>\n\t\t\t\t<\/div>\n\t\t\t\t\t\t\t\t<\/div>\n\t\t\t\t<\/div>\n\t\t\t\t<div class=\"elementor-element elementor-element-9c6d0d4 elementor-widget elementor-widget-text-editor\" data-id=\"9c6d0d4\" data-element_type=\"widget\" data-widget_type=\"text-editor.default\">\n\t\t\t\t<div class=\"elementor-widget-container\">\n\t\t\t\t\t\t\t\t\t<p>\u201cO trabalho aqui desenvolvido pelos Irm\u00e3os Siqueira Batista, por Marcos Paulo Sforza de Almeida e por Anderson Domingues Corr\u00eaa fornece-nos um material organizado, l\u00f3gica e cronologicamente, objetivo, sucinto, mas bastante completo e preciso, que nos permite percorrer, atrav\u00e9s de uma leitura fluente, a elabora\u00e7\u00e3o, o avan\u00e7o e a consolida\u00e7\u00e3o das diferentes faces do atomismo\u201d.<\/p>\t\t\t\t\t\t\t\t<\/div>\n\t\t\t\t<\/div>\n\t\t\t\t<div class=\"elementor-element elementor-element-b9504b3 elementor-widget elementor-widget-text-editor\" data-id=\"b9504b3\" data-element_type=\"widget\" data-widget_type=\"text-editor.default\">\n\t\t\t\t<div class=\"elementor-widget-container\">\n\t\t\t\t\t\t\t\t\t<p>(Extra\u00eddo do Pref\u00e1cio do livro)<\/p>\t\t\t\t\t\t\t\t<\/div>\n\t\t\t\t<\/div>\n\t\t\t\t\t<\/div>\n\t\t<\/div>\n\t\t\t\t\t<\/div>\n\t\t<\/section>\n\t\t\t\t<\/div>","protected":false},"excerpt":{"rendered":"<p>Ensaios sobre o \u00e1tomo: do atomismo pr\u00e9-socr\u00e1tico \u00e0 teoria at\u00f4mica contempor\u00e2nea? SIQUEIRA-BATISTA, R.; BATISTA, R. S.; SFORZA-DE-ALMEIDA, M. P.; CORR\u00caA, A. D. Ensaios Sobre o \u00c1tomo: Do atomismo pr\u00e9-socr\u00e1tico \u00e0 teoria at\u00f4mica contempor\u00e2nea? 1\u00aa ed. Rio de Janeiro: Litteris Editora, 2000. Encontre aqui \u201cO trabalho aqui desenvolvido pelos Irm\u00e3os Siqueira Batista, por Marcos Paulo Sforza&hellip; <a class=\"more-link\" href=\"https:\/\/rodrigosiqueirabatista.com\/en\/ensaios-sobre-o-atomo-do-atomismo-pre-socratico-a-teoria-atomica-contemporanea\/\">Continue reading <span class=\"screen-reader-text\">Ensaios Sobre o \u00c1tomo: Do atomismo pr\u00e9-socr\u00e1tico \u00e0 teoria at\u00f4mica contempor\u00e2nea?<\/span><\/a><\/p>","protected":false},"author":1,"featured_media":0,"parent":0,"menu_order":0,"comment_status":"closed","ping_status":"closed","template":"elementor_canvas","meta":{"footnotes":""},"class_list":["post-413","page","type-page","status-publish","hentry","entry"],"_links":{"self":[{"href":"https:\/\/rodrigosiqueirabatista.com\/en\/wp-json\/wp\/v2\/pages\/413","targetHints":{"allow":["GET"]}}],"collection":[{"href":"https:\/\/rodrigosiqueirabatista.com\/en\/wp-json\/wp\/v2\/pages"}],"about":[{"href":"https:\/\/rodrigosiqueirabatista.com\/en\/wp-json\/wp\/v2\/types\/page"}],"author":[{"embeddable":true,"href":"https:\/\/rodrigosiqueirabatista.com\/en\/wp-json\/wp\/v2\/users\/1"}],"replies":[{"embeddable":true,"href":"https:\/\/rodrigosiqueirabatista.com\/en\/wp-json\/wp\/v2\/comments?post=413"}],"version-history":[{"count":10,"href":"https:\/\/rodrigosiqueirabatista.com\/en\/wp-json\/wp\/v2\/pages\/413\/revisions"}],"predecessor-version":[{"id":930,"href":"https:\/\/rodrigosiqueirabatista.com\/en\/wp-json\/wp\/v2\/pages\/413\/revisions\/930"}],"wp:attachment":[{"href":"https:\/\/rodrigosiqueirabatista.com\/en\/wp-json\/wp\/v2\/media?parent=413"}],"curies":[{"name":"wp","href":"https:\/\/api.w.org\/{rel}","templated":true}]}}