{"id":411,"date":"2021-06-02T18:25:44","date_gmt":"2021-06-02T18:25:44","guid":{"rendered":"https:\/\/rodrigosiqueirabatista.com\/?page_id=411"},"modified":"2023-08-15T03:55:24","modified_gmt":"2023-08-15T03:55:24","slug":"ressurreicao-poesia","status":"publish","type":"page","link":"https:\/\/rodrigosiqueirabatista.com\/en\/ressurreicao-poesia\/","title":{"rendered":"Ressurrei\u00e7\u00e3o (poesia)"},"content":{"rendered":"<div data-elementor-type=\"wp-page\" data-elementor-id=\"411\" class=\"elementor elementor-411\" data-elementor-post-type=\"page\">\n\t\t\t\t\t\t<section class=\"elementor-section elementor-top-section elementor-element elementor-element-23dd139 elementor-section-boxed elementor-section-height-default elementor-section-height-default\" data-id=\"23dd139\" data-element_type=\"section\">\n\t\t\t\t\t\t<div class=\"elementor-container elementor-column-gap-default\">\n\t\t\t\t\t<div class=\"elementor-column elementor-col-50 elementor-top-column elementor-element elementor-element-b51f6de\" data-id=\"b51f6de\" data-element_type=\"column\">\n\t\t\t<div class=\"elementor-widget-wrap elementor-element-populated\">\n\t\t\t\t\t\t<div class=\"elementor-element elementor-element-3dfdbd5 elementor-widget elementor-widget-image\" data-id=\"3dfdbd5\" data-element_type=\"widget\" data-widget_type=\"image.default\">\n\t\t\t\t<div class=\"elementor-widget-container\">\n\t\t\t\t\t\t\t\t\t\t\t\t\t\t\t<img decoding=\"async\" src=\"https:\/\/rodrigosiqueirabatista.com\/wp-content\/uploads\/2021\/08\/Ressurreicao.jpg\" title=\"Ressurrei\u00e7ao\" alt=\"Ressurrei\u00e7ao\" loading=\"lazy\" \/>\t\t\t\t\t\t\t\t\t\t\t\t\t\t\t<\/div>\n\t\t\t\t<\/div>\n\t\t\t\t\t<\/div>\n\t\t<\/div>\n\t\t\t\t<div class=\"elementor-column elementor-col-50 elementor-top-column elementor-element elementor-element-79b3415\" data-id=\"79b3415\" data-element_type=\"column\">\n\t\t\t<div class=\"elementor-widget-wrap elementor-element-populated\">\n\t\t\t\t\t\t<div class=\"elementor-element elementor-element-9dfba0a elementor-widget elementor-widget-heading\" data-id=\"9dfba0a\" data-element_type=\"widget\" data-widget_type=\"heading.default\">\n\t\t\t\t<div class=\"elementor-widget-container\">\n\t\t\t\t\t<h2 class=\"elementor-heading-title elementor-size-default\">Ressurrei\u00e7\u00e3o (poesia)<\/h2>\t\t\t\t<\/div>\n\t\t\t\t<\/div>\n\t\t\t\t<div class=\"elementor-element elementor-element-f8e6ab7 elementor-widget-divider--view-line elementor-widget elementor-widget-divider\" data-id=\"f8e6ab7\" data-element_type=\"widget\" data-widget_type=\"divider.default\">\n\t\t\t\t<div class=\"elementor-widget-container\">\n\t\t\t\t\t\t\t<div class=\"elementor-divider\">\n\t\t\t<span class=\"elementor-divider-separator\">\n\t\t\t\t\t\t<\/span>\n\t\t<\/div>\n\t\t\t\t\t\t<\/div>\n\t\t\t\t<\/div>\n\t\t\t\t<div class=\"elementor-element elementor-element-b64b98e elementor-widget elementor-widget-text-editor\" data-id=\"b64b98e\" data-element_type=\"widget\" data-widget_type=\"text-editor.default\">\n\t\t\t\t<div class=\"elementor-widget-container\">\n\t\t\t\t\t\t\t\t\t<p>SIQUEIRA-BATISTA, R. Ressurrei\u00e7\u00e3o (poesia). 1.\u00aa edi\u00e7\u00e3o. Rio de Janeiro: Litteris, 2001.<\/p>\t\t\t\t\t\t\t\t<\/div>\n\t\t\t\t<\/div>\n\t\t\t\t<div class=\"elementor-element elementor-element-be41c7e elementor-widget elementor-widget-button\" data-id=\"be41c7e\" data-element_type=\"widget\" data-widget_type=\"button.default\">\n\t\t\t\t<div class=\"elementor-widget-container\">\n\t\t\t\t\t\t\t\t\t<div class=\"elementor-button-wrapper\">\n\t\t\t\t\t<a class=\"elementor-button elementor-button-link elementor-size-xs elementor-animation-shrink\" href=\"https:\/\/portal.fiocruz.br\/livro\/bioetica-para-profissionais-da-saude\">\n\t\t\t\t\t\t<span class=\"elementor-button-content-wrapper\">\n\t\t\t\t\t\t\t\t\t<span class=\"elementor-button-text\">Encontre aqui<\/span>\n\t\t\t\t\t<\/span>\n\t\t\t\t\t<\/a>\n\t\t\t\t<\/div>\n\t\t\t\t\t\t\t\t<\/div>\n\t\t\t\t<\/div>\n\t\t\t\t<div class=\"elementor-element elementor-element-aef3274 elementor-widget elementor-widget-text-editor\" data-id=\"aef3274\" data-element_type=\"widget\" data-widget_type=\"text-editor.default\">\n\t\t\t\t<div class=\"elementor-widget-container\">\n\t\t\t\t\t\t\t\t\t<p>\u201cOs fil\u00f3sofos se ressentem de um tempo permeado pela sabedoria, no qual a Verdade era proferida aos caducos ouvidos dos homens. A verac\u00edssima chama foi extinta.<br \/>Ressurrei\u00e7\u00e3o assume-se como reminisc\u00eancia, quase saudade, de um tempo de Verdade, na vida de um homem\u201d.<\/p>\t\t\t\t\t\t\t\t<\/div>\n\t\t\t\t<\/div>\n\t\t\t\t<div class=\"elementor-element elementor-element-605014e elementor-widget elementor-widget-text-editor\" data-id=\"605014e\" data-element_type=\"widget\" data-widget_type=\"text-editor.default\">\n\t\t\t\t<div class=\"elementor-widget-container\">\n\t\t\t\t\t\t\t\t\t<p>(Extra\u00eddo da Quarta capa do livro)<\/p>\t\t\t\t\t\t\t\t<\/div>\n\t\t\t\t<\/div>\n\t\t\t\t\t<\/div>\n\t\t<\/div>\n\t\t\t\t\t<\/div>\n\t\t<\/section>\n\t\t\t\t<\/div>","protected":false},"excerpt":{"rendered":"<p>Ressurrei\u00e7\u00e3o (poesia) SIQUEIRA-BATISTA, R. Ressurrei\u00e7\u00e3o (poesia). 1.\u00aa edi\u00e7\u00e3o. Rio de Janeiro: Litteris, 2001. Encontre aqui \u201cOs fil\u00f3sofos se ressentem de um tempo permeado pela sabedoria, no qual a Verdade era proferida aos caducos ouvidos dos homens. A verac\u00edssima chama foi extinta.Ressurrei\u00e7\u00e3o assume-se como reminisc\u00eancia, quase saudade, de um tempo de Verdade, na vida de um&hellip; <a class=\"more-link\" href=\"https:\/\/rodrigosiqueirabatista.com\/en\/ressurreicao-poesia\/\">Continue reading <span class=\"screen-reader-text\">Ressurrei\u00e7\u00e3o (poesia)<\/span><\/a><\/p>","protected":false},"author":1,"featured_media":0,"parent":0,"menu_order":0,"comment_status":"closed","ping_status":"closed","template":"elementor_canvas","meta":{"footnotes":""},"class_list":["post-411","page","type-page","status-publish","hentry","entry"],"_links":{"self":[{"href":"https:\/\/rodrigosiqueirabatista.com\/en\/wp-json\/wp\/v2\/pages\/411","targetHints":{"allow":["GET"]}}],"collection":[{"href":"https:\/\/rodrigosiqueirabatista.com\/en\/wp-json\/wp\/v2\/pages"}],"about":[{"href":"https:\/\/rodrigosiqueirabatista.com\/en\/wp-json\/wp\/v2\/types\/page"}],"author":[{"embeddable":true,"href":"https:\/\/rodrigosiqueirabatista.com\/en\/wp-json\/wp\/v2\/users\/1"}],"replies":[{"embeddable":true,"href":"https:\/\/rodrigosiqueirabatista.com\/en\/wp-json\/wp\/v2\/comments?post=411"}],"version-history":[{"count":16,"href":"https:\/\/rodrigosiqueirabatista.com\/en\/wp-json\/wp\/v2\/pages\/411\/revisions"}],"predecessor-version":[{"id":2259,"href":"https:\/\/rodrigosiqueirabatista.com\/en\/wp-json\/wp\/v2\/pages\/411\/revisions\/2259"}],"wp:attachment":[{"href":"https:\/\/rodrigosiqueirabatista.com\/en\/wp-json\/wp\/v2\/media?parent=411"}],"curies":[{"name":"wp","href":"https:\/\/api.w.org\/{rel}","templated":true}]}}