{"id":407,"date":"2021-06-02T18:25:06","date_gmt":"2021-06-02T18:25:06","guid":{"rendered":"https:\/\/rodrigosiqueirabatista.com\/?page_id=407"},"modified":"2021-08-19T21:16:19","modified_gmt":"2021-08-19T21:16:19","slug":"medicina-tropical-abordagem-atual-das-doencas-infecciosas-e-parasitarias","status":"publish","type":"page","link":"https:\/\/rodrigosiqueirabatista.com\/en\/medicina-tropical-abordagem-atual-das-doencas-infecciosas-e-parasitarias\/","title":{"rendered":"Medicina Tropical. Abordagem Atual das Doen\u00e7as Infecciosas e Parasit\u00e1rias"},"content":{"rendered":"<div data-elementor-type=\"wp-page\" data-elementor-id=\"407\" class=\"elementor elementor-407\" data-elementor-post-type=\"page\">\n\t\t\t\t\t\t<section class=\"elementor-section elementor-top-section elementor-element elementor-element-d09e875 elementor-section-boxed elementor-section-height-default elementor-section-height-default\" data-id=\"d09e875\" data-element_type=\"section\">\n\t\t\t\t\t\t<div class=\"elementor-container elementor-column-gap-default\">\n\t\t\t\t\t<div class=\"elementor-column elementor-col-50 elementor-top-column elementor-element elementor-element-7c1f349\" data-id=\"7c1f349\" data-element_type=\"column\">\n\t\t\t<div class=\"elementor-widget-wrap elementor-element-populated\">\n\t\t\t\t\t\t<div class=\"elementor-element elementor-element-c97208c elementor-widget elementor-widget-image\" data-id=\"c97208c\" data-element_type=\"widget\" data-widget_type=\"image.default\">\n\t\t\t\t<div class=\"elementor-widget-container\">\n\t\t\t\t\t\t\t\t\t\t\t\t\t\t\t<img decoding=\"async\" src=\"https:\/\/rodrigosiqueirabatista.com\/wp-content\/uploads\/2021\/08\/Med-Trop.jpg\" title=\"Med Trop\" alt=\"Medicina Tropical\" loading=\"lazy\" \/>\t\t\t\t\t\t\t\t\t\t\t\t\t\t\t<\/div>\n\t\t\t\t<\/div>\n\t\t\t\t\t<\/div>\n\t\t<\/div>\n\t\t\t\t<div class=\"elementor-column elementor-col-50 elementor-top-column elementor-element elementor-element-85ff114\" data-id=\"85ff114\" data-element_type=\"column\">\n\t\t\t<div class=\"elementor-widget-wrap elementor-element-populated\">\n\t\t\t\t\t\t<div class=\"elementor-element elementor-element-0e9b8cf elementor-widget elementor-widget-heading\" data-id=\"0e9b8cf\" data-element_type=\"widget\" data-widget_type=\"heading.default\">\n\t\t\t\t<div class=\"elementor-widget-container\">\n\t\t\t\t\t<h2 class=\"elementor-heading-title elementor-size-default\">Medicina tropical. Abordagem atual das doen\u00e7as infecciosas e parasit\u00e1rias<\/h2>\t\t\t\t<\/div>\n\t\t\t\t<\/div>\n\t\t\t\t<div class=\"elementor-element elementor-element-de23bea elementor-widget-divider--view-line elementor-widget elementor-widget-divider\" data-id=\"de23bea\" data-element_type=\"widget\" data-widget_type=\"divider.default\">\n\t\t\t\t<div class=\"elementor-widget-container\">\n\t\t\t\t\t\t\t<div class=\"elementor-divider\">\n\t\t\t<span class=\"elementor-divider-separator\">\n\t\t\t\t\t\t<\/span>\n\t\t<\/div>\n\t\t\t\t\t\t<\/div>\n\t\t\t\t<\/div>\n\t\t\t\t<div class=\"elementor-element elementor-element-a9be96f elementor-widget elementor-widget-text-editor\" data-id=\"a9be96f\" data-element_type=\"widget\" data-widget_type=\"text-editor.default\">\n\t\t\t\t<div class=\"elementor-widget-container\">\n\t\t\t\t\t\t\t\t\t<p>SIQUEIRA-BATISTA, R.; GOMES, A. P.; IGREJA, R. P.; HUGGINS, D. W. Medicina tropical. Abordagem atual das doen\u00e7as infecciosas e parasit\u00e1rias. 1\u00aa ed. Rio de Janeiro: Cultura M\u00e9dica, 2001.<\/p>\t\t\t\t\t\t\t\t<\/div>\n\t\t\t\t<\/div>\n\t\t\t\t<div class=\"elementor-element elementor-element-78b4c41 elementor-widget elementor-widget-button\" data-id=\"78b4c41\" data-element_type=\"widget\" data-widget_type=\"button.default\">\n\t\t\t\t<div class=\"elementor-widget-container\">\n\t\t\t\t\t\t\t\t\t<div class=\"elementor-button-wrapper\">\n\t\t\t\t\t<a class=\"elementor-button elementor-button-link elementor-size-xs elementor-animation-shrink\" href=\"http:\/\/bases.bireme.br\/cgi-bin\/wxislind.exe\/iah\/online\/?IsisScript=iah\/iah.xis&#038;src=google&#038;base=LILACS&#038;lang=p&#038;nextAction=lnk&#038;exprSearch=583187&#038;indexSearch=ID\">\n\t\t\t\t\t\t<span class=\"elementor-button-content-wrapper\">\n\t\t\t\t\t\t\t\t\t<span class=\"elementor-button-text\">Encontre aqui<\/span>\n\t\t\t\t\t<\/span>\n\t\t\t\t\t<\/a>\n\t\t\t\t<\/div>\n\t\t\t\t\t\t\t\t<\/div>\n\t\t\t\t<\/div>\n\t\t\t\t<div class=\"elementor-element elementor-element-f31be44 elementor-widget elementor-widget-text-editor\" data-id=\"f31be44\" data-element_type=\"widget\" data-widget_type=\"text-editor.default\">\n\t\t\t\t<div class=\"elementor-widget-container\">\n\t\t\t\t\t\t\t\t\t<p>\u201cOs professores Siqueira Batista, Gomes, Igreja e Huggins, a partir do seu fecundo trabalho como editores, conseguiram distribuir nos 115 cap\u00edtulos do livro, os conceitos mais recentes em doen\u00e7as tropicais, coadunando-os com os conhecimentos cl\u00e1ssicos bem estabelecidos, sob uma perspectiva de abordagem das diferentes arestas da intera\u00e7\u00e3o parasito-hospedeiro, nos \u00e2mbitos m\u00e9dico e ecol\u00f3gico\u201d.<\/p>\t\t\t\t\t\t\t\t<\/div>\n\t\t\t\t<\/div>\n\t\t\t\t<div class=\"elementor-element elementor-element-ff54bce elementor-widget elementor-widget-text-editor\" data-id=\"ff54bce\" data-element_type=\"widget\" data-widget_type=\"text-editor.default\">\n\t\t\t\t<div class=\"elementor-widget-container\">\n\t\t\t\t\t\t\t\t\t<p>(Extra\u00eddo da Quarta Capa do livro)<\/p>\t\t\t\t\t\t\t\t<\/div>\n\t\t\t\t<\/div>\n\t\t\t\t\t<\/div>\n\t\t<\/div>\n\t\t\t\t\t<\/div>\n\t\t<\/section>\n\t\t\t\t<\/div>","protected":false},"excerpt":{"rendered":"<p>Medicina tropical. Abordagem atual das doen\u00e7as infecciosas e parasit\u00e1rias SIQUEIRA-BATISTA, R.; GOMES, A. P.; IGREJA, R. P.; HUGGINS, D. W. Medicina tropical. Abordagem atual das doen\u00e7as infecciosas e parasit\u00e1rias. 1\u00aa ed. Rio de Janeiro: Cultura M\u00e9dica, 2001. Encontre aqui \u201cOs professores Siqueira Batista, Gomes, Igreja e Huggins, a partir do seu fecundo trabalho como editores,&hellip; <a class=\"more-link\" href=\"https:\/\/rodrigosiqueirabatista.com\/en\/medicina-tropical-abordagem-atual-das-doencas-infecciosas-e-parasitarias\/\">Continue reading <span class=\"screen-reader-text\">Medicina Tropical. Abordagem Atual das Doen\u00e7as Infecciosas e Parasit\u00e1rias<\/span><\/a><\/p>","protected":false},"author":1,"featured_media":0,"parent":0,"menu_order":0,"comment_status":"closed","ping_status":"closed","template":"elementor_canvas","meta":{"footnotes":""},"class_list":["post-407","page","type-page","status-publish","hentry","entry"],"_links":{"self":[{"href":"https:\/\/rodrigosiqueirabatista.com\/en\/wp-json\/wp\/v2\/pages\/407","targetHints":{"allow":["GET"]}}],"collection":[{"href":"https:\/\/rodrigosiqueirabatista.com\/en\/wp-json\/wp\/v2\/pages"}],"about":[{"href":"https:\/\/rodrigosiqueirabatista.com\/en\/wp-json\/wp\/v2\/types\/page"}],"author":[{"embeddable":true,"href":"https:\/\/rodrigosiqueirabatista.com\/en\/wp-json\/wp\/v2\/users\/1"}],"replies":[{"embeddable":true,"href":"https:\/\/rodrigosiqueirabatista.com\/en\/wp-json\/wp\/v2\/comments?post=407"}],"version-history":[{"count":12,"href":"https:\/\/rodrigosiqueirabatista.com\/en\/wp-json\/wp\/v2\/pages\/407\/revisions"}],"predecessor-version":[{"id":945,"href":"https:\/\/rodrigosiqueirabatista.com\/en\/wp-json\/wp\/v2\/pages\/407\/revisions\/945"}],"wp:attachment":[{"href":"https:\/\/rodrigosiqueirabatista.com\/en\/wp-json\/wp\/v2\/media?parent=407"}],"curies":[{"name":"wp","href":"https:\/\/api.w.org\/{rel}","templated":true}]}}