{"id":405,"date":"2021-06-02T18:24:42","date_gmt":"2021-06-02T18:24:42","guid":{"rendered":"https:\/\/rodrigosiqueirabatista.com\/?page_id=405"},"modified":"2022-02-19T19:27:20","modified_gmt":"2022-02-19T19:27:20","slug":"deuses-e-homens-mito-filosofia-e-medicina-na-grecia-antiga","status":"publish","type":"page","link":"https:\/\/rodrigosiqueirabatista.com\/en\/deuses-e-homens-mito-filosofia-e-medicina-na-grecia-antiga\/","title":{"rendered":"Deuses e Homens. Mito, Filosofia e Medicina na Gr\u00e9cia antiga"},"content":{"rendered":"<div data-elementor-type=\"wp-page\" data-elementor-id=\"405\" class=\"elementor elementor-405\" data-elementor-post-type=\"page\">\n\t\t\t\t\t\t<section class=\"elementor-section elementor-top-section elementor-element elementor-element-0c8f998 elementor-section-boxed elementor-section-height-default elementor-section-height-default\" data-id=\"0c8f998\" data-element_type=\"section\">\n\t\t\t\t\t\t<div class=\"elementor-container elementor-column-gap-default\">\n\t\t\t\t\t<div class=\"elementor-column elementor-col-50 elementor-top-column elementor-element elementor-element-705e9fb\" data-id=\"705e9fb\" data-element_type=\"column\">\n\t\t\t<div class=\"elementor-widget-wrap elementor-element-populated\">\n\t\t\t\t\t\t<div class=\"elementor-element elementor-element-316c629 elementor-widget elementor-widget-image\" data-id=\"316c629\" data-element_type=\"widget\" data-widget_type=\"image.default\">\n\t\t\t\t<div class=\"elementor-widget-container\">\n\t\t\t\t\t\t\t\t\t\t\t\t\t\t\t<img decoding=\"async\" src=\"https:\/\/rodrigosiqueirabatista.com\/wp-content\/uploads\/2021\/08\/Deuses-1.jpg\" title=\"Deuses (1)\" alt=\"Deuses (1)\" loading=\"lazy\" \/>\t\t\t\t\t\t\t\t\t\t\t\t\t\t\t<\/div>\n\t\t\t\t<\/div>\n\t\t\t\t\t<\/div>\n\t\t<\/div>\n\t\t\t\t<div class=\"elementor-column elementor-col-50 elementor-top-column elementor-element elementor-element-55a9f5b\" data-id=\"55a9f5b\" data-element_type=\"column\">\n\t\t\t<div class=\"elementor-widget-wrap elementor-element-populated\">\n\t\t\t\t\t\t<div class=\"elementor-element elementor-element-92a0a2d elementor-widget elementor-widget-heading\" data-id=\"92a0a2d\" data-element_type=\"widget\" data-widget_type=\"heading.default\">\n\t\t\t\t<div class=\"elementor-widget-container\">\n\t\t\t\t\t<h2 class=\"elementor-heading-title elementor-size-default\">Deuses e homens. Mito, filosofia e medicina na Gr\u00e9cia antiga<\/h2>\t\t\t\t<\/div>\n\t\t\t\t<\/div>\n\t\t\t\t<div class=\"elementor-element elementor-element-78d36c8 elementor-widget-divider--view-line elementor-widget elementor-widget-divider\" data-id=\"78d36c8\" data-element_type=\"widget\" data-widget_type=\"divider.default\">\n\t\t\t\t<div class=\"elementor-widget-container\">\n\t\t\t\t\t\t\t<div class=\"elementor-divider\">\n\t\t\t<span class=\"elementor-divider-separator\">\n\t\t\t\t\t\t<\/span>\n\t\t<\/div>\n\t\t\t\t\t\t<\/div>\n\t\t\t\t<\/div>\n\t\t\t\t<div class=\"elementor-element elementor-element-66e8b31 elementor-widget elementor-widget-text-editor\" data-id=\"66e8b31\" data-element_type=\"widget\" data-widget_type=\"text-editor.default\">\n\t\t\t\t<div class=\"elementor-widget-container\">\n\t\t\t\t\t\t\t\t\t<p>SIQUEIRA-BATISTA, R. Deuses e homens. Mito, filosofia e medicina na Gr\u00e9cia antiga. 1\u00aa edi\u00e7\u00e3o. S\u00e3o Paulo: Landy, 2003.<\/p>\t\t\t\t\t\t\t\t<\/div>\n\t\t\t\t<\/div>\n\t\t\t\t<div class=\"elementor-element elementor-element-3a47864 elementor-widget elementor-widget-button\" data-id=\"3a47864\" data-element_type=\"widget\" data-widget_type=\"button.default\">\n\t\t\t\t<div class=\"elementor-widget-container\">\n\t\t\t\t\t\t\t\t\t<div class=\"elementor-button-wrapper\">\n\t\t\t\t\t<a class=\"elementor-button elementor-button-link elementor-size-xs elementor-animation-shrink\" href=\"https:\/\/www.amazon.com.br\/Deuses-Homens-Filosofia-Medicina-Gr%C3%A9cia\/dp\/8576290081\">\n\t\t\t\t\t\t<span class=\"elementor-button-content-wrapper\">\n\t\t\t\t\t\t\t\t\t<span class=\"elementor-button-text\">Encontre aqui<\/span>\n\t\t\t\t\t<\/span>\n\t\t\t\t\t<\/a>\n\t\t\t\t<\/div>\n\t\t\t\t\t\t\t\t<\/div>\n\t\t\t\t<\/div>\n\t\t\t\t<div class=\"elementor-element elementor-element-9b7dea3 elementor-widget elementor-widget-text-editor\" data-id=\"9b7dea3\" data-element_type=\"widget\" data-widget_type=\"text-editor.default\">\n\t\t\t\t<div class=\"elementor-widget-container\">\n\t\t\t\t\t\t\t\t\t<p>\u201cEm sua narrativa, pict\u00f3rica como ele mesmo a define, Rodrigo Siqueira Batista empreende, uma vez mais, o esfor\u00e7o de contempla\u00e7\u00e3o da miragem que brota em nossas origens. Um hiato, aparentemente intranspon\u00edvel, se estabelece entre deuses e homens, entre a pot\u00eancia sagrada dos mitos origin\u00e1rios e a filosofia filha da p\u00f3lis \u2014 palco privilegiado do teatro humano em que o esplendor divino cada vez mais se esmaece\u201d.<\/p>\t\t\t\t\t\t\t\t<\/div>\n\t\t\t\t<\/div>\n\t\t\t\t<div class=\"elementor-element elementor-element-4f46490 elementor-widget elementor-widget-text-editor\" data-id=\"4f46490\" data-element_type=\"widget\" data-widget_type=\"text-editor.default\">\n\t\t\t\t<div class=\"elementor-widget-container\">\n\t\t\t\t\t\t\t\t\t<p>(Extra\u00eddo da Quarta Capa do livro)<\/p>\t\t\t\t\t\t\t\t<\/div>\n\t\t\t\t<\/div>\n\t\t\t\t\t<\/div>\n\t\t<\/div>\n\t\t\t\t\t<\/div>\n\t\t<\/section>\n\t\t\t\t<\/div>","protected":false},"excerpt":{"rendered":"<p>Deuses e homens. Mito, filosofia e medicina na Gr\u00e9cia antiga SIQUEIRA-BATISTA, R. Deuses e homens. Mito, filosofia e medicina na Gr\u00e9cia antiga. 1\u00aa edi\u00e7\u00e3o. S\u00e3o Paulo: Landy, 2003. Encontre aqui \u201cEm sua narrativa, pict\u00f3rica como ele mesmo a define, Rodrigo Siqueira Batista empreende, uma vez mais, o esfor\u00e7o de contempla\u00e7\u00e3o da miragem que brota em&hellip; <a class=\"more-link\" href=\"https:\/\/rodrigosiqueirabatista.com\/en\/deuses-e-homens-mito-filosofia-e-medicina-na-grecia-antiga\/\">Continue reading <span class=\"screen-reader-text\">Deuses e Homens. Mito, Filosofia e Medicina na Gr\u00e9cia antiga<\/span><\/a><\/p>","protected":false},"author":1,"featured_media":0,"parent":0,"menu_order":0,"comment_status":"closed","ping_status":"closed","template":"elementor_canvas","meta":{"footnotes":""},"class_list":["post-405","page","type-page","status-publish","hentry","entry"],"_links":{"self":[{"href":"https:\/\/rodrigosiqueirabatista.com\/en\/wp-json\/wp\/v2\/pages\/405","targetHints":{"allow":["GET"]}}],"collection":[{"href":"https:\/\/rodrigosiqueirabatista.com\/en\/wp-json\/wp\/v2\/pages"}],"about":[{"href":"https:\/\/rodrigosiqueirabatista.com\/en\/wp-json\/wp\/v2\/types\/page"}],"author":[{"embeddable":true,"href":"https:\/\/rodrigosiqueirabatista.com\/en\/wp-json\/wp\/v2\/users\/1"}],"replies":[{"embeddable":true,"href":"https:\/\/rodrigosiqueirabatista.com\/en\/wp-json\/wp\/v2\/comments?post=405"}],"version-history":[{"count":19,"href":"https:\/\/rodrigosiqueirabatista.com\/en\/wp-json\/wp\/v2\/pages\/405\/revisions"}],"predecessor-version":[{"id":1844,"href":"https:\/\/rodrigosiqueirabatista.com\/en\/wp-json\/wp\/v2\/pages\/405\/revisions\/1844"}],"wp:attachment":[{"href":"https:\/\/rodrigosiqueirabatista.com\/en\/wp-json\/wp\/v2\/media?parent=405"}],"curies":[{"name":"wp","href":"https:\/\/api.w.org\/{rel}","templated":true}]}}