{"id":401,"date":"2021-06-02T18:24:09","date_gmt":"2021-06-02T18:24:09","guid":{"rendered":"https:\/\/rodrigosiqueirabatista.com\/?page_id=401"},"modified":"2021-08-19T21:15:48","modified_gmt":"2021-08-19T21:15:48","slug":"antimicrobianos-guia-pratico","status":"publish","type":"page","link":"https:\/\/rodrigosiqueirabatista.com\/en\/antimicrobianos-guia-pratico\/","title":{"rendered":"Antimicrobianos: guia pr\u00e1tico"},"content":{"rendered":"<div data-elementor-type=\"wp-page\" data-elementor-id=\"401\" class=\"elementor elementor-401\" data-elementor-post-type=\"page\">\n\t\t\t\t\t\t<section class=\"elementor-section elementor-top-section elementor-element elementor-element-2764ac9 elementor-section-boxed elementor-section-height-default elementor-section-height-default\" data-id=\"2764ac9\" data-element_type=\"section\">\n\t\t\t\t\t\t<div class=\"elementor-container elementor-column-gap-default\">\n\t\t\t\t\t<div class=\"elementor-column elementor-col-50 elementor-top-column elementor-element elementor-element-06abb28\" data-id=\"06abb28\" data-element_type=\"column\">\n\t\t\t<div class=\"elementor-widget-wrap elementor-element-populated\">\n\t\t\t\t\t\t<div class=\"elementor-element elementor-element-ff5eebb elementor-widget elementor-widget-image\" data-id=\"ff5eebb\" data-element_type=\"widget\" data-widget_type=\"image.default\">\n\t\t\t\t<div class=\"elementor-widget-container\">\n\t\t\t\t\t\t\t\t\t\t\t\t\t\t\t<img decoding=\"async\" src=\"https:\/\/rodrigosiqueirabatista.com\/wp-content\/uploads\/2021\/05\/10.jpg\" title=\"Siqueira Batista &#8211; Antimicrobianos.indd\" alt=\"Siqueira Batista - Antimicrobianos.indd\" loading=\"lazy\" \/>\t\t\t\t\t\t\t\t\t\t\t\t\t\t\t<\/div>\n\t\t\t\t<\/div>\n\t\t\t\t\t<\/div>\n\t\t<\/div>\n\t\t\t\t<div class=\"elementor-column elementor-col-50 elementor-top-column elementor-element elementor-element-4e5fb12\" data-id=\"4e5fb12\" data-element_type=\"column\">\n\t\t\t<div class=\"elementor-widget-wrap elementor-element-populated\">\n\t\t\t\t\t\t<div class=\"elementor-element elementor-element-48b88db elementor-widget elementor-widget-heading\" data-id=\"48b88db\" data-element_type=\"widget\" data-widget_type=\"heading.default\">\n\t\t\t\t<div class=\"elementor-widget-container\">\n\t\t\t\t\t<h2 class=\"elementor-heading-title elementor-size-default\">Antimicrobianos: guia pr\u00e1tico<\/h2>\t\t\t\t<\/div>\n\t\t\t\t<\/div>\n\t\t\t\t<div class=\"elementor-element elementor-element-494da2a elementor-widget-divider--view-line elementor-widget elementor-widget-divider\" data-id=\"494da2a\" data-element_type=\"widget\" data-widget_type=\"divider.default\">\n\t\t\t\t<div class=\"elementor-widget-container\">\n\t\t\t\t\t\t\t<div class=\"elementor-divider\">\n\t\t\t<span class=\"elementor-divider-separator\">\n\t\t\t\t\t\t<\/span>\n\t\t<\/div>\n\t\t\t\t\t\t<\/div>\n\t\t\t\t<\/div>\n\t\t\t\t<div class=\"elementor-element elementor-element-858bbd3 elementor-widget elementor-widget-text-editor\" data-id=\"858bbd3\" data-element_type=\"widget\" data-widget_type=\"text-editor.default\">\n\t\t\t\t<div class=\"elementor-widget-container\">\n\t\t\t\t\t\t\t\t\t<p>SIQUEIRA-BATISTA, R.; GOMES, A. P. . Antimicrobianos: guia pr\u00e1tico &#8211; 3.\u00aa edi\u00e7\u00e3o (2021); 2.\u00aa edi\u00e7\u00e3o (2010); 1.\u00aa edi\u00e7\u00e3o (2005). 1. ed. Rio de Janeiro: Rubio, 2005.<\/p>\t\t\t\t\t\t\t\t<\/div>\n\t\t\t\t<\/div>\n\t\t\t\t<div class=\"elementor-element elementor-element-8292f49 elementor-widget elementor-widget-button\" data-id=\"8292f49\" data-element_type=\"widget\" data-widget_type=\"button.default\">\n\t\t\t\t<div class=\"elementor-widget-container\">\n\t\t\t\t\t\t\t\t\t<div class=\"elementor-button-wrapper\">\n\t\t\t\t\t<a class=\"elementor-button elementor-button-link elementor-size-xs elementor-animation-shrink\" href=\"https:\/\/www.rubio.com.br\/livro-antimicrobianos-guia-pratico-9788584111367-s30338.html\">\n\t\t\t\t\t\t<span class=\"elementor-button-content-wrapper\">\n\t\t\t\t\t\t\t\t\t<span class=\"elementor-button-text\">Encontre aqui<\/span>\n\t\t\t\t\t<\/span>\n\t\t\t\t\t<\/a>\n\t\t\t\t<\/div>\n\t\t\t\t\t\t\t\t<\/div>\n\t\t\t\t<\/div>\n\t\t\t\t<div class=\"elementor-element elementor-element-a4ef894 elementor-widget elementor-widget-text-editor\" data-id=\"a4ef894\" data-element_type=\"widget\" data-widget_type=\"text-editor.default\">\n\t\t\t\t<div class=\"elementor-widget-container\">\n\t\t\t\t\t\t\t\t\t<p>\u201cA organiza\u00e7\u00e3o do material, cuidadosamente selecionado e atualizado \u2013 inclusive com informa\u00e7\u00f5es cientificamente validadas para o enfrentamento da pandemia de COVID-19 \u2013, torna a consulta r\u00e1pida e precisa, com substantiva aplicabilidade no trabalho diuturno dos profissionais de sa\u00fade. Indubitavelmente, \u00e9 obra j\u00e1 consagrada na literatura m\u00e9dica brasileira e que mant\u00e9m seu prop\u00f3sito maior: ajudar no cuidado \u00e0 mulher e ao homem que sofre\u201d.<\/p>\t\t\t\t\t\t\t\t<\/div>\n\t\t\t\t<\/div>\n\t\t\t\t<div class=\"elementor-element elementor-element-4bd0e2d elementor-widget elementor-widget-text-editor\" data-id=\"4bd0e2d\" data-element_type=\"widget\" data-widget_type=\"text-editor.default\">\n\t\t\t\t<div class=\"elementor-widget-container\">\n\t\t\t\t\t\t\t\t\t<p>(Extra\u00eddo da Quarta capa do livro)<\/p>\t\t\t\t\t\t\t\t<\/div>\n\t\t\t\t<\/div>\n\t\t\t\t\t<\/div>\n\t\t<\/div>\n\t\t\t\t\t<\/div>\n\t\t<\/section>\n\t\t\t\t<\/div>","protected":false},"excerpt":{"rendered":"<p>Antimicrobianos: guia pr\u00e1tico SIQUEIRA-BATISTA, R.; GOMES, A. P. . Antimicrobianos: guia pr\u00e1tico &#8211; 3.\u00aa edi\u00e7\u00e3o (2021); 2.\u00aa edi\u00e7\u00e3o (2010); 1.\u00aa edi\u00e7\u00e3o (2005). 1. ed. Rio de Janeiro: Rubio, 2005. Encontre aqui \u201cA organiza\u00e7\u00e3o do material, cuidadosamente selecionado e atualizado \u2013 inclusive com informa\u00e7\u00f5es cientificamente validadas para o enfrentamento da pandemia de COVID-19 \u2013, torna a&hellip; <a class=\"more-link\" href=\"https:\/\/rodrigosiqueirabatista.com\/en\/antimicrobianos-guia-pratico\/\">Continue reading <span class=\"screen-reader-text\">Antimicrobianos: guia pr\u00e1tico<\/span><\/a><\/p>","protected":false},"author":1,"featured_media":0,"parent":0,"menu_order":0,"comment_status":"closed","ping_status":"closed","template":"elementor_canvas","meta":{"footnotes":""},"class_list":["post-401","page","type-page","status-publish","hentry","entry"],"_links":{"self":[{"href":"https:\/\/rodrigosiqueirabatista.com\/en\/wp-json\/wp\/v2\/pages\/401","targetHints":{"allow":["GET"]}}],"collection":[{"href":"https:\/\/rodrigosiqueirabatista.com\/en\/wp-json\/wp\/v2\/pages"}],"about":[{"href":"https:\/\/rodrigosiqueirabatista.com\/en\/wp-json\/wp\/v2\/types\/page"}],"author":[{"embeddable":true,"href":"https:\/\/rodrigosiqueirabatista.com\/en\/wp-json\/wp\/v2\/users\/1"}],"replies":[{"embeddable":true,"href":"https:\/\/rodrigosiqueirabatista.com\/en\/wp-json\/wp\/v2\/comments?post=401"}],"version-history":[{"count":10,"href":"https:\/\/rodrigosiqueirabatista.com\/en\/wp-json\/wp\/v2\/pages\/401\/revisions"}],"predecessor-version":[{"id":923,"href":"https:\/\/rodrigosiqueirabatista.com\/en\/wp-json\/wp\/v2\/pages\/401\/revisions\/923"}],"wp:attachment":[{"href":"https:\/\/rodrigosiqueirabatista.com\/en\/wp-json\/wp\/v2\/media?parent=401"}],"curies":[{"name":"wp","href":"https:\/\/api.w.org\/{rel}","templated":true}]}}