{"id":399,"date":"2021-06-02T18:23:53","date_gmt":"2021-06-02T18:23:53","guid":{"rendered":"https:\/\/rodrigosiqueirabatista.com\/?page_id=399"},"modified":"2021-08-19T21:16:36","modified_gmt":"2021-08-19T21:16:36","slug":"perguntas-e-respostas-comentadas-de-saude-publica%e2%80%8b","status":"publish","type":"page","link":"https:\/\/rodrigosiqueirabatista.com\/en\/perguntas-e-respostas-comentadas-de-saude-publica%e2%80%8b\/","title":{"rendered":"Perguntas e respostas comentadas de Sa\u00fade P\u00fablica\u200b"},"content":{"rendered":"<div data-elementor-type=\"wp-page\" data-elementor-id=\"399\" class=\"elementor elementor-399\" data-elementor-post-type=\"page\">\n\t\t\t\t\t\t<section class=\"elementor-section elementor-top-section elementor-element elementor-element-4db1cb4 elementor-section-boxed elementor-section-height-default elementor-section-height-default\" data-id=\"4db1cb4\" data-element_type=\"section\">\n\t\t\t\t\t\t<div class=\"elementor-container elementor-column-gap-default\">\n\t\t\t\t\t<div class=\"elementor-column elementor-col-50 elementor-top-column elementor-element elementor-element-1e4db4f\" data-id=\"1e4db4f\" data-element_type=\"column\">\n\t\t\t<div class=\"elementor-widget-wrap elementor-element-populated\">\n\t\t\t\t\t\t<div class=\"elementor-element elementor-element-aa78adf elementor-widget elementor-widget-image\" data-id=\"aa78adf\" data-element_type=\"widget\" data-widget_type=\"image.default\">\n\t\t\t\t<div class=\"elementor-widget-container\">\n\t\t\t\t\t\t\t\t\t\t\t\t\t\t\t<img decoding=\"async\" src=\"https:\/\/rodrigosiqueirabatista.com\/wp-content\/uploads\/2021\/08\/Bizu-Saude-Publica.jpg\" title=\"Bizu Sa\u00fade P\u00fablica\" alt=\"Bizu Sa\u00fade P\u00fablica\" loading=\"lazy\" \/>\t\t\t\t\t\t\t\t\t\t\t\t\t\t\t<\/div>\n\t\t\t\t<\/div>\n\t\t\t\t\t<\/div>\n\t\t<\/div>\n\t\t\t\t<div class=\"elementor-column elementor-col-50 elementor-top-column elementor-element elementor-element-a901cd0\" data-id=\"a901cd0\" data-element_type=\"column\">\n\t\t\t<div class=\"elementor-widget-wrap elementor-element-populated\">\n\t\t\t\t\t\t<div class=\"elementor-element elementor-element-b19c616 elementor-widget elementor-widget-heading\" data-id=\"b19c616\" data-element_type=\"widget\" data-widget_type=\"heading.default\">\n\t\t\t\t<div class=\"elementor-widget-container\">\n\t\t\t\t\t<h2 class=\"elementor-heading-title elementor-size-default\">Perguntas e respostas comentadas de Sa\u00fade P\u00fablica<\/h2>\t\t\t\t<\/div>\n\t\t\t\t<\/div>\n\t\t\t\t<div class=\"elementor-element elementor-element-41cc7ab elementor-widget-divider--view-line elementor-widget elementor-widget-divider\" data-id=\"41cc7ab\" data-element_type=\"widget\" data-widget_type=\"divider.default\">\n\t\t\t\t<div class=\"elementor-widget-container\">\n\t\t\t\t\t\t\t<div class=\"elementor-divider\">\n\t\t\t<span class=\"elementor-divider-separator\">\n\t\t\t\t\t\t<\/span>\n\t\t<\/div>\n\t\t\t\t\t\t<\/div>\n\t\t\t\t<\/div>\n\t\t\t\t<div class=\"elementor-element elementor-element-db0b3e5 elementor-widget elementor-widget-text-editor\" data-id=\"db0b3e5\" data-element_type=\"widget\" data-widget_type=\"text-editor.default\">\n\t\t\t\t<div class=\"elementor-widget-container\">\n\t\t\t\t\t\t\t\t\t<p>SIQUEIRA-BATISTA, R.; GOMES, A. P. Perguntas e respostas comentadas de Sa\u00fade P\u00fablica \u2013 2\u00aa edi\u00e7\u00e3o (2010); 1\u00aa edi\u00e7\u00e3o (2006). 1\u00aa ed. Rio de Janeiro: Rubio, 2006.<\/p>\t\t\t\t\t\t\t\t<\/div>\n\t\t\t\t<\/div>\n\t\t\t\t<div class=\"elementor-element elementor-element-09d5c52 elementor-widget elementor-widget-button\" data-id=\"09d5c52\" data-element_type=\"widget\" data-widget_type=\"button.default\">\n\t\t\t\t<div class=\"elementor-widget-container\">\n\t\t\t\t\t\t\t\t\t<div class=\"elementor-button-wrapper\">\n\t\t\t\t\t<a class=\"elementor-button elementor-button-link elementor-size-xs elementor-animation-shrink\" href=\"https:\/\/www.rubio.com.br\/livro-perguntas-e-respostas-comentadas-de-saude-publica-9788577710249-r15054.html\">\n\t\t\t\t\t\t<span class=\"elementor-button-content-wrapper\">\n\t\t\t\t\t\t\t\t\t<span class=\"elementor-button-text\">Encontre aqui<\/span>\n\t\t\t\t\t<\/span>\n\t\t\t\t\t<\/a>\n\t\t\t\t<\/div>\n\t\t\t\t\t\t\t\t<\/div>\n\t\t\t\t<\/div>\n\t\t\t\t<div class=\"elementor-element elementor-element-a8843cf elementor-widget elementor-widget-text-editor\" data-id=\"a8843cf\" data-element_type=\"widget\" data-widget_type=\"text-editor.default\">\n\t\t\t\t<div class=\"elementor-widget-container\">\n\t\t\t\t\t\t\t\t\t<p>\u201cO livro constitui-se, dessa forma, em um n\u00facleo claro e objetivo que condensa os conte\u00fados \u00fateis para quem atua ou deseja atuar na \u00e1rea, que pode ser usado como consulta r\u00e1pida, ao mesmo tempo possibilita aprofundar temas e remeter o leitor para outras leituras e outros conhecimentos que comp\u00f5em o complexo campo da sa\u00fade p\u00fablica\u201d.<\/p>\t\t\t\t\t\t\t\t<\/div>\n\t\t\t\t<\/div>\n\t\t\t\t<div class=\"elementor-element elementor-element-f5b258a elementor-widget elementor-widget-text-editor\" data-id=\"f5b258a\" data-element_type=\"widget\" data-widget_type=\"text-editor.default\">\n\t\t\t\t<div class=\"elementor-widget-container\">\n\t\t\t\t\t\t\t\t\t<p>(Extra\u00eddo do Pref\u00e1cio do livro)<\/p>\t\t\t\t\t\t\t\t<\/div>\n\t\t\t\t<\/div>\n\t\t\t\t\t<\/div>\n\t\t<\/div>\n\t\t\t\t\t<\/div>\n\t\t<\/section>\n\t\t\t\t<\/div>","protected":false},"excerpt":{"rendered":"<p>Perguntas e respostas comentadas de Sa\u00fade P\u00fablica SIQUEIRA-BATISTA, R.; GOMES, A. P. Perguntas e respostas comentadas de Sa\u00fade P\u00fablica \u2013 2\u00aa edi\u00e7\u00e3o (2010); 1\u00aa edi\u00e7\u00e3o (2006). 1\u00aa ed. Rio de Janeiro: Rubio, 2006. Encontre aqui \u201cO livro constitui-se, dessa forma, em um n\u00facleo claro e objetivo que condensa os conte\u00fados \u00fateis para quem atua ou&hellip; <a class=\"more-link\" href=\"https:\/\/rodrigosiqueirabatista.com\/en\/perguntas-e-respostas-comentadas-de-saude-publica%e2%80%8b\/\">Continue reading <span class=\"screen-reader-text\">Perguntas e respostas comentadas de Sa\u00fade P\u00fablica\u200b<\/span><\/a><\/p>","protected":false},"author":1,"featured_media":0,"parent":0,"menu_order":0,"comment_status":"closed","ping_status":"closed","template":"elementor_canvas","meta":{"footnotes":""},"class_list":["post-399","page","type-page","status-publish","hentry","entry"],"_links":{"self":[{"href":"https:\/\/rodrigosiqueirabatista.com\/en\/wp-json\/wp\/v2\/pages\/399","targetHints":{"allow":["GET"]}}],"collection":[{"href":"https:\/\/rodrigosiqueirabatista.com\/en\/wp-json\/wp\/v2\/pages"}],"about":[{"href":"https:\/\/rodrigosiqueirabatista.com\/en\/wp-json\/wp\/v2\/types\/page"}],"author":[{"embeddable":true,"href":"https:\/\/rodrigosiqueirabatista.com\/en\/wp-json\/wp\/v2\/users\/1"}],"replies":[{"embeddable":true,"href":"https:\/\/rodrigosiqueirabatista.com\/en\/wp-json\/wp\/v2\/comments?post=399"}],"version-history":[{"count":10,"href":"https:\/\/rodrigosiqueirabatista.com\/en\/wp-json\/wp\/v2\/pages\/399\/revisions"}],"predecessor-version":[{"id":957,"href":"https:\/\/rodrigosiqueirabatista.com\/en\/wp-json\/wp\/v2\/pages\/399\/revisions\/957"}],"wp:attachment":[{"href":"https:\/\/rodrigosiqueirabatista.com\/en\/wp-json\/wp\/v2\/media?parent=399"}],"curies":[{"name":"wp","href":"https:\/\/api.w.org\/{rel}","templated":true}]}}