{"id":397,"date":"2021-06-02T18:23:33","date_gmt":"2021-06-02T18:23:33","guid":{"rendered":"https:\/\/rodrigosiqueirabatista.com\/?page_id=397"},"modified":"2022-02-19T19:28:54","modified_gmt":"2022-02-19T19:28:54","slug":"contos-do-nao-tempo","status":"publish","type":"page","link":"https:\/\/rodrigosiqueirabatista.com\/en\/contos-do-nao-tempo\/","title":{"rendered":"Contos do n\u00e3o-tempo"},"content":{"rendered":"<div data-elementor-type=\"wp-page\" data-elementor-id=\"397\" class=\"elementor elementor-397\" data-elementor-post-type=\"page\">\n\t\t\t\t\t\t<section class=\"elementor-section elementor-top-section elementor-element elementor-element-9df9d3b elementor-section-boxed elementor-section-height-default elementor-section-height-default\" data-id=\"9df9d3b\" data-element_type=\"section\">\n\t\t\t\t\t\t<div class=\"elementor-container elementor-column-gap-default\">\n\t\t\t\t\t<div class=\"elementor-column elementor-col-50 elementor-top-column elementor-element elementor-element-3b20524\" data-id=\"3b20524\" data-element_type=\"column\">\n\t\t\t<div class=\"elementor-widget-wrap elementor-element-populated\">\n\t\t\t\t\t\t<div class=\"elementor-element elementor-element-89f70e5 elementor-widget elementor-widget-image\" data-id=\"89f70e5\" data-element_type=\"widget\" data-widget_type=\"image.default\">\n\t\t\t\t<div class=\"elementor-widget-container\">\n\t\t\t\t\t\t\t\t\t\t\t\t\t\t\t<img decoding=\"async\" src=\"https:\/\/rodrigosiqueirabatista.com\/wp-content\/uploads\/2021\/08\/Contos.jpg\" title=\"Tales\" alt=\"Contos\" loading=\"lazy\" \/>\t\t\t\t\t\t\t\t\t\t\t\t\t\t\t<\/div>\n\t\t\t\t<\/div>\n\t\t\t\t\t<\/div>\n\t\t<\/div>\n\t\t\t\t<div class=\"elementor-column elementor-col-50 elementor-top-column elementor-element elementor-element-371b85b\" data-id=\"371b85b\" data-element_type=\"column\">\n\t\t\t<div class=\"elementor-widget-wrap elementor-element-populated\">\n\t\t\t\t\t\t<div class=\"elementor-element elementor-element-0b9eff5 elementor-widget elementor-widget-heading\" data-id=\"0b9eff5\" data-element_type=\"widget\" data-widget_type=\"heading.default\">\n\t\t\t\t<div class=\"elementor-widget-container\">\n\t\t\t\t\t<h2 class=\"elementor-heading-title elementor-size-default\">Contos do n\u00e3o-tempo<\/h2>\t\t\t\t<\/div>\n\t\t\t\t<\/div>\n\t\t\t\t<div class=\"elementor-element elementor-element-a274fb2 elementor-widget-divider--view-line elementor-widget elementor-widget-divider\" data-id=\"a274fb2\" data-element_type=\"widget\" data-widget_type=\"divider.default\">\n\t\t\t\t<div class=\"elementor-widget-container\">\n\t\t\t\t\t\t\t<div class=\"elementor-divider\">\n\t\t\t<span class=\"elementor-divider-separator\">\n\t\t\t\t\t\t<\/span>\n\t\t<\/div>\n\t\t\t\t\t\t<\/div>\n\t\t\t\t<\/div>\n\t\t\t\t<div class=\"elementor-element elementor-element-228975f elementor-widget elementor-widget-text-editor\" data-id=\"228975f\" data-element_type=\"widget\" data-widget_type=\"text-editor.default\">\n\t\t\t\t<div class=\"elementor-widget-container\">\n\t\t\t\t\t\t\t\t\t<p>SIQUEIRA-BATISTA, R. Contos do n\u00e3o-tempo. 1\u00aa edi\u00e7\u00e3o. \u00c9vora: Casa do Sul, 2008. 56p.<\/p>\t\t\t\t\t\t\t\t<\/div>\n\t\t\t\t<\/div>\n\t\t\t\t<div class=\"elementor-element elementor-element-38e6ce2 elementor-widget elementor-widget-button\" data-id=\"38e6ce2\" data-element_type=\"widget\" data-widget_type=\"button.default\">\n\t\t\t\t<div class=\"elementor-widget-container\">\n\t\t\t\t\t\t\t\t\t<div class=\"elementor-button-wrapper\">\n\t\t\t\t\t<a class=\"elementor-button elementor-button-link elementor-size-xs elementor-animation-shrink\" href=\"#\">\n\t\t\t\t\t\t<span class=\"elementor-button-content-wrapper\">\n\t\t\t\t\t\t\t\t\t<span class=\"elementor-button-text\">Encontre aqui<\/span>\n\t\t\t\t\t<\/span>\n\t\t\t\t\t<\/a>\n\t\t\t\t<\/div>\n\t\t\t\t\t\t\t\t<\/div>\n\t\t\t\t<\/div>\n\t\t\t\t<div class=\"elementor-element elementor-element-31e84f0 elementor-widget elementor-widget-text-editor\" data-id=\"31e84f0\" data-element_type=\"widget\" data-widget_type=\"text-editor.default\">\n\t\t\t\t<div class=\"elementor-widget-container\">\n\t\t\t\t\t\t\t\t\t<p>\u201cOs contos do n\u00e3o-tempo s\u00e3o a recorda\u00e7\u00e3o da terra onde assentamos os passos. Apesar de firme, exige renova\u00e7\u00e3o, \u00e9 o contr\u00e1rio do que estaria garantido. Revela-se no discurso quase imediato, mas tamb\u00e9m na fantasia que desloca as personagens.<br \/>(&#8230;)<br \/>A linguagem apresenta grande diversidade. Os textos nascem de oposi\u00e7\u00f5es: \u00abvida-morte\u00bb, \u00abperene-ef\u00e9mero\u00bb, \u00abraz\u00e3o-emo\u00e7\u00e3o\u00bb, \u00abnovo-velho\u00bb. S\u00e3o quase seiscentistas. O conte\u00fado tem influ\u00eancias de correntes filos\u00f3ficas do s\u00e9culo XX. No entanto, o prop\u00f3sito, desde o in\u00edcio, foi o de incidir sobre as diferen\u00e7as\u201d.<\/p>\t\t\t\t\t\t\t\t<\/div>\n\t\t\t\t<\/div>\n\t\t\t\t<div class=\"elementor-element elementor-element-0ff3de0 elementor-widget elementor-widget-text-editor\" data-id=\"0ff3de0\" data-element_type=\"widget\" data-widget_type=\"text-editor.default\">\n\t\t\t\t<div class=\"elementor-widget-container\">\n\t\t\t\t\t\t\t\t\t<p>(Extra\u00eddo do Pref\u00e1cio do livro)<\/p>\t\t\t\t\t\t\t\t<\/div>\n\t\t\t\t<\/div>\n\t\t\t\t\t<\/div>\n\t\t<\/div>\n\t\t\t\t\t<\/div>\n\t\t<\/section>\n\t\t\t\t<\/div>","protected":false},"excerpt":{"rendered":"<p>Contos do n\u00e3o-tempo SIQUEIRA-BATISTA, R. Contos do n\u00e3o-tempo. 1\u00aa edi\u00e7\u00e3o. \u00c9vora: Casa do Sul, 2008. 56p. Encontre aqui \u201cOs contos do n\u00e3o-tempo s\u00e3o a recorda\u00e7\u00e3o da terra onde assentamos os passos. Apesar de firme, exige renova\u00e7\u00e3o, \u00e9 o contr\u00e1rio do que estaria garantido. Revela-se no discurso quase imediato, mas tamb\u00e9m na fantasia que desloca as&hellip; <a class=\"more-link\" href=\"https:\/\/rodrigosiqueirabatista.com\/en\/contos-do-nao-tempo\/\">Continue reading <span class=\"screen-reader-text\">Contos do n\u00e3o-tempo<\/span><\/a><\/p>","protected":false},"author":1,"featured_media":0,"parent":0,"menu_order":0,"comment_status":"closed","ping_status":"closed","template":"elementor_canvas","meta":{"footnotes":""},"class_list":["post-397","page","type-page","status-publish","hentry","entry"],"_links":{"self":[{"href":"https:\/\/rodrigosiqueirabatista.com\/en\/wp-json\/wp\/v2\/pages\/397","targetHints":{"allow":["GET"]}}],"collection":[{"href":"https:\/\/rodrigosiqueirabatista.com\/en\/wp-json\/wp\/v2\/pages"}],"about":[{"href":"https:\/\/rodrigosiqueirabatista.com\/en\/wp-json\/wp\/v2\/types\/page"}],"author":[{"embeddable":true,"href":"https:\/\/rodrigosiqueirabatista.com\/en\/wp-json\/wp\/v2\/users\/1"}],"replies":[{"embeddable":true,"href":"https:\/\/rodrigosiqueirabatista.com\/en\/wp-json\/wp\/v2\/comments?post=397"}],"version-history":[{"count":25,"href":"https:\/\/rodrigosiqueirabatista.com\/en\/wp-json\/wp\/v2\/pages\/397\/revisions"}],"predecessor-version":[{"id":1850,"href":"https:\/\/rodrigosiqueirabatista.com\/en\/wp-json\/wp\/v2\/pages\/397\/revisions\/1850"}],"wp:attachment":[{"href":"https:\/\/rodrigosiqueirabatista.com\/en\/wp-json\/wp\/v2\/media?parent=397"}],"curies":[{"name":"wp","href":"https:\/\/api.w.org\/{rel}","templated":true}]}}