{"id":395,"date":"2021-06-02T18:23:11","date_gmt":"2021-06-02T18:23:11","guid":{"rendered":"https:\/\/rodrigosiqueirabatista.com\/?page_id=395"},"modified":"2021-09-03T21:03:06","modified_gmt":"2021-09-03T21:03:06","slug":"bioetica-para-profissionais-da-saude","status":"publish","type":"page","link":"https:\/\/rodrigosiqueirabatista.com\/en\/bioetica-para-profissionais-da-saude\/","title":{"rendered":"Bio\u00e9tica para profissionais da sa\u00fade"},"content":{"rendered":"<div data-elementor-type=\"wp-page\" data-elementor-id=\"395\" class=\"elementor elementor-395\" data-elementor-post-type=\"page\">\n\t\t\t\t\t\t<section class=\"elementor-section elementor-top-section elementor-element elementor-element-8723a03 elementor-section-boxed elementor-section-height-default elementor-section-height-default\" data-id=\"8723a03\" data-element_type=\"section\">\n\t\t\t\t\t\t<div class=\"elementor-container elementor-column-gap-default\">\n\t\t\t\t\t<div class=\"elementor-column elementor-col-50 elementor-top-column elementor-element elementor-element-66e9db5\" data-id=\"66e9db5\" data-element_type=\"column\">\n\t\t\t<div class=\"elementor-widget-wrap elementor-element-populated\">\n\t\t\t\t\t\t<div class=\"elementor-element elementor-element-0472f3c elementor-widget elementor-widget-image\" data-id=\"0472f3c\" data-element_type=\"widget\" data-widget_type=\"image.default\">\n\t\t\t\t<div class=\"elementor-widget-container\">\n\t\t\t\t\t\t\t\t\t\t\t\t\t\t\t<img decoding=\"async\" src=\"https:\/\/rodrigosiqueirabatista.com\/wp-content\/uploads\/2021\/08\/Bioetica.png\" title=\"Bioetica\" alt=\"Bioetica\" loading=\"lazy\" \/>\t\t\t\t\t\t\t\t\t\t\t\t\t\t\t<\/div>\n\t\t\t\t<\/div>\n\t\t\t\t\t<\/div>\n\t\t<\/div>\n\t\t\t\t<div class=\"elementor-column elementor-col-50 elementor-top-column elementor-element elementor-element-a67ca8b\" data-id=\"a67ca8b\" data-element_type=\"column\">\n\t\t\t<div class=\"elementor-widget-wrap elementor-element-populated\">\n\t\t\t\t\t\t<div class=\"elementor-element elementor-element-a6036da elementor-widget elementor-widget-heading\" data-id=\"a6036da\" data-element_type=\"widget\" data-widget_type=\"heading.default\">\n\t\t\t\t<div class=\"elementor-widget-container\">\n\t\t\t\t\t<h2 class=\"elementor-heading-title elementor-size-default\">Bio\u00e9tica para profissionais da sa\u00fade<\/h2>\t\t\t\t<\/div>\n\t\t\t\t<\/div>\n\t\t\t\t<div class=\"elementor-element elementor-element-f2e2a50 elementor-widget-divider--view-line elementor-widget elementor-widget-divider\" data-id=\"f2e2a50\" data-element_type=\"widget\" data-widget_type=\"divider.default\">\n\t\t\t\t<div class=\"elementor-widget-container\">\n\t\t\t\t\t\t\t<div class=\"elementor-divider\">\n\t\t\t<span class=\"elementor-divider-separator\">\n\t\t\t\t\t\t<\/span>\n\t\t<\/div>\n\t\t\t\t\t\t<\/div>\n\t\t\t\t<\/div>\n\t\t\t\t<div class=\"elementor-element elementor-element-118d028 elementor-widget elementor-widget-text-editor\" data-id=\"118d028\" data-element_type=\"widget\" data-widget_type=\"text-editor.default\">\n\t\t\t\t<div class=\"elementor-widget-container\">\n\t\t\t\t\t\t\t\t\t<p>REGO, S.; PAL\u00c1CIOS, M.; SIQUEIRA-BATISTA, R. Bio\u00e9tica para profissionais da sa\u00fade \u2013 2\u00aa reimpress\u00e3o (2020); 1\u00aa reimpress\u00e3o (2014); 1\u00aa impress\u00e3o (2009). 1. ed. Rio de Janeiro: Editora FIOCRUZ, 2009.<\/p>\t\t\t\t\t\t\t\t<\/div>\n\t\t\t\t<\/div>\n\t\t\t\t<div class=\"elementor-element elementor-element-bd0526b elementor-widget elementor-widget-button\" data-id=\"bd0526b\" data-element_type=\"widget\" data-widget_type=\"button.default\">\n\t\t\t\t<div class=\"elementor-widget-container\">\n\t\t\t\t\t\t\t\t\t<div class=\"elementor-button-wrapper\">\n\t\t\t\t\t<a class=\"elementor-button elementor-button-link elementor-size-xs elementor-animation-shrink\" href=\"http:\/\/books.scielo.org\/id\/33937\">\n\t\t\t\t\t\t<span class=\"elementor-button-content-wrapper\">\n\t\t\t\t\t\t\t\t\t<span class=\"elementor-button-text\">Encontre aqui<\/span>\n\t\t\t\t\t<\/span>\n\t\t\t\t\t<\/a>\n\t\t\t\t<\/div>\n\t\t\t\t\t\t\t\t<\/div>\n\t\t\t\t<\/div>\n\t\t\t\t<div class=\"elementor-element elementor-element-010ff25 elementor-widget elementor-widget-text-editor\" data-id=\"010ff25\" data-element_type=\"widget\" data-widget_type=\"text-editor.default\">\n\t\t\t\t<div class=\"elementor-widget-container\">\n\t\t\t\t\t\t\t\t\t<p>\u201cA ideia que perpassa todo o livro, orientando o olhar a cada momento, \u00e9 a de que a bio\u00e9tica pode ser compreendida e utilizada como uma verdadeira ponte para superar as velhas \u2013 e muitas vezes falsas \u2013 dicotomias entre o individual e o coletivo \u2013 ou, em termos mais espec\u00edficos, entre a cl\u00ednica e a sa\u00fade p\u00fablica\u201d.<\/p>\t\t\t\t\t\t\t\t<\/div>\n\t\t\t\t<\/div>\n\t\t\t\t<div class=\"elementor-element elementor-element-a93c5ad elementor-widget elementor-widget-text-editor\" data-id=\"a93c5ad\" data-element_type=\"widget\" data-widget_type=\"text-editor.default\">\n\t\t\t\t<div class=\"elementor-widget-container\">\n\t\t\t\t\t\t\t\t\t<p>(Extra\u00eddo da Apresenta\u00e7\u00e3o do livro)<\/p>\t\t\t\t\t\t\t\t<\/div>\n\t\t\t\t<\/div>\n\t\t\t\t\t<\/div>\n\t\t<\/div>\n\t\t\t\t\t<\/div>\n\t\t<\/section>\n\t\t\t\t<\/div>","protected":false},"excerpt":{"rendered":"<p>Bio\u00e9tica para profissionais da sa\u00fade REGO, S.; PAL\u00c1CIOS, M.; SIQUEIRA-BATISTA, R. Bio\u00e9tica para profissionais da sa\u00fade \u2013 2\u00aa reimpress\u00e3o (2020); 1\u00aa reimpress\u00e3o (2014); 1\u00aa impress\u00e3o (2009). 1. ed. Rio de Janeiro: Editora FIOCRUZ, 2009. Encontre aqui \u201cA ideia que perpassa todo o livro, orientando o olhar a cada momento, \u00e9 a de que a bio\u00e9tica&hellip; <a class=\"more-link\" href=\"https:\/\/rodrigosiqueirabatista.com\/en\/bioetica-para-profissionais-da-saude\/\">Continue reading <span class=\"screen-reader-text\">Bio\u00e9tica para profissionais da sa\u00fade<\/span><\/a><\/p>","protected":false},"author":1,"featured_media":0,"parent":0,"menu_order":0,"comment_status":"closed","ping_status":"closed","template":"elementor_canvas","meta":{"footnotes":""},"class_list":["post-395","page","type-page","status-publish","hentry","entry"],"_links":{"self":[{"href":"https:\/\/rodrigosiqueirabatista.com\/en\/wp-json\/wp\/v2\/pages\/395","targetHints":{"allow":["GET"]}}],"collection":[{"href":"https:\/\/rodrigosiqueirabatista.com\/en\/wp-json\/wp\/v2\/pages"}],"about":[{"href":"https:\/\/rodrigosiqueirabatista.com\/en\/wp-json\/wp\/v2\/types\/page"}],"author":[{"embeddable":true,"href":"https:\/\/rodrigosiqueirabatista.com\/en\/wp-json\/wp\/v2\/users\/1"}],"replies":[{"embeddable":true,"href":"https:\/\/rodrigosiqueirabatista.com\/en\/wp-json\/wp\/v2\/comments?post=395"}],"version-history":[{"count":22,"href":"https:\/\/rodrigosiqueirabatista.com\/en\/wp-json\/wp\/v2\/pages\/395\/revisions"}],"predecessor-version":[{"id":1102,"href":"https:\/\/rodrigosiqueirabatista.com\/en\/wp-json\/wp\/v2\/pages\/395\/revisions\/1102"}],"wp:attachment":[{"href":"https:\/\/rodrigosiqueirabatista.com\/en\/wp-json\/wp\/v2\/media?parent=395"}],"curies":[{"name":"wp","href":"https:\/\/api.w.org\/{rel}","templated":true}]}}