{"id":393,"date":"2021-06-02T18:22:54","date_gmt":"2021-06-02T18:22:54","guid":{"rendered":"https:\/\/rodrigosiqueirabatista.com\/?page_id=393"},"modified":"2021-08-19T21:16:32","modified_gmt":"2021-08-19T21:16:32","slug":"perguntas-e-respostas-comentadas-de-clinica-medica","status":"publish","type":"page","link":"https:\/\/rodrigosiqueirabatista.com\/en\/perguntas-e-respostas-comentadas-de-clinica-medica\/","title":{"rendered":"Perguntas e respostas comentadas de Cl\u00ednica M\u00e9dica"},"content":{"rendered":"<div data-elementor-type=\"wp-page\" data-elementor-id=\"393\" class=\"elementor elementor-393\" data-elementor-post-type=\"page\">\n\t\t\t\t\t\t<section class=\"elementor-section elementor-top-section elementor-element elementor-element-16a2de8 elementor-section-boxed elementor-section-height-default elementor-section-height-default\" data-id=\"16a2de8\" data-element_type=\"section\">\n\t\t\t\t\t\t<div class=\"elementor-container elementor-column-gap-default\">\n\t\t\t\t\t<div class=\"elementor-column elementor-col-50 elementor-top-column elementor-element elementor-element-e5914eb\" data-id=\"e5914eb\" data-element_type=\"column\">\n\t\t\t<div class=\"elementor-widget-wrap elementor-element-populated\">\n\t\t\t\t\t\t<div class=\"elementor-element elementor-element-8a5d56f elementor-widget elementor-widget-image\" data-id=\"8a5d56f\" data-element_type=\"widget\" data-widget_type=\"image.default\">\n\t\t\t\t<div class=\"elementor-widget-container\">\n\t\t\t\t\t\t\t\t\t\t\t\t\t\t\t<img fetchpriority=\"high\" decoding=\"async\" width=\"686\" height=\"1024\" src=\"https:\/\/rodrigosiqueirabatista.com\/wp-content\/uploads\/2021\/08\/Bizu-Clinica-686x1024.jpg\" class=\"attachment-large size-large wp-image-819\" alt=\"\" srcset=\"https:\/\/rodrigosiqueirabatista.com\/wp-content\/uploads\/2021\/08\/Bizu-Clinica-686x1024.jpg 686w, https:\/\/rodrigosiqueirabatista.com\/wp-content\/uploads\/2021\/08\/Bizu-Clinica-201x300.jpg 201w, https:\/\/rodrigosiqueirabatista.com\/wp-content\/uploads\/2021\/08\/Bizu-Clinica-768x1147.jpg 768w, https:\/\/rodrigosiqueirabatista.com\/wp-content\/uploads\/2021\/08\/Bizu-Clinica-1028x1536.jpg 1028w, https:\/\/rodrigosiqueirabatista.com\/wp-content\/uploads\/2021\/08\/Bizu-Clinica.jpg 1080w\" sizes=\"(max-width: 686px) 100vw, 686px\" style=\"width:100%;height:149.35%;max-width:1080px\" \/>\t\t\t\t\t\t\t\t\t\t\t\t\t\t\t<\/div>\n\t\t\t\t<\/div>\n\t\t\t\t\t<\/div>\n\t\t<\/div>\n\t\t\t\t<div class=\"elementor-column elementor-col-50 elementor-top-column elementor-element elementor-element-816c1db\" data-id=\"816c1db\" data-element_type=\"column\">\n\t\t\t<div class=\"elementor-widget-wrap elementor-element-populated\">\n\t\t\t\t\t\t<div class=\"elementor-element elementor-element-b16a8fc elementor-widget elementor-widget-heading\" data-id=\"b16a8fc\" data-element_type=\"widget\" data-widget_type=\"heading.default\">\n\t\t\t\t<div class=\"elementor-widget-container\">\n\t\t\t\t\t<h2 class=\"elementor-heading-title elementor-size-default\">Perguntas e respostas comentadas de Cl\u00ednica M\u00e9dica<\/h2>\t\t\t\t<\/div>\n\t\t\t\t<\/div>\n\t\t\t\t<div class=\"elementor-element elementor-element-40d28ee elementor-widget-divider--view-line elementor-widget elementor-widget-divider\" data-id=\"40d28ee\" data-element_type=\"widget\" data-widget_type=\"divider.default\">\n\t\t\t\t<div class=\"elementor-widget-container\">\n\t\t\t\t\t\t\t<div class=\"elementor-divider\">\n\t\t\t<span class=\"elementor-divider-separator\">\n\t\t\t\t\t\t<\/span>\n\t\t<\/div>\n\t\t\t\t\t\t<\/div>\n\t\t\t\t<\/div>\n\t\t\t\t<div class=\"elementor-element elementor-element-aa0290b elementor-widget elementor-widget-text-editor\" data-id=\"aa0290b\" data-element_type=\"widget\" data-widget_type=\"text-editor.default\">\n\t\t\t\t<div class=\"elementor-widget-container\">\n\t\t\t\t\t\t\t\t\t<p>SIQUEIRA-BATISTA, R.; GOMES, A. P.; PINTO, L. G. T.; SILVA SANTOS, S. Perguntas e respostas comentadas de Cl\u00ednica M\u00e9dica. 1\u00aa ed. Rio de Janeiro: Rubio, 2009.<\/p>\t\t\t\t\t\t\t\t<\/div>\n\t\t\t\t<\/div>\n\t\t\t\t<div class=\"elementor-element elementor-element-127651f elementor-widget elementor-widget-button\" data-id=\"127651f\" data-element_type=\"widget\" data-widget_type=\"button.default\">\n\t\t\t\t<div class=\"elementor-widget-container\">\n\t\t\t\t\t\t\t\t\t<div class=\"elementor-button-wrapper\">\n\t\t\t\t\t<a class=\"elementor-button elementor-button-link elementor-size-xs elementor-animation-shrink\" href=\"https:\/\/www.rubio.com.br\/livro-perguntas-e-respostas-comentadas-de-clinica-medica-9788577710119-si7618.html\">\n\t\t\t\t\t\t<span class=\"elementor-button-content-wrapper\">\n\t\t\t\t\t\t\t\t\t<span class=\"elementor-button-text\">Encontre aqui<\/span>\n\t\t\t\t\t<\/span>\n\t\t\t\t\t<\/a>\n\t\t\t\t<\/div>\n\t\t\t\t\t\t\t\t<\/div>\n\t\t\t\t<\/div>\n\t\t\t\t<div class=\"elementor-element elementor-element-dfff1ac elementor-widget elementor-widget-text-editor\" data-id=\"dfff1ac\" data-element_type=\"widget\" data-widget_type=\"text-editor.default\">\n\t\t\t\t<div class=\"elementor-widget-container\">\n\t\t\t\t\t\t\t\t\t<p>\u201cCom a coordena\u00e7\u00e3o e lideran\u00e7a do din\u00e2mico e excelente Prof. Rodrigo Siqueira Batista, o livro Perguntas e Respostas Comentadas de Cl\u00ednica M\u00e9dica ganha em conte\u00fado e aprimora-se ao comentar e explicar as respostas aos questionamentos.<br \/>(&#8230;) <br \/>Refor\u00e7o minha admira\u00e7\u00e3o pelos coordenadores editoriais e pela excel\u00eancia dos colaboradores escolhidos\u201d.<\/p>\t\t\t\t\t\t\t\t<\/div>\n\t\t\t\t<\/div>\n\t\t\t\t<div class=\"elementor-element elementor-element-88c6808 elementor-widget elementor-widget-text-editor\" data-id=\"88c6808\" data-element_type=\"widget\" data-widget_type=\"text-editor.default\">\n\t\t\t\t<div class=\"elementor-widget-container\">\n\t\t\t\t\t\t\t\t\t<p>(Extra\u00eddo do Pref\u00e1cio do livro)<\/p>\t\t\t\t\t\t\t\t<\/div>\n\t\t\t\t<\/div>\n\t\t\t\t\t<\/div>\n\t\t<\/div>\n\t\t\t\t\t<\/div>\n\t\t<\/section>\n\t\t\t\t<\/div>","protected":false},"excerpt":{"rendered":"<p>Perguntas e respostas comentadas de Cl\u00ednica M\u00e9dica SIQUEIRA-BATISTA, R.; GOMES, A. P.; PINTO, L. G. T.; SILVA SANTOS, S. Perguntas e respostas comentadas de Cl\u00ednica M\u00e9dica. 1\u00aa ed. Rio de Janeiro: Rubio, 2009. Encontre aqui \u201cCom a coordena\u00e7\u00e3o e lideran\u00e7a do din\u00e2mico e excelente Prof. Rodrigo Siqueira Batista, o livro Perguntas e Respostas Comentadas de&hellip; <a class=\"more-link\" href=\"https:\/\/rodrigosiqueirabatista.com\/en\/perguntas-e-respostas-comentadas-de-clinica-medica\/\">Continue reading <span class=\"screen-reader-text\">Perguntas e respostas comentadas de Cl\u00ednica M\u00e9dica<\/span><\/a><\/p>","protected":false},"author":1,"featured_media":0,"parent":0,"menu_order":0,"comment_status":"closed","ping_status":"closed","template":"elementor_canvas","meta":{"footnotes":""},"class_list":["post-393","page","type-page","status-publish","hentry","entry"],"_links":{"self":[{"href":"https:\/\/rodrigosiqueirabatista.com\/en\/wp-json\/wp\/v2\/pages\/393","targetHints":{"allow":["GET"]}}],"collection":[{"href":"https:\/\/rodrigosiqueirabatista.com\/en\/wp-json\/wp\/v2\/pages"}],"about":[{"href":"https:\/\/rodrigosiqueirabatista.com\/en\/wp-json\/wp\/v2\/types\/page"}],"author":[{"embeddable":true,"href":"https:\/\/rodrigosiqueirabatista.com\/en\/wp-json\/wp\/v2\/users\/1"}],"replies":[{"embeddable":true,"href":"https:\/\/rodrigosiqueirabatista.com\/en\/wp-json\/wp\/v2\/comments?post=393"}],"version-history":[{"count":10,"href":"https:\/\/rodrigosiqueirabatista.com\/en\/wp-json\/wp\/v2\/pages\/393\/revisions"}],"predecessor-version":[{"id":954,"href":"https:\/\/rodrigosiqueirabatista.com\/en\/wp-json\/wp\/v2\/pages\/393\/revisions\/954"}],"wp:attachment":[{"href":"https:\/\/rodrigosiqueirabatista.com\/en\/wp-json\/wp\/v2\/media?parent=393"}],"curies":[{"name":"wp","href":"https:\/\/api.w.org\/{rel}","templated":true}]}}