{"id":391,"date":"2021-06-02T18:22:39","date_gmt":"2021-06-02T18:22:39","guid":{"rendered":"https:\/\/rodrigosiqueirabatista.com\/?page_id=391"},"modified":"2021-08-19T21:16:12","modified_gmt":"2021-08-19T21:16:12","slug":"laboratorio-aplicado-a-clinica-guia-pratico","status":"publish","type":"page","link":"https:\/\/rodrigosiqueirabatista.com\/en\/laboratorio-aplicado-a-clinica-guia-pratico\/","title":{"rendered":"Laborat\u00f3rio aplicado a cl\u00ednica: guia pr\u00e1tico"},"content":{"rendered":"<div data-elementor-type=\"wp-page\" data-elementor-id=\"391\" class=\"elementor elementor-391\" data-elementor-post-type=\"page\">\n\t\t\t\t\t\t<section class=\"elementor-section elementor-top-section elementor-element elementor-element-c22a8bf elementor-section-boxed elementor-section-height-default elementor-section-height-default\" data-id=\"c22a8bf\" data-element_type=\"section\">\n\t\t\t\t\t\t<div class=\"elementor-container elementor-column-gap-default\">\n\t\t\t\t\t<div class=\"elementor-column elementor-col-50 elementor-top-column elementor-element elementor-element-edf90f9\" data-id=\"edf90f9\" data-element_type=\"column\">\n\t\t\t<div class=\"elementor-widget-wrap elementor-element-populated\">\n\t\t\t\t\t\t<div class=\"elementor-element elementor-element-4304f6d elementor-widget elementor-widget-image\" data-id=\"4304f6d\" data-element_type=\"widget\" data-widget_type=\"image.default\">\n\t\t\t\t<div class=\"elementor-widget-container\">\n\t\t\t\t\t\t\t\t\t\t\t\t\t\t\t<img fetchpriority=\"high\" decoding=\"async\" width=\"688\" height=\"1024\" src=\"https:\/\/rodrigosiqueirabatista.com\/wp-content\/uploads\/2021\/08\/LAC-688x1024.jpg\" class=\"attachment-large size-large wp-image-799\" alt=\"\" srcset=\"https:\/\/rodrigosiqueirabatista.com\/wp-content\/uploads\/2021\/08\/LAC-688x1024.jpg 688w, https:\/\/rodrigosiqueirabatista.com\/wp-content\/uploads\/2021\/08\/LAC-201x300.jpg 201w, https:\/\/rodrigosiqueirabatista.com\/wp-content\/uploads\/2021\/08\/LAC-768x1143.jpg 768w, https:\/\/rodrigosiqueirabatista.com\/wp-content\/uploads\/2021\/08\/LAC-1032x1536.jpg 1032w, https:\/\/rodrigosiqueirabatista.com\/wp-content\/uploads\/2021\/08\/LAC.jpg 1080w\" sizes=\"(max-width: 688px) 100vw, 688px\" style=\"width:100%;height:148.89%;max-width:1080px\" \/>\t\t\t\t\t\t\t\t\t\t\t\t\t\t\t<\/div>\n\t\t\t\t<\/div>\n\t\t\t\t\t<\/div>\n\t\t<\/div>\n\t\t\t\t<div class=\"elementor-column elementor-col-50 elementor-top-column elementor-element elementor-element-982a71f\" data-id=\"982a71f\" data-element_type=\"column\">\n\t\t\t<div class=\"elementor-widget-wrap elementor-element-populated\">\n\t\t\t\t\t\t<div class=\"elementor-element elementor-element-ffe4d8a elementor-widget elementor-widget-heading\" data-id=\"ffe4d8a\" data-element_type=\"widget\" data-widget_type=\"heading.default\">\n\t\t\t\t<div class=\"elementor-widget-container\">\n\t\t\t\t\t<h2 class=\"elementor-heading-title elementor-size-default\">Laborat\u00f3rio aplicado a cl\u00ednica: guia pr\u00e1tico<\/h2>\t\t\t\t<\/div>\n\t\t\t\t<\/div>\n\t\t\t\t<div class=\"elementor-element elementor-element-681d521 elementor-widget-divider--view-line elementor-widget elementor-widget-divider\" data-id=\"681d521\" data-element_type=\"widget\" data-widget_type=\"divider.default\">\n\t\t\t\t<div class=\"elementor-widget-container\">\n\t\t\t\t\t\t\t<div class=\"elementor-divider\">\n\t\t\t<span class=\"elementor-divider-separator\">\n\t\t\t\t\t\t<\/span>\n\t\t<\/div>\n\t\t\t\t\t\t<\/div>\n\t\t\t\t<\/div>\n\t\t\t\t<div class=\"elementor-element elementor-element-b0f19e4 elementor-widget elementor-widget-text-editor\" data-id=\"b0f19e4\" data-element_type=\"widget\" data-widget_type=\"text-editor.default\">\n\t\t\t\t<div class=\"elementor-widget-container\">\n\t\t\t\t\t\t\t\t\t<p>GOMES, A. P.; BAZZOLLI, D.; FONTES, G. G.; LIMA, L. M.; OLIVEIRA, M. R.; SIQUEIRA-BATISTA, R.; SOUZA, V. B. Laborat\u00f3rio aplicado a cl\u00ednica: guia pr\u00e1tico. Vi\u00e7osa: Editora UFV, 2012.<\/p>\t\t\t\t\t\t\t\t<\/div>\n\t\t\t\t<\/div>\n\t\t\t\t<div class=\"elementor-element elementor-element-8074c6b elementor-widget elementor-widget-button\" data-id=\"8074c6b\" data-element_type=\"widget\" data-widget_type=\"button.default\">\n\t\t\t\t<div class=\"elementor-widget-container\">\n\t\t\t\t\t\t\t\t\t<div class=\"elementor-button-wrapper\">\n\t\t\t\t\t<a class=\"elementor-button elementor-button-link elementor-size-xs elementor-animation-shrink\" href=\"https:\/\/www.editoraufv.com.br\/produto\/laboratorio-aplicado-a-clinica-serie-didatica\/1110360\/?gclid=Cj0KCQjwsqmEBhDiARIsANV8H3aw06m5-2OlxlyTcSE5Mndv_NjBFFlBdkdxDXGDUzp5DPyM2eVd-ocaAhWXEALw_wcB\">\n\t\t\t\t\t\t<span class=\"elementor-button-content-wrapper\">\n\t\t\t\t\t\t\t\t\t<span class=\"elementor-button-text\">Encontre aqui<\/span>\n\t\t\t\t\t<\/span>\n\t\t\t\t\t<\/a>\n\t\t\t\t<\/div>\n\t\t\t\t\t\t\t\t<\/div>\n\t\t\t\t<\/div>\n\t\t\t\t<div class=\"elementor-element elementor-element-73b0068 elementor-widget elementor-widget-text-editor\" data-id=\"73b0068\" data-element_type=\"widget\" data-widget_type=\"text-editor.default\">\n\t\t\t\t<div class=\"elementor-widget-container\">\n\t\t\t\t\t\t\t\t\t<p>\u201cA organiza\u00e7\u00e3o dos textos permite acesso \u00e0s informa\u00e7\u00f5es de forma r\u00e1pida e segura, enfatizando a relev\u00e2ncia das t\u00e9cnicas, a qualidade dos materiais necess\u00e1rios e as indica\u00e7\u00f5es cl\u00ednicas. De fato, trata-se de uma obra com conte\u00fado conciso, descrito com clareza e que representa um suporte para o conhecimento cl\u00ednico\u201d.<\/p>\t\t\t\t\t\t\t\t<\/div>\n\t\t\t\t<\/div>\n\t\t\t\t<div class=\"elementor-element elementor-element-128debc elementor-widget elementor-widget-text-editor\" data-id=\"128debc\" data-element_type=\"widget\" data-widget_type=\"text-editor.default\">\n\t\t\t\t<div class=\"elementor-widget-container\">\n\t\t\t\t\t\t\t\t\t<p>(Extra\u00eddo do Pref\u00e1cio do livro)<\/p>\t\t\t\t\t\t\t\t<\/div>\n\t\t\t\t<\/div>\n\t\t\t\t\t<\/div>\n\t\t<\/div>\n\t\t\t\t\t<\/div>\n\t\t<\/section>\n\t\t\t\t<\/div>","protected":false},"excerpt":{"rendered":"<p>Laborat\u00f3rio aplicado a cl\u00ednica: guia pr\u00e1tico GOMES, A. P.; BAZZOLLI, D.; FONTES, G. G.; LIMA, L. M.; OLIVEIRA, M. R.; SIQUEIRA-BATISTA, R.; SOUZA, V. B. Laborat\u00f3rio aplicado a cl\u00ednica: guia pr\u00e1tico. Vi\u00e7osa: Editora UFV, 2012. Encontre aqui \u201cA organiza\u00e7\u00e3o dos textos permite acesso \u00e0s informa\u00e7\u00f5es de forma r\u00e1pida e segura, enfatizando a relev\u00e2ncia das t\u00e9cnicas,&hellip; <a class=\"more-link\" href=\"https:\/\/rodrigosiqueirabatista.com\/en\/laboratorio-aplicado-a-clinica-guia-pratico\/\">Continue reading <span class=\"screen-reader-text\">Laborat\u00f3rio aplicado a cl\u00ednica: guia pr\u00e1tico<\/span><\/a><\/p>","protected":false},"author":1,"featured_media":0,"parent":0,"menu_order":0,"comment_status":"closed","ping_status":"closed","template":"elementor_canvas","meta":{"footnotes":""},"class_list":["post-391","page","type-page","status-publish","hentry","entry"],"_links":{"self":[{"href":"https:\/\/rodrigosiqueirabatista.com\/en\/wp-json\/wp\/v2\/pages\/391","targetHints":{"allow":["GET"]}}],"collection":[{"href":"https:\/\/rodrigosiqueirabatista.com\/en\/wp-json\/wp\/v2\/pages"}],"about":[{"href":"https:\/\/rodrigosiqueirabatista.com\/en\/wp-json\/wp\/v2\/types\/page"}],"author":[{"embeddable":true,"href":"https:\/\/rodrigosiqueirabatista.com\/en\/wp-json\/wp\/v2\/users\/1"}],"replies":[{"embeddable":true,"href":"https:\/\/rodrigosiqueirabatista.com\/en\/wp-json\/wp\/v2\/comments?post=391"}],"version-history":[{"count":10,"href":"https:\/\/rodrigosiqueirabatista.com\/en\/wp-json\/wp\/v2\/pages\/391\/revisions"}],"predecessor-version":[{"id":939,"href":"https:\/\/rodrigosiqueirabatista.com\/en\/wp-json\/wp\/v2\/pages\/391\/revisions\/939"}],"wp:attachment":[{"href":"https:\/\/rodrigosiqueirabatista.com\/en\/wp-json\/wp\/v2\/media?parent=391"}],"curies":[{"name":"wp","href":"https:\/\/api.w.org\/{rel}","templated":true}]}}