{"id":387,"date":"2021-06-02T18:21:40","date_gmt":"2021-06-02T18:21:40","guid":{"rendered":"https:\/\/rodrigosiqueirabatista.com\/?page_id=387"},"modified":"2021-08-19T21:16:05","modified_gmt":"2021-08-19T21:16:05","slug":"esquistossomoses-humanas","status":"publish","type":"page","link":"https:\/\/rodrigosiqueirabatista.com\/en\/esquistossomoses-humanas\/","title":{"rendered":"Esquistossomoses humanas"},"content":{"rendered":"<div data-elementor-type=\"wp-page\" data-elementor-id=\"387\" class=\"elementor elementor-387\" data-elementor-post-type=\"page\">\n\t\t\t\t\t\t<section class=\"elementor-section elementor-top-section elementor-element elementor-element-42d5a06 elementor-section-boxed elementor-section-height-default elementor-section-height-default\" data-id=\"42d5a06\" data-element_type=\"section\">\n\t\t\t\t\t\t<div class=\"elementor-container elementor-column-gap-default\">\n\t\t\t\t\t<div class=\"elementor-column elementor-col-50 elementor-top-column elementor-element elementor-element-c4203f5\" data-id=\"c4203f5\" data-element_type=\"column\">\n\t\t\t<div class=\"elementor-widget-wrap elementor-element-populated\">\n\t\t\t\t\t\t<div class=\"elementor-element elementor-element-f6440ce elementor-widget elementor-widget-image\" data-id=\"f6440ce\" data-element_type=\"widget\" data-widget_type=\"image.default\">\n\t\t\t\t<div class=\"elementor-widget-container\">\n\t\t\t\t\t\t\t\t\t\t\t\t\t\t\t<img fetchpriority=\"high\" decoding=\"async\" width=\"698\" height=\"1024\" src=\"https:\/\/rodrigosiqueirabatista.com\/wp-content\/uploads\/2021\/08\/Esquisossomoses-humanas-698x1024.jpg\" class=\"attachment-large size-large wp-image-791\" alt=\"\" srcset=\"https:\/\/rodrigosiqueirabatista.com\/wp-content\/uploads\/2021\/08\/Esquisossomoses-humanas-698x1024.jpg 698w, https:\/\/rodrigosiqueirabatista.com\/wp-content\/uploads\/2021\/08\/Esquisossomoses-humanas-205x300.jpg 205w, https:\/\/rodrigosiqueirabatista.com\/wp-content\/uploads\/2021\/08\/Esquisossomoses-humanas-768x1126.jpg 768w, https:\/\/rodrigosiqueirabatista.com\/wp-content\/uploads\/2021\/08\/Esquisossomoses-humanas-1047x1536.jpg 1047w, https:\/\/rodrigosiqueirabatista.com\/wp-content\/uploads\/2021\/08\/Esquisossomoses-humanas.jpg 1080w\" sizes=\"(max-width: 698px) 100vw, 698px\" style=\"width:100%;height:146.67%;max-width:1080px\" \/>\t\t\t\t\t\t\t\t\t\t\t\t\t\t\t<\/div>\n\t\t\t\t<\/div>\n\t\t\t\t\t<\/div>\n\t\t<\/div>\n\t\t\t\t<div class=\"elementor-column elementor-col-50 elementor-top-column elementor-element elementor-element-001c91f\" data-id=\"001c91f\" data-element_type=\"column\">\n\t\t\t<div class=\"elementor-widget-wrap elementor-element-populated\">\n\t\t\t\t\t\t<div class=\"elementor-element elementor-element-19eda26 elementor-widget elementor-widget-heading\" data-id=\"19eda26\" data-element_type=\"widget\" data-widget_type=\"heading.default\">\n\t\t\t\t<div class=\"elementor-widget-container\">\n\t\t\t\t\t<h2 class=\"elementor-heading-title elementor-size-default\">Esquistossomoses humanas<\/h2>\t\t\t\t<\/div>\n\t\t\t\t<\/div>\n\t\t\t\t<div class=\"elementor-element elementor-element-a6be417 elementor-widget-divider--view-line elementor-widget elementor-widget-divider\" data-id=\"a6be417\" data-element_type=\"widget\" data-widget_type=\"divider.default\">\n\t\t\t\t<div class=\"elementor-widget-container\">\n\t\t\t\t\t\t\t<div class=\"elementor-divider\">\n\t\t\t<span class=\"elementor-divider-separator\">\n\t\t\t\t\t\t<\/span>\n\t\t<\/div>\n\t\t\t\t\t\t<\/div>\n\t\t\t\t<\/div>\n\t\t\t\t<div class=\"elementor-element elementor-element-507995d elementor-widget elementor-widget-text-editor\" data-id=\"507995d\" data-element_type=\"widget\" data-widget_type=\"text-editor.default\">\n\t\t\t\t<div class=\"elementor-widget-container\">\n\t\t\t\t\t\t\t\t\t<p>SIQUEIRA-BATISTA, R.; RAMOS J\u00daNIOR, A. N.; GOMES, A. P.; MEDEIROS, L. B.; BEZERRA, F. S. M. Esquistossomoses humanas. 1\u00aa ed. Rio de Janeiro: Rubio, 2013.<\/p>\t\t\t\t\t\t\t\t<\/div>\n\t\t\t\t<\/div>\n\t\t\t\t<div class=\"elementor-element elementor-element-0be2bff elementor-widget elementor-widget-button\" data-id=\"0be2bff\" data-element_type=\"widget\" data-widget_type=\"button.default\">\n\t\t\t\t<div class=\"elementor-widget-container\">\n\t\t\t\t\t\t\t\t\t<div class=\"elementor-button-wrapper\">\n\t\t\t\t\t<a class=\"elementor-button elementor-button-link elementor-size-xs elementor-animation-shrink\" href=\"https:\/\/www.rubio.com.br\/livro-esquistossomoses-humanas-9788564956032-b31944.html\">\n\t\t\t\t\t\t<span class=\"elementor-button-content-wrapper\">\n\t\t\t\t\t\t\t\t\t<span class=\"elementor-button-text\">Encontre aqui<\/span>\n\t\t\t\t\t<\/span>\n\t\t\t\t\t<\/a>\n\t\t\t\t<\/div>\n\t\t\t\t\t\t\t\t<\/div>\n\t\t\t\t<\/div>\n\t\t\t\t<div class=\"elementor-element elementor-element-89cc13a elementor-widget elementor-widget-text-editor\" data-id=\"89cc13a\" data-element_type=\"widget\" data-widget_type=\"text-editor.default\">\n\t\t\t\t<div class=\"elementor-widget-container\">\n\t\t\t\t\t\t\t\t\t<p>\u201cElaborado com a participa\u00e7\u00e3o de colaboradores com as mais distintas forma\u00e7\u00f5es, Esquitossomoses humanas vem contribuir para tornar os profissionais de sa\u00fade \u2013 aqueles que t\u00eam o cuidado como foco de atua\u00e7\u00e3o profissional \u2013 mais aptos a ajudar as pessoas e as coletividades\u201d.<\/p>\t\t\t\t\t\t\t\t<\/div>\n\t\t\t\t<\/div>\n\t\t\t\t<div class=\"elementor-element elementor-element-40e2f18 elementor-widget elementor-widget-text-editor\" data-id=\"40e2f18\" data-element_type=\"widget\" data-widget_type=\"text-editor.default\">\n\t\t\t\t<div class=\"elementor-widget-container\">\n\t\t\t\t\t\t\t\t\t<p>(Extra\u00eddo da Quarta Capa do livro)<\/p>\t\t\t\t\t\t\t\t<\/div>\n\t\t\t\t<\/div>\n\t\t\t\t\t<\/div>\n\t\t<\/div>\n\t\t\t\t\t<\/div>\n\t\t<\/section>\n\t\t\t\t<\/div>","protected":false},"excerpt":{"rendered":"<p>Esquistossomoses humanas SIQUEIRA-BATISTA, R.; RAMOS J\u00daNIOR, A. N.; GOMES, A. P.; MEDEIROS, L. B.; BEZERRA, F. S. M. Esquistossomoses humanas. 1\u00aa ed. Rio de Janeiro: Rubio, 2013. Encontre aqui \u201cElaborado com a participa\u00e7\u00e3o de colaboradores com as mais distintas forma\u00e7\u00f5es, Esquitossomoses humanas vem contribuir para tornar os profissionais de sa\u00fade \u2013 aqueles que t\u00eam o&hellip; <a class=\"more-link\" href=\"https:\/\/rodrigosiqueirabatista.com\/en\/esquistossomoses-humanas\/\">Continue reading <span class=\"screen-reader-text\">Esquistossomoses humanas<\/span><\/a><\/p>","protected":false},"author":1,"featured_media":0,"parent":0,"menu_order":0,"comment_status":"closed","ping_status":"closed","template":"elementor_canvas","meta":{"footnotes":""},"class_list":["post-387","page","type-page","status-publish","hentry","entry"],"_links":{"self":[{"href":"https:\/\/rodrigosiqueirabatista.com\/en\/wp-json\/wp\/v2\/pages\/387","targetHints":{"allow":["GET"]}}],"collection":[{"href":"https:\/\/rodrigosiqueirabatista.com\/en\/wp-json\/wp\/v2\/pages"}],"about":[{"href":"https:\/\/rodrigosiqueirabatista.com\/en\/wp-json\/wp\/v2\/types\/page"}],"author":[{"embeddable":true,"href":"https:\/\/rodrigosiqueirabatista.com\/en\/wp-json\/wp\/v2\/users\/1"}],"replies":[{"embeddable":true,"href":"https:\/\/rodrigosiqueirabatista.com\/en\/wp-json\/wp\/v2\/comments?post=387"}],"version-history":[{"count":10,"href":"https:\/\/rodrigosiqueirabatista.com\/en\/wp-json\/wp\/v2\/pages\/387\/revisions"}],"predecessor-version":[{"id":933,"href":"https:\/\/rodrigosiqueirabatista.com\/en\/wp-json\/wp\/v2\/pages\/387\/revisions\/933"}],"wp:attachment":[{"href":"https:\/\/rodrigosiqueirabatista.com\/en\/wp-json\/wp\/v2\/media?parent=387"}],"curies":[{"name":"wp","href":"https:\/\/api.w.org\/{rel}","templated":true}]}}