{"id":385,"date":"2021-06-02T18:21:25","date_gmt":"2021-06-02T18:21:25","guid":{"rendered":"https:\/\/rodrigosiqueirabatista.com\/?page_id=385"},"modified":"2021-08-19T21:16:28","modified_gmt":"2021-08-19T21:16:28","slug":"parasitologia-fundamentos-e-pratica-clinica","status":"publish","type":"page","link":"https:\/\/rodrigosiqueirabatista.com\/en\/parasitologia-fundamentos-e-pratica-clinica\/","title":{"rendered":"Parasitologia: fundamentos e pr\u00e1tica cl\u00ednica"},"content":{"rendered":"<div data-elementor-type=\"wp-page\" data-elementor-id=\"385\" class=\"elementor elementor-385\" data-elementor-post-type=\"page\">\n\t\t\t\t\t\t<section class=\"elementor-section elementor-top-section elementor-element elementor-element-41b3454c elementor-section-boxed elementor-section-height-default elementor-section-height-default\" data-id=\"41b3454c\" data-element_type=\"section\">\n\t\t\t\t\t\t<div class=\"elementor-container elementor-column-gap-default\">\n\t\t\t\t\t<div class=\"elementor-column elementor-col-50 elementor-top-column elementor-element elementor-element-196c1f60\" data-id=\"196c1f60\" data-element_type=\"column\">\n\t\t\t<div class=\"elementor-widget-wrap elementor-element-populated\">\n\t\t\t\t\t\t<div class=\"elementor-element elementor-element-172fafe elementor-widget elementor-widget-image\" data-id=\"172fafe\" data-element_type=\"widget\" data-widget_type=\"image.default\">\n\t\t\t\t<div class=\"elementor-widget-container\">\n\t\t\t\t\t\t\t\t\t\t\t\t\t\t\t<img fetchpriority=\"high\" decoding=\"async\" width=\"215\" height=\"287\" src=\"https:\/\/rodrigosiqueirabatista.com\/wp-content\/uploads\/2021\/05\/2.jpg\" class=\"attachment-large size-large wp-image-299\" alt=\"\" style=\"width:100%;height:133.49%;max-width:215px\" \/>\t\t\t\t\t\t\t\t\t\t\t\t\t\t\t<\/div>\n\t\t\t\t<\/div>\n\t\t\t\t\t<\/div>\n\t\t<\/div>\n\t\t\t\t<div class=\"elementor-column elementor-col-50 elementor-top-column elementor-element elementor-element-635044b\" data-id=\"635044b\" data-element_type=\"column\">\n\t\t\t<div class=\"elementor-widget-wrap elementor-element-populated\">\n\t\t\t\t\t\t<div class=\"elementor-element elementor-element-887bba2 elementor-widget elementor-widget-heading\" data-id=\"887bba2\" data-element_type=\"widget\" data-widget_type=\"heading.default\">\n\t\t\t\t<div class=\"elementor-widget-container\">\n\t\t\t\t\t<h2 class=\"elementor-heading-title elementor-size-default\">Parasitologia: fundamentos e pr\u00e1tica cl\u00ednica<\/h2>\t\t\t\t<\/div>\n\t\t\t\t<\/div>\n\t\t\t\t<div class=\"elementor-element elementor-element-e59fc01 elementor-widget-divider--view-line elementor-widget elementor-widget-divider\" data-id=\"e59fc01\" data-element_type=\"widget\" data-widget_type=\"divider.default\">\n\t\t\t\t<div class=\"elementor-widget-container\">\n\t\t\t\t\t\t\t<div class=\"elementor-divider\">\n\t\t\t<span class=\"elementor-divider-separator\">\n\t\t\t\t\t\t<\/span>\n\t\t<\/div>\n\t\t\t\t\t\t<\/div>\n\t\t\t\t<\/div>\n\t\t\t\t<div class=\"elementor-element elementor-element-a771d19 elementor-widget elementor-widget-text-editor\" data-id=\"a771d19\" data-element_type=\"widget\" data-widget_type=\"text-editor.default\">\n\t\t\t\t<div class=\"elementor-widget-container\">\n\t\t\t\t\t\t\t\t\t<p>SIQUEIRA-BATISTA, R.; GOMES, A. P.; SILVA SANTOS, S.; SANTANA, L. A. Parasitologia: fundamentos e pr\u00e1tica cl\u00ednica. 1\u00aa ed. Rio de Janeiro: Guanabara Koogan, 2020.<\/p>\t\t\t\t\t\t\t\t<\/div>\n\t\t\t\t<\/div>\n\t\t\t\t<div class=\"elementor-element elementor-element-ccc7e91 elementor-widget elementor-widget-button\" data-id=\"ccc7e91\" data-element_type=\"widget\" data-widget_type=\"button.default\">\n\t\t\t\t<div class=\"elementor-widget-container\">\n\t\t\t\t\t\t\t\t\t<div class=\"elementor-button-wrapper\">\n\t\t\t\t\t<a class=\"elementor-button elementor-button-link elementor-size-xs elementor-animation-shrink\" href=\"https:\/\/www.grupogen.com.br\/e-book-parasitologia-fundamentos-e-pratica-clinica\">\n\t\t\t\t\t\t<span class=\"elementor-button-content-wrapper\">\n\t\t\t\t\t\t\t\t\t<span class=\"elementor-button-text\">Encontre aqui<\/span>\n\t\t\t\t\t<\/span>\n\t\t\t\t\t<\/a>\n\t\t\t\t<\/div>\n\t\t\t\t\t\t\t\t<\/div>\n\t\t\t\t<\/div>\n\t\t\t\t<div class=\"elementor-element elementor-element-31cdecb elementor-widget elementor-widget-text-editor\" data-id=\"31cdecb\" data-element_type=\"widget\" data-widget_type=\"text-editor.default\">\n\t\t\t\t<div class=\"elementor-widget-container\">\n\t\t\t\t\t\t\t\t\t<p>\u201cO livro \u00e9 oportuno, por sua simplicidade e conte\u00fado. Trabalha os parasitos, os vetores, as condi\u00e7\u00f5es ecol\u00f3gicas e sociais, em confronto com a suscetibilidade e as condi\u00e7\u00f5es imunol\u00f3gicas e nutricionais de cada hospedeiro. Analisa e se aprofunda, por exemplo, no terr\u00edvel flagelo da infec\u00e7\u00e3o por HIV \/ AIDS quando associada a distintas parasitoses. E faz quest\u00e3o de fazer o leitor pensar e se posicionar frente aos desafios persistentes na ocorr\u00eancia e v\u00e1rias trag\u00e9dias que podem aflorar na associa\u00e7\u00e3o das popula\u00e7\u00f5es com os parasitos patog\u00eanicos\u201d.<\/p>\t\t\t\t\t\t\t\t<\/div>\n\t\t\t\t<\/div>\n\t\t\t\t<div class=\"elementor-element elementor-element-945536d elementor-widget elementor-widget-text-editor\" data-id=\"945536d\" data-element_type=\"widget\" data-widget_type=\"text-editor.default\">\n\t\t\t\t<div class=\"elementor-widget-container\">\n\t\t\t\t\t\t\t\t\t<p>(Extra\u00eddo do Pref\u00e1cio do livro)<\/p>\t\t\t\t\t\t\t\t<\/div>\n\t\t\t\t<\/div>\n\t\t\t\t\t<\/div>\n\t\t<\/div>\n\t\t\t\t\t<\/div>\n\t\t<\/section>\n\t\t\t\t<\/div>","protected":false},"excerpt":{"rendered":"<p>Parasitologia: fundamentos e pr\u00e1tica cl\u00ednica SIQUEIRA-BATISTA, R.; GOMES, A. P.; SILVA SANTOS, S.; SANTANA, L. A. Parasitologia: fundamentos e pr\u00e1tica cl\u00ednica. 1\u00aa ed. Rio de Janeiro: Guanabara Koogan, 2020. Encontre aqui \u201cO livro \u00e9 oportuno, por sua simplicidade e conte\u00fado. Trabalha os parasitos, os vetores, as condi\u00e7\u00f5es ecol\u00f3gicas e sociais, em confronto com a suscetibilidade&hellip; <a class=\"more-link\" href=\"https:\/\/rodrigosiqueirabatista.com\/en\/parasitologia-fundamentos-e-pratica-clinica\/\">Continue reading <span class=\"screen-reader-text\">Parasitologia: fundamentos e pr\u00e1tica cl\u00ednica<\/span><\/a><\/p>","protected":false},"author":1,"featured_media":0,"parent":0,"menu_order":0,"comment_status":"closed","ping_status":"closed","template":"elementor_canvas","meta":{"footnotes":""},"class_list":["post-385","page","type-page","status-publish","hentry","entry"],"_links":{"self":[{"href":"https:\/\/rodrigosiqueirabatista.com\/en\/wp-json\/wp\/v2\/pages\/385","targetHints":{"allow":["GET"]}}],"collection":[{"href":"https:\/\/rodrigosiqueirabatista.com\/en\/wp-json\/wp\/v2\/pages"}],"about":[{"href":"https:\/\/rodrigosiqueirabatista.com\/en\/wp-json\/wp\/v2\/types\/page"}],"author":[{"embeddable":true,"href":"https:\/\/rodrigosiqueirabatista.com\/en\/wp-json\/wp\/v2\/users\/1"}],"replies":[{"embeddable":true,"href":"https:\/\/rodrigosiqueirabatista.com\/en\/wp-json\/wp\/v2\/comments?post=385"}],"version-history":[{"count":10,"href":"https:\/\/rodrigosiqueirabatista.com\/en\/wp-json\/wp\/v2\/pages\/385\/revisions"}],"predecessor-version":[{"id":951,"href":"https:\/\/rodrigosiqueirabatista.com\/en\/wp-json\/wp\/v2\/pages\/385\/revisions\/951"}],"wp:attachment":[{"href":"https:\/\/rodrigosiqueirabatista.com\/en\/wp-json\/wp\/v2\/media?parent=385"}],"curies":[{"name":"wp","href":"https:\/\/api.w.org\/{rel}","templated":true}]}}