{"id":3258,"date":"2026-02-05T18:45:18","date_gmt":"2026-02-05T21:45:18","guid":{"rendered":"https:\/\/rodrigosiqueirabatista.com\/?page_id=3258"},"modified":"2026-02-05T18:59:51","modified_gmt":"2026-02-05T21:59:51","slug":"deus-ex-machina","status":"publish","type":"page","link":"https:\/\/rodrigosiqueirabatista.com\/en\/deus-ex-machina\/","title":{"rendered":"Deus ex machina"},"content":{"rendered":"<div data-elementor-type=\"wp-page\" data-elementor-id=\"3258\" class=\"elementor elementor-3258\" data-elementor-post-type=\"page\">\n\t\t\t\t\t\t<section class=\"elementor-section elementor-top-section elementor-element elementor-element-0c8f998 elementor-section-boxed elementor-section-height-default elementor-section-height-default\" data-id=\"0c8f998\" data-element_type=\"section\">\n\t\t\t\t\t\t<div class=\"elementor-container elementor-column-gap-default\">\n\t\t\t\t\t<div class=\"elementor-column elementor-col-50 elementor-top-column elementor-element elementor-element-705e9fb\" data-id=\"705e9fb\" data-element_type=\"column\">\n\t\t\t<div class=\"elementor-widget-wrap elementor-element-populated\">\n\t\t\t\t\t\t<div class=\"elementor-element elementor-element-316c629 elementor-widget elementor-widget-image\" data-id=\"316c629\" data-element_type=\"widget\" data-widget_type=\"image.default\">\n\t\t\t\t<div class=\"elementor-widget-container\">\n\t\t\t\t\t\t\t\t\t\t\t\t\t\t\t<img decoding=\"async\" src=\"https:\/\/rodrigosiqueirabatista.com\/wp-content\/uploads\/2026\/02\/Deus-Ex-Machina_page-0001.jpg\" title=\"Deus-Ex-Machina_page-0001\" alt=\"Deus-Ex-Machina_page-0001\" loading=\"lazy\" \/>\t\t\t\t\t\t\t\t\t\t\t\t\t\t\t<\/div>\n\t\t\t\t<\/div>\n\t\t\t\t\t<\/div>\n\t\t<\/div>\n\t\t\t\t<div class=\"elementor-column elementor-col-50 elementor-top-column elementor-element elementor-element-55a9f5b\" data-id=\"55a9f5b\" data-element_type=\"column\">\n\t\t\t<div class=\"elementor-widget-wrap elementor-element-populated\">\n\t\t\t\t\t\t<div class=\"elementor-element elementor-element-92a0a2d elementor-widget elementor-widget-heading\" data-id=\"92a0a2d\" data-element_type=\"widget\" data-widget_type=\"heading.default\">\n\t\t\t\t<div class=\"elementor-widget-container\">\n\t\t\t\t\t<h2 class=\"elementor-heading-title elementor-size-default\">Deus ex machina<\/h2>\t\t\t\t<\/div>\n\t\t\t\t<\/div>\n\t\t\t\t<div class=\"elementor-element elementor-element-78d36c8 elementor-widget-divider--view-line elementor-widget elementor-widget-divider\" data-id=\"78d36c8\" data-element_type=\"widget\" data-widget_type=\"divider.default\">\n\t\t\t\t<div class=\"elementor-widget-container\">\n\t\t\t\t\t\t\t<div class=\"elementor-divider\">\n\t\t\t<span class=\"elementor-divider-separator\">\n\t\t\t\t\t\t<\/span>\n\t\t<\/div>\n\t\t\t\t\t\t<\/div>\n\t\t\t\t<\/div>\n\t\t\t\t<div class=\"elementor-element elementor-element-66e8b31 elementor-widget elementor-widget-text-editor\" data-id=\"66e8b31\" data-element_type=\"widget\" data-widget_type=\"text-editor.default\">\n\t\t\t\t<div class=\"elementor-widget-container\">\n\t\t\t\t\t\t\t\t\t<p>SIQUEIRA-BATISTA, R.; SILVA, E.; NAS, E.; MOTTA, O. J. R. <em>Deus ex machina:<\/em> fronteiras bio\u00e9ticas das neuroci\u00eancias, intelig\u00eancia artificial, nanotecnologia e rob\u00f3tica. Teres\u00f3polis: Editora Unifeso, 2026.<\/p>\t\t\t\t\t\t\t\t<\/div>\n\t\t\t\t<\/div>\n\t\t\t\t<div class=\"elementor-element elementor-element-3a47864 elementor-widget elementor-widget-button\" data-id=\"3a47864\" data-element_type=\"widget\" data-widget_type=\"button.default\">\n\t\t\t\t<div class=\"elementor-widget-container\">\n\t\t\t\t\t\t\t\t\t<div class=\"elementor-button-wrapper\">\n\t\t\t\t\t<a class=\"elementor-button elementor-button-link elementor-size-xs elementor-animation-shrink\" href=\"https:\/\/www.unifeso.edu.br\/editora\/pdf\/Deus-Ex-Machina.pdf\">\n\t\t\t\t\t\t<span class=\"elementor-button-content-wrapper\">\n\t\t\t\t\t\t\t\t\t<span class=\"elementor-button-text\">Encontre aqui<\/span>\n\t\t\t\t\t<\/span>\n\t\t\t\t\t<\/a>\n\t\t\t\t<\/div>\n\t\t\t\t\t\t\t\t<\/div>\n\t\t\t\t<\/div>\n\t\t\t\t<div class=\"elementor-element elementor-element-9b7dea3 elementor-widget elementor-widget-text-editor\" data-id=\"9b7dea3\" data-element_type=\"widget\" data-widget_type=\"text-editor.default\">\n\t\t\t\t<div class=\"elementor-widget-container\">\n\t\t\t\t\t\t\t\t\t<p>\u201cEste livro tem um valor inestim\u00e1vel como convite e poderoso instrumento para refletirmos sobre o futuro que estamos construindo. \u00c0 medida que integramos a neuroci\u00eancia, a IA, a nanotecnologia e a rob\u00f3tica em nossas vidas, devemos garantir que as decis\u00f5es que tomamos sobre seu uso sejam guiadas por uma reflex\u00e3o \u00e9tica profunda\u201d.<\/p>\t\t\t\t\t\t\t\t<\/div>\n\t\t\t\t<\/div>\n\t\t\t\t<div class=\"elementor-element elementor-element-4f46490 elementor-widget elementor-widget-text-editor\" data-id=\"4f46490\" data-element_type=\"widget\" data-widget_type=\"text-editor.default\">\n\t\t\t\t<div class=\"elementor-widget-container\">\n\t\t\t\t\t\t\t\t\t<p>(Extra\u00eddo do Pref\u00e1cio do livro)<\/p>\t\t\t\t\t\t\t\t<\/div>\n\t\t\t\t<\/div>\n\t\t\t\t\t<\/div>\n\t\t<\/div>\n\t\t\t\t\t<\/div>\n\t\t<\/section>\n\t\t\t\t<\/div>","protected":false},"excerpt":{"rendered":"<p>Deus ex machina SIQUEIRA-BATISTA, R.; SILVA, E.; NAS, E.; MOTTA, O. J. R. Deus ex machina: fronteiras bio\u00e9ticas das neuroci\u00eancias, intelig\u00eancia artificial, nanotecnologia e rob\u00f3tica. Teres\u00f3polis: Editora Unifeso, 2026. Encontre aqui \u201cEste livro tem um valor inestim\u00e1vel como convite e poderoso instrumento para refletirmos sobre o futuro que estamos construindo. \u00c0 medida que integramos a&hellip; <a class=\"more-link\" href=\"https:\/\/rodrigosiqueirabatista.com\/en\/deus-ex-machina\/\">Continue reading <span class=\"screen-reader-text\">Deus ex machina<\/span><\/a><\/p>","protected":false},"author":1,"featured_media":0,"parent":0,"menu_order":0,"comment_status":"closed","ping_status":"closed","template":"elementor_canvas","meta":{"footnotes":""},"class_list":["post-3258","page","type-page","status-publish","hentry","entry"],"_links":{"self":[{"href":"https:\/\/rodrigosiqueirabatista.com\/en\/wp-json\/wp\/v2\/pages\/3258","targetHints":{"allow":["GET"]}}],"collection":[{"href":"https:\/\/rodrigosiqueirabatista.com\/en\/wp-json\/wp\/v2\/pages"}],"about":[{"href":"https:\/\/rodrigosiqueirabatista.com\/en\/wp-json\/wp\/v2\/types\/page"}],"author":[{"embeddable":true,"href":"https:\/\/rodrigosiqueirabatista.com\/en\/wp-json\/wp\/v2\/users\/1"}],"replies":[{"embeddable":true,"href":"https:\/\/rodrigosiqueirabatista.com\/en\/wp-json\/wp\/v2\/comments?post=3258"}],"version-history":[{"count":14,"href":"https:\/\/rodrigosiqueirabatista.com\/en\/wp-json\/wp\/v2\/pages\/3258\/revisions"}],"predecessor-version":[{"id":3275,"href":"https:\/\/rodrigosiqueirabatista.com\/en\/wp-json\/wp\/v2\/pages\/3258\/revisions\/3275"}],"wp:attachment":[{"href":"https:\/\/rodrigosiqueirabatista.com\/en\/wp-json\/wp\/v2\/media?parent=3258"}],"curies":[{"name":"wp","href":"https:\/\/api.w.org\/{rel}","templated":true}]}}