{"id":2784,"date":"2024-08-13T21:27:13","date_gmt":"2024-08-14T00:27:13","guid":{"rendered":"https:\/\/rodrigosiqueirabatista.com\/?page_id=2784"},"modified":"2024-08-14T11:48:21","modified_gmt":"2024-08-14T14:48:21","slug":"doencas-infecciosas-na-pratica-clinica","status":"publish","type":"page","link":"https:\/\/rodrigosiqueirabatista.com\/en\/doencas-infecciosas-na-pratica-clinica\/","title":{"rendered":"Doen\u00e7as infecciosas na pr\u00e1tica cl\u00ednica"},"content":{"rendered":"<div data-elementor-type=\"wp-page\" data-elementor-id=\"2784\" class=\"elementor elementor-2784\" data-elementor-post-type=\"page\">\n\t\t\t\t\t\t<section class=\"elementor-section elementor-top-section elementor-element elementor-element-11c699a elementor-section-boxed elementor-section-height-default elementor-section-height-default\" data-id=\"11c699a\" data-element_type=\"section\">\n\t\t\t\t\t\t<div class=\"elementor-container elementor-column-gap-default\">\n\t\t\t\t\t<div class=\"elementor-column elementor-col-50 elementor-top-column elementor-element elementor-element-578e11e\" data-id=\"578e11e\" data-element_type=\"column\">\n\t\t\t<div class=\"elementor-widget-wrap elementor-element-populated\">\n\t\t\t\t\t\t<div class=\"elementor-element elementor-element-0516ec8 elementor-widget elementor-widget-image\" data-id=\"0516ec8\" data-element_type=\"widget\" data-widget_type=\"image.default\">\n\t\t\t\t<div class=\"elementor-widget-container\">\n\t\t\t\t\t\t\t\t\t\t\t\t\t\t\t<img decoding=\"async\" src=\"https:\/\/rodrigosiqueirabatista.com\/wp-content\/uploads\/2024\/08\/1433.png\" title=\"1433\" alt=\"1433\" loading=\"lazy\" \/>\t\t\t\t\t\t\t\t\t\t\t\t\t\t\t<\/div>\n\t\t\t\t<\/div>\n\t\t\t\t\t<\/div>\n\t\t<\/div>\n\t\t\t\t<div class=\"elementor-column elementor-col-50 elementor-top-column elementor-element elementor-element-1ca16f7\" data-id=\"1ca16f7\" data-element_type=\"column\">\n\t\t\t<div class=\"elementor-widget-wrap elementor-element-populated\">\n\t\t\t\t\t\t<div class=\"elementor-element elementor-element-35b11ac elementor-widget elementor-widget-heading\" data-id=\"35b11ac\" data-element_type=\"widget\" data-widget_type=\"heading.default\">\n\t\t\t\t<div class=\"elementor-widget-container\">\n\t\t\t\t\t<h2 class=\"elementor-heading-title elementor-size-default\">Doen\u00e7as infecciosas na pr\u00e1tica cl\u00ednica\n<\/h2>\t\t\t\t<\/div>\n\t\t\t\t<\/div>\n\t\t\t\t<div class=\"elementor-element elementor-element-a18aa00 elementor-widget-divider--view-line elementor-widget elementor-widget-divider\" data-id=\"a18aa00\" data-element_type=\"widget\" data-widget_type=\"divider.default\">\n\t\t\t\t<div class=\"elementor-widget-container\">\n\t\t\t\t\t\t\t<div class=\"elementor-divider\">\n\t\t\t<span class=\"elementor-divider-separator\">\n\t\t\t\t\t\t<\/span>\n\t\t<\/div>\n\t\t\t\t\t\t<\/div>\n\t\t\t\t<\/div>\n\t\t\t\t<div class=\"elementor-element elementor-element-9a93a58 elementor-widget elementor-widget-text-editor\" data-id=\"9a93a58\" data-element_type=\"widget\" data-widget_type=\"text-editor.default\">\n\t\t\t\t<div class=\"elementor-widget-container\">\n\t\t\t\t\t\t\t\t\t<p>GOMES, A. P.; MIGUEL, P. S. B.; SANTANA, L. A.; ALVAREZ-PEREZ, M. C.; SIQUEIRA-BATISTA, R. Doen\u00e7as infecciosas na pr\u00e1tica cl\u00ednica. 1\u00aa ed. Rio de Janeiro: Thieme Revinter, 2024.<\/p>\t\t\t\t\t\t\t\t<\/div>\n\t\t\t\t<\/div>\n\t\t\t\t<div class=\"elementor-element elementor-element-c150b34 elementor-widget elementor-widget-button\" data-id=\"c150b34\" data-element_type=\"widget\" data-widget_type=\"button.default\">\n\t\t\t\t<div class=\"elementor-widget-container\">\n\t\t\t\t\t\t\t\t\t<div class=\"elementor-button-wrapper\">\n\t\t\t\t\t<a class=\"elementor-button elementor-button-link elementor-size-xs elementor-animation-shrink\" href=\"https:\/\/www.thieme.com.br\/produto\/doencas-infecciosas-na-pratica-clinica-1578#:~:text=Doen%C3%A7as%20Infecciosas%20na%20Pr%C3%A1tica%20Cl%C3%ADnica%20%C3%A9%20fruto%20do%20esfor%C3%A7o%20e,os%20caminhos%20das%20doen%C3%A7as%20infecciosas%2C\">\n\t\t\t\t\t\t<span class=\"elementor-button-content-wrapper\">\n\t\t\t\t\t\t\t\t\t<span class=\"elementor-button-text\">Encontre aqui<\/span>\n\t\t\t\t\t<\/span>\n\t\t\t\t\t<\/a>\n\t\t\t\t<\/div>\n\t\t\t\t\t\t\t\t<\/div>\n\t\t\t\t<\/div>\n\t\t\t\t<div class=\"elementor-element elementor-element-7b097af elementor-widget elementor-widget-text-editor\" data-id=\"7b097af\" data-element_type=\"widget\" data-widget_type=\"text-editor.default\">\n\t\t\t\t<div class=\"elementor-widget-container\">\n\t\t\t\t\t\t\t\t\t<p>\u201c<i>A obra Doen\u00e7as Infecciosas na Pr\u00e1tica Cl\u00ednica, liderada pela Professora Andr\u00e9ia Patr\u00edcia Gomes e por seus colaboradores, \u00e9 um trabalho de f\u00f4lego: s\u00e3o mais de 1.000 p\u00e1ginas com os cap\u00edtulos divididos em dez partes. \u00c9 um panorama da diversidade e multiplicidade de agentes infecciosos que coabitam conosco. S\u00e3o muitos v\u00edrus, bact\u00e9rias, fungos, helmintos, ectoparasitas e animais pe\u00e7onhentos ou venenosos. Isso sem falar em pr\u00edons e seus cong\u00eaneres, cujo conhecimento ainda tem lacunas importantes, os quais s\u00e3o capazes de desenvolver doen\u00e7as graves em seres humanos<\/i>\u201d.<\/p>\t\t\t\t\t\t\t\t<\/div>\n\t\t\t\t<\/div>\n\t\t\t\t<div class=\"elementor-element elementor-element-f8c1f08 elementor-widget elementor-widget-text-editor\" data-id=\"f8c1f08\" data-element_type=\"widget\" data-widget_type=\"text-editor.default\">\n\t\t\t\t<div class=\"elementor-widget-container\">\n\t\t\t\t\t\t\t\t\t<p>(Extra\u00eddo do Pref\u00e1cio do livro)<\/p>\t\t\t\t\t\t\t\t<\/div>\n\t\t\t\t<\/div>\n\t\t\t\t\t<\/div>\n\t\t<\/div>\n\t\t\t\t\t<\/div>\n\t\t<\/section>\n\t\t\t\t<\/div>","protected":false},"excerpt":{"rendered":"<p>Doen\u00e7as infecciosas na pr\u00e1tica cl\u00ednica GOMES, A. P.; MIGUEL, P. S. B.; SANTANA, L. A.; ALVAREZ-PEREZ, M. C.; SIQUEIRA-BATISTA, R. Doen\u00e7as infecciosas na pr\u00e1tica cl\u00ednica. 1\u00aa ed. Rio de Janeiro: Thieme Revinter, 2024. Encontre aqui \u201cA obra Doen\u00e7as Infecciosas na Pr\u00e1tica Cl\u00ednica, liderada pela Professora Andr\u00e9ia Patr\u00edcia Gomes e por seus colaboradores, \u00e9 um trabalho&hellip; <a class=\"more-link\" href=\"https:\/\/rodrigosiqueirabatista.com\/en\/doencas-infecciosas-na-pratica-clinica\/\">Continue reading <span class=\"screen-reader-text\">Doen\u00e7as infecciosas na pr\u00e1tica cl\u00ednica<\/span><\/a><\/p>","protected":false},"author":1,"featured_media":0,"parent":0,"menu_order":0,"comment_status":"closed","ping_status":"closed","template":"elementor_canvas","meta":{"footnotes":""},"class_list":["post-2784","page","type-page","status-publish","hentry","entry"],"_links":{"self":[{"href":"https:\/\/rodrigosiqueirabatista.com\/en\/wp-json\/wp\/v2\/pages\/2784","targetHints":{"allow":["GET"]}}],"collection":[{"href":"https:\/\/rodrigosiqueirabatista.com\/en\/wp-json\/wp\/v2\/pages"}],"about":[{"href":"https:\/\/rodrigosiqueirabatista.com\/en\/wp-json\/wp\/v2\/types\/page"}],"author":[{"embeddable":true,"href":"https:\/\/rodrigosiqueirabatista.com\/en\/wp-json\/wp\/v2\/users\/1"}],"replies":[{"embeddable":true,"href":"https:\/\/rodrigosiqueirabatista.com\/en\/wp-json\/wp\/v2\/comments?post=2784"}],"version-history":[{"count":5,"href":"https:\/\/rodrigosiqueirabatista.com\/en\/wp-json\/wp\/v2\/pages\/2784\/revisions"}],"predecessor-version":[{"id":2797,"href":"https:\/\/rodrigosiqueirabatista.com\/en\/wp-json\/wp\/v2\/pages\/2784\/revisions\/2797"}],"wp:attachment":[{"href":"https:\/\/rodrigosiqueirabatista.com\/en\/wp-json\/wp\/v2\/media?parent=2784"}],"curies":[{"name":"wp","href":"https:\/\/api.w.org\/{rel}","templated":true}]}}