{"id":1808,"date":"2022-02-19T18:47:38","date_gmt":"2022-02-19T18:47:38","guid":{"rendered":"https:\/\/rodrigosiqueirabatista.com\/?page_id=1808"},"modified":"2022-02-19T19:17:53","modified_gmt":"2022-02-19T19:17:53","slug":"caminhos-da-bioetica-iv","status":"publish","type":"page","link":"https:\/\/rodrigosiqueirabatista.com\/en\/caminhos-da-bioetica-iv\/","title":{"rendered":"Caminhos da Bio\u00e9tica IV"},"content":{"rendered":"<div data-elementor-type=\"wp-page\" data-elementor-id=\"1808\" class=\"elementor elementor-1808\" data-elementor-post-type=\"page\">\n\t\t\t\t\t\t<section class=\"elementor-section elementor-top-section elementor-element elementor-element-42d5a06 elementor-section-boxed elementor-section-height-default elementor-section-height-default\" data-id=\"42d5a06\" data-element_type=\"section\">\n\t\t\t\t\t\t<div class=\"elementor-container elementor-column-gap-default\">\n\t\t\t\t\t<div class=\"elementor-column elementor-col-50 elementor-top-column elementor-element elementor-element-c4203f5\" data-id=\"c4203f5\" data-element_type=\"column\">\n\t\t\t<div class=\"elementor-widget-wrap elementor-element-populated\">\n\t\t\t\t\t\t<div class=\"elementor-element elementor-element-f6440ce elementor-widget elementor-widget-image\" data-id=\"f6440ce\" data-element_type=\"widget\" data-widget_type=\"image.default\">\n\t\t\t\t<div class=\"elementor-widget-container\">\n\t\t\t\t\t\t\t\t\t\t\t\t\t\t\t<img fetchpriority=\"high\" decoding=\"async\" width=\"663\" height=\"1024\" src=\"https:\/\/rodrigosiqueirabatista.com\/wp-content\/uploads\/2022\/02\/Caminhos-da-Bioetica-IV-663x1024.png\" class=\"attachment-large size-large wp-image-1819\" alt=\"\" srcset=\"https:\/\/rodrigosiqueirabatista.com\/wp-content\/uploads\/2022\/02\/Caminhos-da-Bioetica-IV-663x1024.png 663w, https:\/\/rodrigosiqueirabatista.com\/wp-content\/uploads\/2022\/02\/Caminhos-da-Bioetica-IV-194x300.png 194w, https:\/\/rodrigosiqueirabatista.com\/wp-content\/uploads\/2022\/02\/Caminhos-da-Bioetica-IV-768x1187.png 768w, https:\/\/rodrigosiqueirabatista.com\/wp-content\/uploads\/2022\/02\/Caminhos-da-Bioetica-IV-994x1536.png 994w, https:\/\/rodrigosiqueirabatista.com\/wp-content\/uploads\/2022\/02\/Caminhos-da-Bioetica-IV-1325x2048.png 1325w, https:\/\/rodrigosiqueirabatista.com\/wp-content\/uploads\/2022\/02\/Caminhos-da-Bioetica-IV-8x12.png 8w, https:\/\/rodrigosiqueirabatista.com\/wp-content\/uploads\/2022\/02\/Caminhos-da-Bioetica-IV-1568x2423.png 1568w, https:\/\/rodrigosiqueirabatista.com\/wp-content\/uploads\/2022\/02\/Caminhos-da-Bioetica-IV.png 1650w\" sizes=\"(max-width: 663px) 100vw, 663px\" style=\"width:100%;height:154.55%;max-width:1650px\" \/>\t\t\t\t\t\t\t\t\t\t\t\t\t\t\t<\/div>\n\t\t\t\t<\/div>\n\t\t\t\t\t<\/div>\n\t\t<\/div>\n\t\t\t\t<div class=\"elementor-column elementor-col-50 elementor-top-column elementor-element elementor-element-001c91f\" data-id=\"001c91f\" data-element_type=\"column\">\n\t\t\t<div class=\"elementor-widget-wrap elementor-element-populated\">\n\t\t\t\t\t\t<div class=\"elementor-element elementor-element-19eda26 elementor-widget elementor-widget-heading\" data-id=\"19eda26\" data-element_type=\"widget\" data-widget_type=\"heading.default\">\n\t\t\t\t<div class=\"elementor-widget-container\">\n\t\t\t\t\t<h2 class=\"elementor-heading-title elementor-size-default\">Caminhos da Bio\u00e9tica IV<\/h2>\t\t\t\t<\/div>\n\t\t\t\t<\/div>\n\t\t\t\t<div class=\"elementor-element elementor-element-a6be417 elementor-widget-divider--view-line elementor-widget elementor-widget-divider\" data-id=\"a6be417\" data-element_type=\"widget\" data-widget_type=\"divider.default\">\n\t\t\t\t<div class=\"elementor-widget-container\">\n\t\t\t\t\t\t\t<div class=\"elementor-divider\">\n\t\t\t<span class=\"elementor-divider-separator\">\n\t\t\t\t\t\t<\/span>\n\t\t<\/div>\n\t\t\t\t\t\t<\/div>\n\t\t\t\t<\/div>\n\t\t\t\t<div class=\"elementor-element elementor-element-507995d elementor-widget elementor-widget-text-editor\" data-id=\"507995d\" data-element_type=\"widget\" data-widget_type=\"text-editor.default\">\n\t\t\t\t<div class=\"elementor-widget-container\">\n\t\t\t\t\t\t\t\t\t<p>CASTRO, J. C.; NIEMEYER-GUIMARAES, M.; SIQUEIRA-BATISTA, R. Caminhos da Bio\u00e9tica \u2013 Volume IV. 1\u00aa edi\u00e7\u00e3o. Teres\u00f3polis: Editora Unifeso, 2021.<\/p>\t\t\t\t\t\t\t\t<\/div>\n\t\t\t\t<\/div>\n\t\t\t\t<div class=\"elementor-element elementor-element-0be2bff elementor-widget elementor-widget-button\" data-id=\"0be2bff\" data-element_type=\"widget\" data-widget_type=\"button.default\">\n\t\t\t\t<div class=\"elementor-widget-container\">\n\t\t\t\t\t\t\t\t\t<div class=\"elementor-button-wrapper\">\n\t\t\t\t\t<a class=\"elementor-button elementor-button-link elementor-size-xs elementor-animation-shrink\" href=\"https:\/\/www.unifeso.edu.br\/editora\/pdf\/be9f3f675f0a00888ebfb6bb013701b8.pdf\">\n\t\t\t\t\t\t<span class=\"elementor-button-content-wrapper\">\n\t\t\t\t\t\t\t\t\t<span class=\"elementor-button-text\">Encontre aqui<\/span>\n\t\t\t\t\t<\/span>\n\t\t\t\t\t<\/a>\n\t\t\t\t<\/div>\n\t\t\t\t\t\t\t\t<\/div>\n\t\t\t\t<\/div>\n\t\t\t\t<div class=\"elementor-element elementor-element-89cc13a elementor-widget elementor-widget-text-editor\" data-id=\"89cc13a\" data-element_type=\"widget\" data-widget_type=\"text-editor.default\">\n\t\t\t\t<div class=\"elementor-widget-container\">\n\t\t\t\t\t\t\t\t\t<p style=\"text-align: left;\">\u201cChega-nos \u00e0s m\u00e3os mais um volume da S\u00e9rie Caminhos da Bio\u00e9tica. Trata-se da reuni\u00e3o de trabalhos de acad\u00eamicos e profissionais muit\u00edssimo engajados com o fazer de suas profiss\u00f5es, fortemente comprometidos com a consolida\u00e7\u00e3o dos saberes em seus campos de atua\u00e7\u00e3o e de pesquisa. A reputa\u00e7\u00e3o acad\u00eamica dos organizadores da S\u00e9rie, Jo\u00e3o Cardoso de Castro, M\u00e1rcio Niemeyer-Guimar\u00e3es e Rodrigo Siqueira-Batista, dispensa maiores coment\u00e1rios. S\u00e3o todos docentes de cursos de gradua\u00e7\u00e3o e p\u00f3s-gradua\u00e7\u00e3o em Bio\u00e9tica e com consolidada carreira na \u00e1rea\u201d.<\/p>\t\t\t\t\t\t\t\t<\/div>\n\t\t\t\t<\/div>\n\t\t\t\t<div class=\"elementor-element elementor-element-40e2f18 elementor-widget elementor-widget-text-editor\" data-id=\"40e2f18\" data-element_type=\"widget\" data-widget_type=\"text-editor.default\">\n\t\t\t\t<div class=\"elementor-widget-container\">\n\t\t\t\t\t\t\t\t\t<p>(Extra\u00eddo do pref\u00e1cio)<\/p>\t\t\t\t\t\t\t\t<\/div>\n\t\t\t\t<\/div>\n\t\t\t\t\t<\/div>\n\t\t<\/div>\n\t\t\t\t\t<\/div>\n\t\t<\/section>\n\t\t\t\t<\/div>","protected":false},"excerpt":{"rendered":"<p>Caminhos da Bio\u00e9tica IV CASTRO, J. C.; NIEMEYER-GUIMARAES, M.; SIQUEIRA-BATISTA, R. Caminhos da Bio\u00e9tica \u2013 Volume IV. 1\u00aa edi\u00e7\u00e3o. Teres\u00f3polis: Editora Unifeso, 2021. Encontre aqui \u201cChega-nos \u00e0s m\u00e3os mais um volume da S\u00e9rie Caminhos da Bio\u00e9tica. Trata-se da reuni\u00e3o de trabalhos de acad\u00eamicos e profissionais muit\u00edssimo engajados com o fazer de suas profiss\u00f5es, fortemente comprometidos&hellip; <a class=\"more-link\" href=\"https:\/\/rodrigosiqueirabatista.com\/en\/caminhos-da-bioetica-iv\/\">Continue reading <span class=\"screen-reader-text\">Caminhos da Bio\u00e9tica IV<\/span><\/a><\/p>","protected":false},"author":1,"featured_media":0,"parent":0,"menu_order":0,"comment_status":"closed","ping_status":"closed","template":"elementor_canvas","meta":{"footnotes":""},"class_list":["post-1808","page","type-page","status-publish","hentry","entry"],"_links":{"self":[{"href":"https:\/\/rodrigosiqueirabatista.com\/en\/wp-json\/wp\/v2\/pages\/1808","targetHints":{"allow":["GET"]}}],"collection":[{"href":"https:\/\/rodrigosiqueirabatista.com\/en\/wp-json\/wp\/v2\/pages"}],"about":[{"href":"https:\/\/rodrigosiqueirabatista.com\/en\/wp-json\/wp\/v2\/types\/page"}],"author":[{"embeddable":true,"href":"https:\/\/rodrigosiqueirabatista.com\/en\/wp-json\/wp\/v2\/users\/1"}],"replies":[{"embeddable":true,"href":"https:\/\/rodrigosiqueirabatista.com\/en\/wp-json\/wp\/v2\/comments?post=1808"}],"version-history":[{"count":25,"href":"https:\/\/rodrigosiqueirabatista.com\/en\/wp-json\/wp\/v2\/pages\/1808\/revisions"}],"predecessor-version":[{"id":1838,"href":"https:\/\/rodrigosiqueirabatista.com\/en\/wp-json\/wp\/v2\/pages\/1808\/revisions\/1838"}],"wp:attachment":[{"href":"https:\/\/rodrigosiqueirabatista.com\/en\/wp-json\/wp\/v2\/media?parent=1808"}],"curies":[{"name":"wp","href":"https:\/\/api.w.org\/{rel}","templated":true}]}}