{"id":1802,"date":"2022-02-19T18:37:27","date_gmt":"2022-02-19T18:37:27","guid":{"rendered":"https:\/\/rodrigosiqueirabatista.com\/?page_id=1802"},"modified":"2022-02-19T19:26:41","modified_gmt":"2022-02-19T19:26:41","slug":"caminhos-da-bioetica-iii","status":"publish","type":"page","link":"https:\/\/rodrigosiqueirabatista.com\/en\/caminhos-da-bioetica-iii\/","title":{"rendered":"Caminhos da Bio\u00e9tica III"},"content":{"rendered":"<div data-elementor-type=\"wp-page\" data-elementor-id=\"1802\" class=\"elementor elementor-1802\" data-elementor-post-type=\"page\">\n\t\t\t\t\t\t<section class=\"elementor-section elementor-top-section elementor-element elementor-element-42d5a06 elementor-section-boxed elementor-section-height-default elementor-section-height-default\" data-id=\"42d5a06\" data-element_type=\"section\">\n\t\t\t\t\t\t<div class=\"elementor-container elementor-column-gap-default\">\n\t\t\t\t\t<div class=\"elementor-column elementor-col-50 elementor-top-column elementor-element elementor-element-c4203f5\" data-id=\"c4203f5\" data-element_type=\"column\">\n\t\t\t<div class=\"elementor-widget-wrap elementor-element-populated\">\n\t\t\t\t\t\t<div class=\"elementor-element elementor-element-f6440ce elementor-widget elementor-widget-image\" data-id=\"f6440ce\" data-element_type=\"widget\" data-widget_type=\"image.default\">\n\t\t\t\t<div class=\"elementor-widget-container\">\n\t\t\t\t\t\t\t\t\t\t\t\t\t\t\t<img fetchpriority=\"high\" decoding=\"async\" width=\"527\" height=\"815\" src=\"https:\/\/rodrigosiqueirabatista.com\/wp-content\/uploads\/2021\/05\/1.jpg\" class=\"attachment-large size-large wp-image-291\" alt=\"\" srcset=\"https:\/\/rodrigosiqueirabatista.com\/wp-content\/uploads\/2021\/05\/1.jpg 527w, https:\/\/rodrigosiqueirabatista.com\/wp-content\/uploads\/2021\/05\/1-194x300.jpg 194w\" sizes=\"(max-width: 527px) 100vw, 527px\" style=\"width:100%;height:154.65%;max-width:527px\" \/>\t\t\t\t\t\t\t\t\t\t\t\t\t\t\t<\/div>\n\t\t\t\t<\/div>\n\t\t\t\t\t<\/div>\n\t\t<\/div>\n\t\t\t\t<div class=\"elementor-column elementor-col-50 elementor-top-column elementor-element elementor-element-001c91f\" data-id=\"001c91f\" data-element_type=\"column\">\n\t\t\t<div class=\"elementor-widget-wrap elementor-element-populated\">\n\t\t\t\t\t\t<div class=\"elementor-element elementor-element-19eda26 elementor-widget elementor-widget-heading\" data-id=\"19eda26\" data-element_type=\"widget\" data-widget_type=\"heading.default\">\n\t\t\t\t<div class=\"elementor-widget-container\">\n\t\t\t\t\t<h2 class=\"elementor-heading-title elementor-size-default\">Caminhos da Bio\u00e9tica III<\/h2>\t\t\t\t<\/div>\n\t\t\t\t<\/div>\n\t\t\t\t<div class=\"elementor-element elementor-element-a6be417 elementor-widget-divider--view-line elementor-widget elementor-widget-divider\" data-id=\"a6be417\" data-element_type=\"widget\" data-widget_type=\"divider.default\">\n\t\t\t\t<div class=\"elementor-widget-container\">\n\t\t\t\t\t\t\t<div class=\"elementor-divider\">\n\t\t\t<span class=\"elementor-divider-separator\">\n\t\t\t\t\t\t<\/span>\n\t\t<\/div>\n\t\t\t\t\t\t<\/div>\n\t\t\t\t<\/div>\n\t\t\t\t<div class=\"elementor-element elementor-element-507995d elementor-widget elementor-widget-text-editor\" data-id=\"507995d\" data-element_type=\"widget\" data-widget_type=\"text-editor.default\">\n\t\t\t\t<div class=\"elementor-widget-container\">\n\t\t\t\t\t\t\t\t\t<p>CASTRO, J. C.; NIEMEYER-GUIMARAES, M.; SIQUEIRA-BATISTA, R. Caminhos da Bio\u00e9tica &#8211; Volume III. 1\u00aa edi\u00e7\u00e3o. Teres\u00f3polis: Editora Unifeso, 2020.<\/p>\t\t\t\t\t\t\t\t<\/div>\n\t\t\t\t<\/div>\n\t\t\t\t<div class=\"elementor-element elementor-element-0be2bff elementor-widget elementor-widget-button\" data-id=\"0be2bff\" data-element_type=\"widget\" data-widget_type=\"button.default\">\n\t\t\t\t<div class=\"elementor-widget-container\">\n\t\t\t\t\t\t\t\t\t<div class=\"elementor-button-wrapper\">\n\t\t\t\t\t<a class=\"elementor-button elementor-button-link elementor-size-xs elementor-animation-shrink\" href=\"https:\/\/www.unifeso.edu.br\/editora\/pdf\/38f41d4ac12043752ee58c50749d3132.pdf\">\n\t\t\t\t\t\t<span class=\"elementor-button-content-wrapper\">\n\t\t\t\t\t\t\t\t\t<span class=\"elementor-button-text\">Encontre aqui<\/span>\n\t\t\t\t\t<\/span>\n\t\t\t\t\t<\/a>\n\t\t\t\t<\/div>\n\t\t\t\t\t\t\t\t<\/div>\n\t\t\t\t<\/div>\n\t\t\t\t<div class=\"elementor-element elementor-element-89cc13a elementor-widget elementor-widget-text-editor\" data-id=\"89cc13a\" data-element_type=\"widget\" data-widget_type=\"text-editor.default\">\n\t\t\t\t<div class=\"elementor-widget-container\">\n\t\t\t\t\t\t\t\t\t<p>\u201cEsta obra, Caminhos para a Bio\u00e9tica III, aborda com profundidade diferentes temas, com not\u00e1vel rigor t\u00e9cnico, mas tamb\u00e9m com a diversidade de opini\u00f5es que carateriza a sociedade plural e secular da atualidade. \u00c9, portanto, um privil\u00e9gio prefaciar um livro que, tenho a convic\u00e7\u00e3o, ser\u00e1 parte integrante de um movimento transformador da sociedade para um pleno desenvolvimento humano\u201d.<\/p>\t\t\t\t\t\t\t\t<\/div>\n\t\t\t\t<\/div>\n\t\t\t\t<div class=\"elementor-element elementor-element-40e2f18 elementor-widget elementor-widget-text-editor\" data-id=\"40e2f18\" data-element_type=\"widget\" data-widget_type=\"text-editor.default\">\n\t\t\t\t<div class=\"elementor-widget-container\">\n\t\t\t\t\t\t\t\t\t<p>(Adaptado do pref\u00e1cio do livro)<\/p>\t\t\t\t\t\t\t\t<\/div>\n\t\t\t\t<\/div>\n\t\t\t\t\t<\/div>\n\t\t<\/div>\n\t\t\t\t\t<\/div>\n\t\t<\/section>\n\t\t\t\t<\/div>","protected":false},"excerpt":{"rendered":"<p>Caminhos da Bio\u00e9tica III CASTRO, J. C.; NIEMEYER-GUIMARAES, M.; SIQUEIRA-BATISTA, R. Caminhos da Bio\u00e9tica &#8211; Volume III. 1\u00aa edi\u00e7\u00e3o. Teres\u00f3polis: Editora Unifeso, 2020. Encontre aqui \u201cEsta obra, Caminhos para a Bio\u00e9tica III, aborda com profundidade diferentes temas, com not\u00e1vel rigor t\u00e9cnico, mas tamb\u00e9m com a diversidade de opini\u00f5es que carateriza a sociedade plural e secular&hellip; <a class=\"more-link\" href=\"https:\/\/rodrigosiqueirabatista.com\/en\/caminhos-da-bioetica-iii\/\">Continue reading <span class=\"screen-reader-text\">Caminhos da Bio\u00e9tica III<\/span><\/a><\/p>","protected":false},"author":1,"featured_media":0,"parent":0,"menu_order":0,"comment_status":"closed","ping_status":"closed","template":"elementor_canvas","meta":{"footnotes":""},"class_list":["post-1802","page","type-page","status-publish","hentry","entry"],"_links":{"self":[{"href":"https:\/\/rodrigosiqueirabatista.com\/en\/wp-json\/wp\/v2\/pages\/1802","targetHints":{"allow":["GET"]}}],"collection":[{"href":"https:\/\/rodrigosiqueirabatista.com\/en\/wp-json\/wp\/v2\/pages"}],"about":[{"href":"https:\/\/rodrigosiqueirabatista.com\/en\/wp-json\/wp\/v2\/types\/page"}],"author":[{"embeddable":true,"href":"https:\/\/rodrigosiqueirabatista.com\/en\/wp-json\/wp\/v2\/users\/1"}],"replies":[{"embeddable":true,"href":"https:\/\/rodrigosiqueirabatista.com\/en\/wp-json\/wp\/v2\/comments?post=1802"}],"version-history":[{"count":10,"href":"https:\/\/rodrigosiqueirabatista.com\/en\/wp-json\/wp\/v2\/pages\/1802\/revisions"}],"predecessor-version":[{"id":1841,"href":"https:\/\/rodrigosiqueirabatista.com\/en\/wp-json\/wp\/v2\/pages\/1802\/revisions\/1841"}],"wp:attachment":[{"href":"https:\/\/rodrigosiqueirabatista.com\/en\/wp-json\/wp\/v2\/media?parent=1802"}],"curies":[{"name":"wp","href":"https:\/\/api.w.org\/{rel}","templated":true}]}}