{"id":16,"date":"2021-04-26T17:22:53","date_gmt":"2021-04-26T17:22:53","guid":{"rendered":"https:\/\/rodrigosiqueirabatista.com\/?page_id=16"},"modified":"2025-02-27T18:42:31","modified_gmt":"2025-02-27T21:42:31","slug":"biografia","status":"publish","type":"page","link":"https:\/\/rodrigosiqueirabatista.com\/en\/biografia\/","title":{"rendered":"Sobre"},"content":{"rendered":"<div data-elementor-type=\"wp-page\" data-elementor-id=\"16\" class=\"elementor elementor-16\" data-elementor-post-type=\"page\">\n\t\t\t\t\t\t<section class=\"elementor-section elementor-top-section elementor-element elementor-element-a7f481a elementor-section-height-min-height elementor-section-items-stretch elementor-section-boxed elementor-section-height-default\" data-id=\"a7f481a\" data-element_type=\"section\" data-settings=\"{&quot;background_background&quot;:&quot;video&quot;,&quot;background_video_link&quot;:&quot;https:\\\/\\\/youtu.be\\\/FZa7t0326WY&quot;}\">\n\t\t\t\t\t\t\t\t<div class=\"elementor-background-video-container elementor-hidden-mobile\" aria-hidden=\"true\">\n\t\t\t\t\t\t\t\t\t\t\t\t\t<div class=\"elementor-background-video-embed\"><\/div>\n\t\t\t\t\t\t\t\t\t\t\t\t<\/div>\n\t\t\t\t\t\t\t\t\t<div class=\"elementor-background-overlay\"><\/div>\n\t\t\t\t\t\t\t<div class=\"elementor-container elementor-column-gap-default\">\n\t\t\t\t\t<div class=\"elementor-column elementor-col-50 elementor-top-column elementor-element elementor-element-ec77a3d\" data-id=\"ec77a3d\" data-element_type=\"column\">\n\t\t\t<div class=\"elementor-widget-wrap elementor-element-populated\">\n\t\t\t\t\t\t<div class=\"elementor-element elementor-element-a6d7c7e elementor-widget elementor-widget-heading\" data-id=\"a6d7c7e\" data-element_type=\"widget\" data-widget_type=\"heading.default\">\n\t\t\t\t<div class=\"elementor-widget-container\">\n\t\t\t\t\t<h2 class=\"elementor-heading-title elementor-size-default\">Biography<\/h2>\t\t\t\t<\/div>\n\t\t\t\t<\/div>\n\t\t\t\t<div class=\"elementor-element elementor-element-f04fd73 elementor-widget-divider--view-line elementor-widget elementor-widget-divider\" data-id=\"f04fd73\" data-element_type=\"widget\" data-widget_type=\"divider.default\">\n\t\t\t\t<div class=\"elementor-widget-container\">\n\t\t\t\t\t\t\t<div class=\"elementor-divider\">\n\t\t\t<span class=\"elementor-divider-separator\">\n\t\t\t\t\t\t<\/span>\n\t\t<\/div>\n\t\t\t\t\t\t<\/div>\n\t\t\t\t<\/div>\n\t\t\t\t<div class=\"elementor-element elementor-element-ca482cd elementor-widget elementor-widget-text-editor\" data-id=\"ca482cd\" data-element_type=\"widget\" data-widget_type=\"text-editor.default\">\n\t\t\t\t<div class=\"elementor-widget-container\">\n\t\t\t\t\t\t\t\t\t<p class=\"translation-block\">Notes on intellectual trajectory \n(academic life and research interests)<\/p>\t\t\t\t\t\t\t\t<\/div>\n\t\t\t\t<\/div>\n\t\t\t\t\t<\/div>\n\t\t<\/div>\n\t\t\t\t<div class=\"elementor-column elementor-col-50 elementor-top-column elementor-element elementor-element-9152e2e\" data-id=\"9152e2e\" data-element_type=\"column\" data-settings=\"{&quot;background_background&quot;:&quot;classic&quot;}\">\n\t\t\t<div class=\"elementor-widget-wrap\">\n\t\t\t\t\t\t\t<\/div>\n\t\t<\/div>\n\t\t\t\t\t<\/div>\n\t\t<\/section>\n\t\t\t\t<section class=\"elementor-section elementor-top-section elementor-element elementor-element-6722429 elementor-section-boxed elementor-section-height-default elementor-section-height-default\" data-id=\"6722429\" data-element_type=\"section\">\n\t\t\t\t\t\t<div class=\"elementor-container elementor-column-gap-default\">\n\t\t\t\t\t<div class=\"elementor-column elementor-col-100 elementor-top-column elementor-element elementor-element-40f9e0c\" data-id=\"40f9e0c\" data-element_type=\"column\">\n\t\t\t<div class=\"elementor-widget-wrap elementor-element-populated\">\n\t\t\t\t\t\t<div class=\"elementor-element elementor-element-feba4f8 elementor-widget elementor-widget-text-editor\" data-id=\"feba4f8\" data-element_type=\"widget\" data-widget_type=\"text-editor.default\">\n\t\t\t\t<div class=\"elementor-widget-container\">\n\t\t\t\t\t\t\t\t\t<p>Born in Rio de Janeiro on September 6th, 1971. Son of Evanir (<em>in memoriam<\/em>) and Argemiro, he is married to Andr\u00e9ia and father of Gabriel and Beatriz and grandfather of Tom\u00e1s, \"his\" monads. Romulo is his 'Mano Velho' (\u201cDear Brother\u201d) and L\u00edvia his dear niece. He likes music, especially Pink Floyd, Beethoven and Legi\u00e3o Urbana; literature, with emphasis on Dostoevsky, Saramago, Fitzgerald and Guimar\u00e3es Rosa; cinema, particularly SciFi and the essential work of Bergman; painting, in particular Van Gogh, Frida Kahlo and Kandinsky. Plato is \"his\" favorite philosopher, but he also flirts with Sextus Empiricus, Hume, Kant, Russell, and Feyerabend. In mathematics, he appreciates Archimedes, Hypatia and Emmy Noether. Agnostic, friend of skepticism (philosophical) and anarchist (political and epistemological), Shivam Yoga instructor and admirer of Zen, he enjoys hiking in the mountains and swimming in the sea.<\/p>\t\t\t\t\t\t\t\t<\/div>\n\t\t\t\t<\/div>\n\t\t\t\t<div class=\"elementor-element elementor-element-d13d059 elementor-widget elementor-widget-text-editor\" data-id=\"d13d059\" data-element_type=\"widget\" data-widget_type=\"text-editor.default\">\n\t\t\t\t<div class=\"elementor-widget-container\">\n\t\t\t\t\t\t\t\t\t<p><strong>Academic Trajectory<\/strong><\/p>\t\t\t\t\t\t\t\t<\/div>\n\t\t\t\t<\/div>\n\t\t\t\t<div class=\"elementor-element elementor-element-b468ce4 elementor-widget elementor-widget-text-editor\" data-id=\"b468ce4\" data-element_type=\"widget\" data-widget_type=\"text-editor.default\">\n\t\t\t\t<div class=\"elementor-widget-container\">\n\t\t\t\t\t\t\t\t\t<p>Graduated in Medicine, State University of Rio de Janeiro (Universidade do Estado do Rio de Janeiro).<br \/>Graduated in Philosophy, State University of Rio de Janeiro (Universidade do Estado do Rio de Janeiro).<br \/>Graduated in Mathematics (graduated and bachelor\u2019s degree), Est\u00e1cio de S\u00e1 University (Universidade Est\u00e1cio de S\u00e1).<br \/>Specialist (medical residency) in Infectious and Parasitic Diseases, Federal University of Rio de Janeiro (Universidade Federal do Rio de Janeiro).<br \/>Specialist in Activation of Change Processe in Higher Education of Health Professionals, Oswaldo Cruz Foundation (Funda\u00e7\u00e3o Oswaldo Cruz).<br \/>Specialist in Marine Biology and Oceanography, Maria Thereza Faculty (Faculdade Maria Thereza).<br \/>Specialist in Astronomy (emphasis on Planetology), Faculty of Governance, Engineering and Education of S\u00e3o Paulo (Faculdade de Governan\u00e7a, Engenharia e Educa\u00e7\u00e3o de S\u00e3o Paulo).<br \/>Master in Medicine (Infectious and Parasitic Diseases), Federal University of Rio de Janeiro (Universidade Federal do Rio de Janeiro).<br \/>Master in Philosophy, Pontifical Catholic University of Rio de Janeiro (Pontif\u00edcia Universidade Cat\u00f3lica do Rio de Janeiro).<br \/>Doctor of Science, Oswaldo Cruz Foundation (Funda\u00e7\u00e3o Oswaldo Cruz). <br \/>Postdoctoral internship at the High Energy Experimental Physics Laboratory, Brazilian Center for Physics Research (Centro Brasileiro de Pesquisas F\u00edsicas).<br \/>Postdoctoral internship at the Department of Ecology of the Biology Institute, Federal University of Rio de Janeiro (Universidade Federal do Rio de Janeiro).<\/p><p>Postdoctoral internship at Centro de Astrobiologi\u0301a (associated to NASA Astrobiology Program), Instituto Nacional de Te\u0301cnica Aeroespacial,\u00a0Spain.<\/p>\t\t\t\t\t\t\t\t<\/div>\n\t\t\t\t<\/div>\n\t\t\t\t<div class=\"elementor-element elementor-element-0c4d03f elementor-widget elementor-widget-text-editor\" data-id=\"0c4d03f\" data-element_type=\"widget\" data-widget_type=\"text-editor.default\">\n\t\t\t\t<div class=\"elementor-widget-container\">\n\t\t\t\t\t\t\t\t\t<p><strong>Current activities<\/strong><\/p>\t\t\t\t\t\t\t\t<\/div>\n\t\t\t\t<\/div>\n\t\t\t\t<div class=\"elementor-element elementor-element-c6f6269 elementor-widget elementor-widget-text-editor\" data-id=\"c6f6269\" data-element_type=\"widget\" data-widget_type=\"text-editor.default\">\n\t\t\t\t<div class=\"elementor-widget-container\">\n\t\t\t\t\t\t\t\t\t<p>Full Professor at Universidade Federal de Vi\u00e7osa.<\/p><p>Full Professor at the Faculdade Din\u00e2mica do Vale do Piranga.<\/p><p>Permanent professor of postgraduate programs (stricto sensu):<\/p><p>Bioethics, Applied Ethics and Public Health at the Federal University of Rio de Janeiro  (Universidade Federal do Rio de Janeiro)<\/p><p>Health and Environmental Sciences Teaching at Faculdade Din\u00e2mica do Vale do Piranga<\/p><p>Research Productivity Scholarship from the National Council for Scientific and Technological Development (Conselho Nacional de Desenvolvimento Cient\u00edfico e Tecnol\u00f3gico) (Level 2)<\/p><p>Membership of the Steering Committee, Brazil \/ Rio de Janeiro Bioethics Unit of the International Network of the UNESCO Chair in Bioethics (Haifa) at the Escola Nacional de Sa\u00fade P\u00fablica S\u00e9rgio Arouca<\/p><p>Membership of the Space &amp; Extreme Environment Research Center<\/p><p>BraiNNIAC Network Coordinator.<\/p>\t\t\t\t\t\t\t\t<\/div>\n\t\t\t\t<\/div>\n\t\t\t\t<div class=\"elementor-element elementor-element-12c11d0 elementor-widget elementor-widget-text-editor\" data-id=\"12c11d0\" data-element_type=\"widget\" data-widget_type=\"text-editor.default\">\n\t\t\t\t<div class=\"elementor-widget-container\">\n\t\t\t\t\t\t\t\t\t<p><strong>Main topics of study<\/strong><\/p>\t\t\t\t\t\t\t\t<\/div>\n\t\t\t\t<\/div>\n\t\t\t\t<section class=\"elementor-section elementor-inner-section elementor-element elementor-element-9076ccc elementor-section-boxed elementor-section-height-default elementor-section-height-default\" data-id=\"9076ccc\" data-element_type=\"section\">\n\t\t\t\t\t\t<div class=\"elementor-container elementor-column-gap-default\">\n\t\t\t\t\t<div class=\"elementor-column elementor-col-50 elementor-inner-column elementor-element elementor-element-6770e09\" data-id=\"6770e09\" data-element_type=\"column\">\n\t\t\t<div class=\"elementor-widget-wrap elementor-element-populated\">\n\t\t\t\t\t\t<div class=\"elementor-element elementor-element-9f9f57a elementor-widget elementor-widget-text-editor\" data-id=\"9f9f57a\" data-element_type=\"widget\" data-widget_type=\"text-editor.default\">\n\t\t\t\t<div class=\"elementor-widget-container\">\n\t\t\t\t\t\t\t\t\t<p>\u2013 Accidents by venomous and poisonous animals<br \/>\u2013 Ancient philosophy<br \/>\u2013 Artificial intelligence<br \/>\u2013 Bioethics<br \/>\u2013 Brazilian literature<br \/>\u2013 Education<br \/>\u2013 Marine biology<br \/>\u2013 Oriental thought<br \/>\u2013 Russian literature<\/p>\t\t\t\t\t\t\t\t<\/div>\n\t\t\t\t<\/div>\n\t\t\t\t\t<\/div>\n\t\t<\/div>\n\t\t\t\t<div class=\"elementor-column elementor-col-50 elementor-inner-column elementor-element elementor-element-af8f5eb\" data-id=\"af8f5eb\" data-element_type=\"column\">\n\t\t\t<div class=\"elementor-widget-wrap elementor-element-populated\">\n\t\t\t\t\t\t<div class=\"elementor-element elementor-element-ba9b499 elementor-widget elementor-widget-text-editor\" data-id=\"ba9b499\" data-element_type=\"widget\" data-widget_type=\"text-editor.default\">\n\t\t\t\t<div class=\"elementor-widget-container\">\n\t\t\t\t\t\t\t\t\t<p>\u2013 Anarchisms<br \/>\u2013 Antimicrobials<br \/>\u2013 Astrobiology<br \/>\u2013 Black holes<\/p><p>\u2013 Cinema<br \/>\u2013 Greek mythology<br \/>\u2013 Neurosciences<br \/>\u2013 Quantum physics<br \/>\u2013 Skepticisms<\/p>\t\t\t\t\t\t\t\t<\/div>\n\t\t\t\t<\/div>\n\t\t\t\t\t<\/div>\n\t\t<\/div>\n\t\t\t\t\t<\/div>\n\t\t<\/section>\n\t\t\t\t<div class=\"elementor-element elementor-element-cb2b2eb elementor-widget elementor-widget-text-editor\" data-id=\"cb2b2eb\" data-element_type=\"widget\" data-widget_type=\"text-editor.default\">\n\t\t\t\t<div class=\"elementor-widget-container\">\n\t\t\t\t\t\t\t\t\t<p><strong>Theoretical contribution<\/strong><\/p>\t\t\t\t\t\t\t\t<\/div>\n\t\t\t\t<\/div>\n\t\t\t\t<div class=\"elementor-element elementor-element-51f007a elementor-widget elementor-widget-text-editor\" data-id=\"51f007a\" data-element_type=\"widget\" data-widget_type=\"text-editor.default\">\n\t\t\t\t<div class=\"elementor-widget-container\">\n\t\t\t\t\t\t\t\t\t<p>- (Bio)ethics for all beings<\/p><p>\u2013 Autopsicobots: artificial people<\/p>\t\t\t\t\t\t\t\t<\/div>\n\t\t\t\t<\/div>\n\t\t\t\t\t<\/div>\n\t\t<\/div>\n\t\t\t\t\t<\/div>\n\t\t<\/section>\n\t\t\t\t<\/div>","protected":false},"excerpt":{"rendered":"<p>Biografia Notas sobre a trajet\u00f3ria intelectual(vida acad\u00eamica e interesses de pesquisa) Carioca, nascido em 6 de setembro de 1971. Filho de Evanir (in memoriam) e de Argemiro, \u00e9 casado com Andr\u00e9ia, pai de Gabriel e Beatriz e av\u00f4 de Tom\u00e1s, \u201csuas\u201d m\u00f4nadas. Romulo \u00e9 seu \u2018Mano Velho\u2019 e L\u00edvia sua sobrinha querida. Gosta de m\u00fasica,&hellip; <a class=\"more-link\" href=\"https:\/\/rodrigosiqueirabatista.com\/en\/biografia\/\">Continue reading <span class=\"screen-reader-text\">Sobre<\/span><\/a><\/p>","protected":false},"author":1,"featured_media":0,"parent":0,"menu_order":0,"comment_status":"closed","ping_status":"closed","template":"elementor_canvas","meta":{"footnotes":""},"class_list":["post-16","page","type-page","status-publish","hentry","entry"],"_links":{"self":[{"href":"https:\/\/rodrigosiqueirabatista.com\/en\/wp-json\/wp\/v2\/pages\/16","targetHints":{"allow":["GET"]}}],"collection":[{"href":"https:\/\/rodrigosiqueirabatista.com\/en\/wp-json\/wp\/v2\/pages"}],"about":[{"href":"https:\/\/rodrigosiqueirabatista.com\/en\/wp-json\/wp\/v2\/types\/page"}],"author":[{"embeddable":true,"href":"https:\/\/rodrigosiqueirabatista.com\/en\/wp-json\/wp\/v2\/users\/1"}],"replies":[{"embeddable":true,"href":"https:\/\/rodrigosiqueirabatista.com\/en\/wp-json\/wp\/v2\/comments?post=16"}],"version-history":[{"count":98,"href":"https:\/\/rodrigosiqueirabatista.com\/en\/wp-json\/wp\/v2\/pages\/16\/revisions"}],"predecessor-version":[{"id":2979,"href":"https:\/\/rodrigosiqueirabatista.com\/en\/wp-json\/wp\/v2\/pages\/16\/revisions\/2979"}],"wp:attachment":[{"href":"https:\/\/rodrigosiqueirabatista.com\/en\/wp-json\/wp\/v2\/media?parent=16"}],"curies":[{"name":"wp","href":"https:\/\/api.w.org\/{rel}","templated":true}]}}